{"id":13119,"date":"2025-06-02T10:58:02","date_gmt":"2025-06-02T14:58:02","guid":{"rendered":"https:\/\/www.tbwebsitedesign.com\/historias-de-exito-excelencia-probada-en-el-diseno-de-sitios-web-en-tampa-bay\/diseno-personalizado-de-bordes-tropicales-para-fibra-tropical\/"},"modified":"2025-06-02T11:28:39","modified_gmt":"2025-06-02T15:28:39","slug":"diseno-personalizado-de-bordes-tropicales-para-fibra-tropical","status":"publish","type":"page","link":"https:\/\/www.tbwebsitedesign.com\/es\/historias-de-exito-excelencia-probada-en-el-diseno-de-sitios-web-en-tampa-bay\/diseno-personalizado-de-bordes-tropicales-para-fibra-tropical\/","title":{"rendered":"Dise\u00f1o personalizado de bordes tropicales para fibra tropical"},"content":{"rendered":"<div class=\"gb-container gb-container-6bff6dc5\">\n<div class=\"gb-container gb-container-e5987bb8\">\n<div class=\"gb-container gb-container-1441dfeb\">\n\n<h1 class=\"gb-headline gb-headline-1f9858a2 gb-headline-text\">Crear dise\u00f1os web audaces y a medida para la fibra tropical<\/h1>\n\n<\/div>\n\n<div class=\"gb-container gb-container-4dd437bb\">\n\n<figure class=\"wp-block-image size-large\"><img decoding=\"async\" width=\"1024\" height=\"528\" src=\"https:\/\/www.tbwebsitedesign.com\/wp-content\/uploads\/2025\/06\/tropical-fiber-website-with-tropial-border-designed-by-tampa-bay-website-design-1-1024x528.png\" alt=\"\" class=\"wp-image-13128\" srcset=\"https:\/\/www.tbwebsitedesign.com\/wp-content\/uploads\/2025\/06\/tropical-fiber-website-with-tropial-border-designed-by-tampa-bay-website-design-1-1024x528.png 1024w, https:\/\/www.tbwebsitedesign.com\/wp-content\/uploads\/2025\/06\/tropical-fiber-website-with-tropial-border-designed-by-tampa-bay-website-design-1-300x155.png 300w, https:\/\/www.tbwebsitedesign.com\/wp-content\/uploads\/2025\/06\/tropical-fiber-website-with-tropial-border-designed-by-tampa-bay-website-design-1-768x396.png 768w, https:\/\/www.tbwebsitedesign.com\/wp-content\/uploads\/2025\/06\/tropical-fiber-website-with-tropial-border-designed-by-tampa-bay-website-design-1-1536x792.png 1536w, https:\/\/www.tbwebsitedesign.com\/wp-content\/uploads\/2025\/06\/tropical-fiber-website-with-tropial-border-designed-by-tampa-bay-website-design-1.png 1920w\" sizes=\"(max-width: 1024px) 100vw, 1024px\" \/><\/figure>\n\n<\/div>\n<\/div>\n<\/div><div class=\"gb-container gb-container-906045d0\">\n<div class=\"gb-container gb-container-ba6b213d\">\n\n<div class=\"wp-block-media-text\" style=\"grid-template-columns:15% auto\"><figure class=\"wp-block-media-text__media\"><a href=\"https:\/\/www.junafinancial.com\" target=\"_blank\" rel=\"noreferrer noopener\"><img decoding=\"async\" width=\"1024\" height=\"1024\" src=\"https:\/\/www.tbwebsitedesign.com\/wp-content\/uploads\/2025\/06\/LOGO-CHECKER-BACK-FADE-TEXT-1024x1024.png\" alt=\"\" class=\"wp-image-13114 size-full\"\/><\/a><\/figure><div class=\"wp-block-media-text__content\">\n<h2 class=\"gb-headline gb-headline-ddb527d3 gb-headline-text\">Visi\u00f3n general del cliente: Fibra Tropical<\/h2>\n\n\n\n<p>Nuevo redise\u00f1o del sitio web: <strong><a href=\"https:\/\/tropicalfiber.com\/\" data-type=\"link\" data-id=\"https:\/\/tropicalfiber.com\/\" target=\"_blank\" rel=\"noreferrer noopener\"><mark style=\"background-color:rgba(0, 0, 0, 0)\" class=\"has-inline-color has-accent-2-color\">TropicalFiber.com<\/mark><\/a><\/strong><\/p>\n<\/div><\/div>\n\n\n\n<p class=\"gb-headline gb-headline-678a8258 gb-headline-text\">En Tampa Bay Website Design, nos encanta hacer realidad ideas \u00fanicas. Recientemente, nuestro cliente Tropical Fiber acudi\u00f3 a nosotros con una petici\u00f3n concreta: quer\u00edan un sitio web visualmente atractivo con un borde tropical que captara el vibrante ambiente de su marca. Nos zambullimos de lleno en el proyecto, dise\u00f1ando un sitio que reflejara su identidad en cada detalle.<\/p>\n\n\n\n<p>Escuchar las necesidades de tu marca<\/p>\n\n\n\n<p>La historia de cada empresa es \u00fanica, y tu sitio web debe reflejarlo. Tropical Fiber expres\u00f3 su deseo de un borde tropical que sumergiera visualmente a los visitantes en el tema de su marca. No se trataba s\u00f3lo de una elecci\u00f3n de dise\u00f1o; era una forma de conectar su presencia digital con sus productos y valores.<\/p>\n\n\n\n<p>Nuestro enfoque comenz\u00f3 con la colaboraci\u00f3n. Nos tomamos el tiempo necesario para comprender su visi\u00f3n, su p\u00fablico y las emociones que quer\u00edan que evocara su sitio web. Este proceso garantiz\u00f3 que pudi\u00e9ramos ofrecer un dise\u00f1o adaptado espec\u00edficamente a sus objetivos.<\/p>\n\n\n\n<h2 class=\"wp-block-heading\">Dise\u00f1ar para el impacto<\/h2>\n\n\n\n<p>El borde tropical que creamos para Tropical Fiber combina colores vivos, elementos naturales y transiciones fluidas que atraen a los usuarios. Cada detalle se elabor\u00f3 con precisi\u00f3n. Nuestro objetivo era crear un borde que no fuera s\u00f3lo decorativo, sino funcional para guiar la mirada del espectador por el sitio web.  <\/p>\n\n\n\n<p>El resultado final es vibrante, fresco e inconfundiblemente acorde con la marca. No es s\u00f3lo un sitio web; es una experiencia que refleja el ADN de Tropical Fiber. <\/p>\n\n\n\n<h2 class=\"wp-block-heading\">Por qu\u00e9 es importante el dise\u00f1o personalizado<\/h2>\n\n\n\n<p>Tu sitio web es a menudo la primera interacci\u00f3n que los clientes tienen con tu empresa. Es tu oportunidad de causar una fuerte primera impresi\u00f3n y comunicar lo que es tu marca. Un dise\u00f1o de molde simplemente no puede conseguirlo.  <\/p>\n\n\n\n<ul class=\"wp-block-list\">\n<li><strong>Autenticidad<\/strong> &#8211; Los dise\u00f1os personalizados permiten que brille tu historia \u00fanica.<\/li>\n\n\n\n<li><strong>Compromiso<\/strong> &#8211; Los dise\u00f1os a medida captan la atenci\u00f3n y la mantienen.<\/li>\n\n\n\n<li><strong>Funcionalidad<\/strong> &#8211; Un enfoque personalizado conduce a una mejor navegaci\u00f3n y usabilidad.<\/li>\n<\/ul>\n\n\n\n<p>El sitio web de Tropical Fiber ejemplifica c\u00f3mo un dise\u00f1o personalizado puede elevar la presencia online de una marca. Cuando tu sitio web se alinea perfectamente con tu identidad, se convierte en una poderosa herramienta para crear conexiones y fidelizar a tu p\u00fablico. <\/p>\n\n\n\n<h2 class=\"wp-block-heading\">Comprueba t\u00fa mismo los resultados<\/h2>\n\n\n\n<p>El nuevo sitio web de Tropical Fiber ya est\u00e1 en funcionamiento, y no podr\u00edamos estar m\u00e1s orgullosos del resultado. Visita <a href=\"https:\/\/tropicalfiber.com\/\" target=\"_blank\" rel=\"noreferrer noopener\"><strong><mark style=\"background-color:rgba(0, 0, 0, 0)\" class=\"has-inline-color has-accent-2-color\">tropicalfiber.com<\/mark><\/strong><\/a> y \u00e9chale un vistazo. <\/p>\n\n\n\n<p>Tanto si te atrae el vibrante borde tropical como el dise\u00f1o f\u00e1cil de usar, ver\u00e1s c\u00f3mo el dise\u00f1o y la funcionalidad trabajan juntos para crear una experiencia inolvidable.<\/p>\n\n\n\n<h2 class=\"wp-block-heading\">\u00bfPreparado para transformar tu sitio web?<\/h2>\n\n\n\n<p>En Tampa Bay Website Design, somos especialistas en convertir visiones en realidad. No importa la direcci\u00f3n que quieras tomar, nuestro equipo est\u00e1 aqu\u00ed para crear un sitio que sea tan \u00fanico como tu marca.<\/p>\n\n\n\n<p>Si est\u00e1s preparado para llevar tu presencia online al siguiente nivel, ponte en contacto con nosotros hoy mismo. Trabajaremos contigo para dise\u00f1ar un sitio web que no s\u00f3lo sea atractivo, sino que tambi\u00e9n genere resultados.<\/p>\n\n\n\n<p><strong>Tu marca se merece un sitio web que destaque. \u00bfEst\u00e1s preparado para hacerlo realidad? <\/strong><strong><a href=\"https:\/\/www.tbwebsitedesign.com\/es\/acerca-de-tampa-bay-website-design-empresa-lider-en-diseno-y-desarrollo-web\/\" data-type=\"page\" data-id=\"11837\"> <\/a><\/strong><\/p>\n\n<\/div>\n<\/div>","protected":false},"excerpt":{"rendered":"<p>Crear dise\u00f1os web audaces y a medida para la fibra tropical Visi\u00f3n general del cliente: Fibra Tropical Nuevo redise\u00f1o del sitio web: TropicalFiber.com En Tampa Bay Website Design, nos encanta hacer realidad ideas \u00fanicas. Recientemente, nuestro cliente Tropical Fiber acudi\u00f3 a nosotros con una petici\u00f3n concreta: quer\u00edan un sitio web visualmente atractivo con un borde &#8230; <\/p>\n<p class=\"read-more-container\"><a title=\"Dise\u00f1o personalizado de bordes tropicales para fibra tropical\" class=\"read-more button\" href=\"https:\/\/www.tbwebsitedesign.com\/es\/historias-de-exito-excelencia-probada-en-el-diseno-de-sitios-web-en-tampa-bay\/diseno-personalizado-de-bordes-tropicales-para-fibra-tropical\/#more-13119\" aria-label=\"Leer m\u00e1s sobre Dise\u00f1o personalizado de bordes tropicales para fibra tropical\">Leer m\u00e1s<\/a><\/p>\n","protected":false},"author":1,"featured_media":13117,"parent":12902,"menu_order":0,"comment_status":"closed","ping_status":"closed","template":"","meta":{"_seopress_robots_primary_cat":"","_seopress_titles_title":"Dise\u00f1o Web a Medida Frontera Tropical | Dise\u00f1o Web Bah\u00eda de Tampa","_seopress_titles_desc":"Descubre c\u00f3mo Tampa Bay Website Design cre\u00f3 un borde vibrante y tropical para el sitio web de Tropical Fiber. Consigue un dise\u00f1o personalizado que refleje tu marca. \u00a1Ponte en contacto con nosotros hoy mismo!","_seopress_robots_index":"","footnotes":""},"class_list":{"0":"post-13119","1":"page","2":"type-page","3":"status-publish","4":"has-post-thumbnail","6":"infinite-scroll-item"},"_links":{"self":[{"href":"https:\/\/www.tbwebsitedesign.com\/es\/wp-json\/wp\/v2\/pages\/13119","targetHints":{"allow":["GET"]}}],"collection":[{"href":"https:\/\/www.tbwebsitedesign.com\/es\/wp-json\/wp\/v2\/pages"}],"about":[{"href":"https:\/\/www.tbwebsitedesign.com\/es\/wp-json\/wp\/v2\/types\/page"}],"author":[{"embeddable":true,"href":"https:\/\/www.tbwebsitedesign.com\/es\/wp-json\/wp\/v2\/users\/1"}],"replies":[{"embeddable":true,"href":"https:\/\/www.tbwebsitedesign.com\/es\/wp-json\/wp\/v2\/comments?post=13119"}],"version-history":[{"count":0,"href":"https:\/\/www.tbwebsitedesign.com\/es\/wp-json\/wp\/v2\/pages\/13119\/revisions"}],"up":[{"embeddable":true,"href":"https:\/\/www.tbwebsitedesign.com\/es\/wp-json\/wp\/v2\/pages\/12902"}],"wp:featuredmedia":[{"embeddable":true,"href":"https:\/\/www.tbwebsitedesign.com\/es\/wp-json\/wp\/v2\/media\/13117"}],"wp:attachment":[{"href":"https:\/\/www.tbwebsitedesign.com\/es\/wp-json\/wp\/v2\/media?parent=13119"}],"curies":[{"name":"wp","href":"https:\/\/api.w.org\/{rel}","templated":true}]}}