{"id":13005,"date":"2024-05-14T12:08:00","date_gmt":"2024-05-14T16:08:00","guid":{"rendered":"https:\/\/www.tbwebsitedesign.com\/2024-pride-photoshoot-contest-celebra-la-diversidad-y-vota-por-el-talento-tampa-bay-website-design\/"},"modified":"2024-07-12T10:22:19","modified_gmt":"2024-07-12T14:22:19","slug":"2024-pride-photoshoot-contest-celebra-la-diversidad-y-vota-por-el-talento-tampa-bay-website-design","status":"publish","type":"page","link":"https:\/\/www.tbwebsitedesign.com\/es\/2024-pride-photoshoot-contest-celebra-la-diversidad-y-vota-por-el-talento-tampa-bay-website-design\/","title":{"rendered":"2024 Pride Photoshoot Contest &#8211; Celebra la diversidad y vota por el talento | Tampa Bay Website Design"},"content":{"rendered":"<div class=\"gb-container gb-container-f7eecdb5\">\n<div class=\"gb-container gb-container-60ad3251\">\n<div class=\"gb-container gb-container-65a654c7\">\n\n<h1 class=\"gb-headline gb-headline-d4c0d84f gb-headline-text\"><span style=\"white-space: normal; font-family: sans-serif; letter-spacing: 1px; background-color: rgb(32, 32, 32); color: rgb(255, 0, 0);\">2<\/span><span style=\"white-space: normal; font-family: sans-serif; letter-spacing: 1px; background-color: rgb(32, 32, 32); color: rgb(255, 59, 0);\">0<\/span><span style=\"white-space: normal; font-family: sans-serif; letter-spacing: 1px; background-color: rgb(32, 32, 32); color: rgb(255, 118, 0);\">2<\/span><span style=\"white-space: normal; font-family: sans-serif; letter-spacing: 1px; background-color: rgb(32, 32, 32); color: rgb(255, 177, 0);\">4<\/span><span style=\"white-space: normal; caret-color: rgb(240, 240, 240); color: rgb(240, 240, 240); font-family: sans-serif; font-size: medium; letter-spacing: 1px; background-color: rgb(32, 32, 32);\">&nbsp;<\/span><span style=\"white-space: normal; font-family: sans-serif; letter-spacing: 1px; background-color: rgb(32, 32, 32); color: rgb(255, 235, 0);\">P<\/span><span style=\"white-space: normal; font-family: sans-serif; letter-spacing: 1px; background-color: rgb(32, 32, 32); color: rgb(216, 255, 0);\">r<\/span><span style=\"white-space: normal; font-family: sans-serif; letter-spacing: 1px; background-color: rgb(32, 32, 32); color: rgb(157, 255, 0);\">i<\/span><span style=\"white-space: normal; font-family: sans-serif; letter-spacing: 1px; background-color: rgb(32, 32, 32); color: rgb(98, 255, 0);\">d<\/span><span style=\"white-space: normal; font-family: sans-serif; letter-spacing: 1px; background-color: rgb(32, 32, 32); color: rgb(39, 255, 0);\">e<\/span><span style=\"white-space: normal; caret-color: rgb(240, 240, 240); color: rgb(240, 240, 240); font-family: sans-serif; font-size: medium; letter-spacing: 1px; background-color: rgb(32, 32, 32);\">&nbsp;<\/span><span style=\"white-space: normal; font-family: sans-serif; letter-spacing: 1px; background-color: rgb(32, 32, 32); color: rgb(0, 255, 20);\">P<\/span><span style=\"white-space: normal; font-family: sans-serif; letter-spacing: 1px; background-color: rgb(32, 32, 32); color: rgb(0, 255, 78);\">h<\/span><span style=\"white-space: normal; font-family: sans-serif; letter-spacing: 1px; background-color: rgb(32, 32, 32); color: rgb(0, 255, 137);\">o<\/span><span style=\"white-space: normal; font-family: sans-serif; letter-spacing: 1px; background-color: rgb(32, 32, 32); color: rgb(0, 255, 196);\">t<\/span><span style=\"white-space: normal; font-family: sans-serif; letter-spacing: 1px; background-color: rgb(32, 32, 32); color: rgb(0, 255, 255);\">o<\/span><span style=\"white-space: normal; font-family: sans-serif; letter-spacing: 1px; background-color: rgb(32, 32, 32); color: rgb(0, 196, 255);\">s<\/span><span style=\"white-space: normal; font-family: sans-serif; letter-spacing: 1px; background-color: rgb(32, 32, 32); color: rgb(0, 137, 255);\">h<\/span><span style=\"white-space: normal; font-family: sans-serif; letter-spacing: 1px; background-color: rgb(32, 32, 32); color: rgb(0, 78, 255);\">o<\/span><span style=\"white-space: normal; font-family: sans-serif; letter-spacing: 1px; background-color: rgb(32, 32, 32); color: rgb(0, 20, 255);\">o<\/span><span style=\"white-space: normal; font-family: sans-serif; letter-spacing: 1px; background-color: rgb(32, 32, 32); color: rgb(39, 0, 255);\">t<\/span><span style=\"white-space: normal; caret-color: rgb(240, 240, 240); color: rgb(240, 240, 240); font-family: sans-serif; font-size: medium; letter-spacing: 1px; background-color: rgb(32, 32, 32);\">&nbsp;<\/span><span style=\"white-space: normal; font-family: sans-serif; letter-spacing: 1px; background-color: rgb(32, 32, 32); color: rgb(98, 0, 255);\">C<\/span><span style=\"white-space: normal; font-family: sans-serif; letter-spacing: 1px; background-color: rgb(32, 32, 32); color: rgb(157, 0, 255);\">o<\/span><span style=\"white-space: normal; font-family: sans-serif; letter-spacing: 1px; background-color: rgb(32, 32, 32); color: rgb(216, 0, 255);\">n<\/span><span style=\"white-space: normal; font-family: sans-serif; letter-spacing: 1px; background-color: rgb(32, 32, 32); color: rgb(255, 0, 235);\">t<\/span><span style=\"white-space: normal; font-family: sans-serif; letter-spacing: 1px; background-color: rgb(32, 32, 32); color: rgb(255, 0, 177);\">e<\/span><span style=\"white-space: normal; font-family: sans-serif; letter-spacing: 1px; background-color: rgb(32, 32, 32); color: rgb(255, 0, 118);\">s<\/span><span style=\"white-space: normal; font-family: sans-serif; letter-spacing: 1px; background-color: rgb(32, 32, 32); color: rgb(255, 0, 59);\">t<\/span><\/h1>\n\n\n\n<p class=\"has-text-align-left has-base-3-color has-text-color has-link-color has-medium-font-size wp-elements-4fa9f17e1eace2e5c965fa6b247cba79\">En Tampa Bay Website Design, en colaboraci\u00f3n con <a href=\"https:\/\/www.facebook.com\/blackrosephotog\" data-type=\"link\" data-id=\"https:\/\/www.facebook.com\/blackrosephotog\" target=\"_blank\" rel=\"noreferrer noopener\">Black Rose Photography<\/a>, tenemos el honor de mostrar una colecci\u00f3n de artistas drag excepcionales a trav\u00e9s de nuestra iniciativa Pride Photoshoot. Este esfuerzo refleja nuestro compromiso de apoyar y celebrar la vibrante comunidad drag, proporcionando una plataforma para que estos artistas brillen.<\/p>\n\n\n\n<h2 class=\"gb-headline gb-headline-5a8bd6d6 gb-headline-text\"><strong>Celebrar la diversidad y la creatividad<\/strong><\/h2>\n\n\n\n<p class=\"has-text-align-left has-base-3-color has-text-color has-link-color has-medium-font-size wp-elements-ffed6aceb7cba7652f714f55622f811f\">Cada una de las ocho concursantes recibi\u00f3 una sesi\u00f3n de fotos gratuita, que capt\u00f3 la esencia del orgullo y la individualidad. Ahora, te invitamos a participar en la selecci\u00f3n del artista que mejor encarne el esp\u00edritu del orgullo. El ganador recibir\u00e1 un paquete de sitio web personalizado de Tampa Bay Website Design, valorado en 4.000 $, que mejorar\u00e1 su presencia digital e impulsar\u00e1 su carrera.<\/p>\n\n<\/div>\n<\/div>\n<\/div><div class=\"gb-container gb-container-95fecda0\">\n<div class=\"gb-container gb-container-6e4e2720\">\n<div class=\"gb-container gb-container-461b456e\">\n<div class=\"gb-grid-wrapper gb-grid-wrapper-7631e473\">\n<div class=\"gb-grid-column gb-grid-column-a366f661\"><div class=\"gb-container gb-container-a366f661\">\n\n<figure class=\"gb-block-image gb-block-image-885789c9\"><img decoding=\"async\" width=\"2400\" height=\"800\" class=\"gb-image gb-image-885789c9\" src=\"https:\/\/www.tbwebsitedesign.com\/wp-content\/uploads\/2024\/05\/2024-pride-drag-performer-contest.jpg\" alt=\"\" title=\"2024-pride-drag-performer-contest\" srcset=\"https:\/\/www.tbwebsitedesign.com\/wp-content\/uploads\/2024\/05\/2024-pride-drag-performer-contest.jpg 2400w, https:\/\/www.tbwebsitedesign.com\/wp-content\/uploads\/2024\/05\/2024-pride-drag-performer-contest-300x100.jpg 300w, https:\/\/www.tbwebsitedesign.com\/wp-content\/uploads\/2024\/05\/2024-pride-drag-performer-contest-1024x341.jpg 1024w, https:\/\/www.tbwebsitedesign.com\/wp-content\/uploads\/2024\/05\/2024-pride-drag-performer-contest-768x256.jpg 768w, https:\/\/www.tbwebsitedesign.com\/wp-content\/uploads\/2024\/05\/2024-pride-drag-performer-contest-1536x512.jpg 1536w, https:\/\/www.tbwebsitedesign.com\/wp-content\/uploads\/2024\/05\/2024-pride-drag-performer-contest-2048x683.jpg 2048w\" sizes=\"(max-width: 2400px) 100vw, 2400px\" \/><\/figure>\n\n<\/div><\/div>\n<\/div>\n<\/div>\n<\/div>\n\n<div class=\"gb-container gb-container-9e9b37ce\">\n\n<h2 class=\"gb-headline gb-headline-0b5e049e gb-headline-text\"><strong> <\/strong>Conoce a los concursantes<\/h2>\n\n\n\n<p class=\"has-text-align-left has-medium-font-size\">(En orden de sesi\u00f3n de fotos)<\/p>\n\n\n\n<p class=\"has-text-align-left has-medium-font-size\">Cr\u00e9dito de la foto: <a href=\"https:\/\/www.facebook.com\/blackrosephotog\" data-type=\"link\" data-id=\"https:\/\/www.facebook.com\/blackrosephotog\" target=\"_blank\" rel=\"noreferrer noopener\">\n  <strong>Black Rose Photography<\/strong>\n<\/a><\/p>\n\n\n<div class=\"gb-container gb-container-5c04c093\">\n<div class=\"gb-grid-wrapper gb-grid-wrapper-4f9434b3\">\n<div class=\"gb-grid-column gb-grid-column-b15d9dd7\"><div class=\"gb-container gb-container-b15d9dd7\">\n\n<h3 class=\"gb-headline gb-headline-75ca3d54 gb-headline-text\">1. Jaime el Rey Jackson<\/h3>\n\n\n\n<figure class=\"gb-block-image gb-block-image-7d7d49ac\"><img decoding=\"async\" width=\"1977\" height=\"1845\" class=\"gb-image gb-image-7d7d49ac\" src=\"https:\/\/www.tbwebsitedesign.com\/wp-content\/uploads\/2024\/05\/contestant-1-james-the-king-jackson-2024-drag-performer-contest-pride-photoshoot.jpg\" alt=\"\" title=\"concursante-1-james-el-king-jackson-2024-drag-performer-contest-pride-photoshoot\" srcset=\"https:\/\/www.tbwebsitedesign.com\/wp-content\/uploads\/2024\/05\/contestant-1-james-the-king-jackson-2024-drag-performer-contest-pride-photoshoot.jpg 1977w, https:\/\/www.tbwebsitedesign.com\/wp-content\/uploads\/2024\/05\/contestant-1-james-the-king-jackson-2024-drag-performer-contest-pride-photoshoot-300x280.jpg 300w, https:\/\/www.tbwebsitedesign.com\/wp-content\/uploads\/2024\/05\/contestant-1-james-the-king-jackson-2024-drag-performer-contest-pride-photoshoot-1024x956.jpg 1024w, https:\/\/www.tbwebsitedesign.com\/wp-content\/uploads\/2024\/05\/contestant-1-james-the-king-jackson-2024-drag-performer-contest-pride-photoshoot-768x717.jpg 768w, https:\/\/www.tbwebsitedesign.com\/wp-content\/uploads\/2024\/05\/contestant-1-james-the-king-jackson-2024-drag-performer-contest-pride-photoshoot-1536x1433.jpg 1536w\" sizes=\"(max-width: 1977px) 100vw, 1977px\" \/><\/figure>\n\n<\/div><\/div>\n\n<div class=\"gb-grid-column gb-grid-column-def5ce7d\"><div class=\"gb-container gb-container-def5ce7d\">\n\n<h3 class=\"gb-headline gb-headline-1718125c gb-headline-text\">2. Tres Latroy<\/h3>\n\n\n\n<figure class=\"gb-block-image gb-block-image-bd24638f\"><img decoding=\"async\" width=\"1977\" height=\"1845\" class=\"gb-image gb-image-bd24638f\" src=\"https:\/\/www.tbwebsitedesign.com\/wp-content\/uploads\/2024\/05\/contestant-2-trey-latroy-2024-drag-performer-contest-pride-photoshoot.jpg\" alt=\"\" title=\"concursante-2-trey-latroy-2024-drag-performer-contest-pride-photoshoot\" srcset=\"https:\/\/www.tbwebsitedesign.com\/wp-content\/uploads\/2024\/05\/contestant-2-trey-latroy-2024-drag-performer-contest-pride-photoshoot.jpg 1977w, https:\/\/www.tbwebsitedesign.com\/wp-content\/uploads\/2024\/05\/contestant-2-trey-latroy-2024-drag-performer-contest-pride-photoshoot-300x280.jpg 300w, https:\/\/www.tbwebsitedesign.com\/wp-content\/uploads\/2024\/05\/contestant-2-trey-latroy-2024-drag-performer-contest-pride-photoshoot-1024x956.jpg 1024w, https:\/\/www.tbwebsitedesign.com\/wp-content\/uploads\/2024\/05\/contestant-2-trey-latroy-2024-drag-performer-contest-pride-photoshoot-768x717.jpg 768w, https:\/\/www.tbwebsitedesign.com\/wp-content\/uploads\/2024\/05\/contestant-2-trey-latroy-2024-drag-performer-contest-pride-photoshoot-1536x1433.jpg 1536w\" sizes=\"(max-width: 1977px) 100vw, 1977px\" \/><\/figure>\n\n<\/div><\/div>\n<\/div>\n<\/div>\n\n<div class=\"gb-container gb-container-47f0318c\">\n<div class=\"gb-grid-wrapper gb-grid-wrapper-c1f6130c\">\n<div class=\"gb-grid-column gb-grid-column-656dc0ee\"><div class=\"gb-container gb-container-656dc0ee\">\n\n<h3 class=\"gb-headline gb-headline-2ae16f8f gb-headline-text\">3. James Cass<\/h3>\n\n\n\n<figure class=\"gb-block-image gb-block-image-49e77a34\"><img decoding=\"async\" width=\"1977\" height=\"1845\" class=\"gb-image gb-image-49e77a34\" src=\"https:\/\/www.tbwebsitedesign.com\/wp-content\/uploads\/2024\/05\/contestant-3-james-cass-2024-drag-performer-contest-pride-photoshoot.jpg\" alt=\"\" title=\"concursante-3-james-cass-2024-drag-performer-contest-pride-photoshoot\" srcset=\"https:\/\/www.tbwebsitedesign.com\/wp-content\/uploads\/2024\/05\/contestant-3-james-cass-2024-drag-performer-contest-pride-photoshoot.jpg 1977w, https:\/\/www.tbwebsitedesign.com\/wp-content\/uploads\/2024\/05\/contestant-3-james-cass-2024-drag-performer-contest-pride-photoshoot-300x280.jpg 300w, https:\/\/www.tbwebsitedesign.com\/wp-content\/uploads\/2024\/05\/contestant-3-james-cass-2024-drag-performer-contest-pride-photoshoot-1024x956.jpg 1024w, https:\/\/www.tbwebsitedesign.com\/wp-content\/uploads\/2024\/05\/contestant-3-james-cass-2024-drag-performer-contest-pride-photoshoot-768x717.jpg 768w, https:\/\/www.tbwebsitedesign.com\/wp-content\/uploads\/2024\/05\/contestant-3-james-cass-2024-drag-performer-contest-pride-photoshoot-1536x1433.jpg 1536w\" sizes=\"(max-width: 1977px) 100vw, 1977px\" \/><\/figure>\n\n<\/div><\/div>\n\n<div class=\"gb-grid-column gb-grid-column-d5bf2289\"><div class=\"gb-container gb-container-d5bf2289\">\n\n<h3 class=\"gb-headline gb-headline-562b80c6 gb-headline-text\">4. Phaedra E. Rose<\/h3>\n\n\n\n<figure class=\"gb-block-image gb-block-image-b876062e\"><img decoding=\"async\" width=\"1977\" height=\"1845\" class=\"gb-image gb-image-b876062e\" src=\"https:\/\/www.tbwebsitedesign.com\/wp-content\/uploads\/2024\/05\/contestant-4-phaedra-rose-2024-drag-performer-contest-pride-photoshoot.jpg\" alt=\"\" title=\"concursante-4-phaedra-rose-2024-drag-performer-contest-pride-photoshoot\" srcset=\"https:\/\/www.tbwebsitedesign.com\/wp-content\/uploads\/2024\/05\/contestant-4-phaedra-rose-2024-drag-performer-contest-pride-photoshoot.jpg 1977w, https:\/\/www.tbwebsitedesign.com\/wp-content\/uploads\/2024\/05\/contestant-4-phaedra-rose-2024-drag-performer-contest-pride-photoshoot-300x280.jpg 300w, https:\/\/www.tbwebsitedesign.com\/wp-content\/uploads\/2024\/05\/contestant-4-phaedra-rose-2024-drag-performer-contest-pride-photoshoot-1024x956.jpg 1024w, https:\/\/www.tbwebsitedesign.com\/wp-content\/uploads\/2024\/05\/contestant-4-phaedra-rose-2024-drag-performer-contest-pride-photoshoot-768x717.jpg 768w, https:\/\/www.tbwebsitedesign.com\/wp-content\/uploads\/2024\/05\/contestant-4-phaedra-rose-2024-drag-performer-contest-pride-photoshoot-1536x1433.jpg 1536w\" sizes=\"(max-width: 1977px) 100vw, 1977px\" \/><\/figure>\n\n<\/div><\/div>\n<\/div>\n<\/div>\n\n<div class=\"gb-container gb-container-56b94774\">\n<div class=\"gb-grid-wrapper gb-grid-wrapper-b91586bf\">\n<div class=\"gb-grid-column gb-grid-column-e381d585\"><div class=\"gb-container gb-container-e381d585\">\n\n<h3 class=\"gb-headline gb-headline-9bb05ede gb-headline-text\">5. Cora Halloway<\/h3>\n\n\n\n<figure class=\"gb-block-image gb-block-image-15634e12\"><img decoding=\"async\" width=\"1977\" height=\"1845\" class=\"gb-image gb-image-15634e12\" src=\"https:\/\/www.tbwebsitedesign.com\/wp-content\/uploads\/2024\/05\/contestant-5-cora-halloway-2024-drag-performer-contest-pride-photoshoot.jpg\" alt=\"\" title=\"contestant-5-cora-halloway-2024-drag-performer-contest-pride-photoshoot\" srcset=\"https:\/\/www.tbwebsitedesign.com\/wp-content\/uploads\/2024\/05\/contestant-5-cora-halloway-2024-drag-performer-contest-pride-photoshoot.jpg 1977w, https:\/\/www.tbwebsitedesign.com\/wp-content\/uploads\/2024\/05\/contestant-5-cora-halloway-2024-drag-performer-contest-pride-photoshoot-300x280.jpg 300w, https:\/\/www.tbwebsitedesign.com\/wp-content\/uploads\/2024\/05\/contestant-5-cora-halloway-2024-drag-performer-contest-pride-photoshoot-1024x956.jpg 1024w, https:\/\/www.tbwebsitedesign.com\/wp-content\/uploads\/2024\/05\/contestant-5-cora-halloway-2024-drag-performer-contest-pride-photoshoot-768x717.jpg 768w, https:\/\/www.tbwebsitedesign.com\/wp-content\/uploads\/2024\/05\/contestant-5-cora-halloway-2024-drag-performer-contest-pride-photoshoot-1536x1433.jpg 1536w\" sizes=\"(max-width: 1977px) 100vw, 1977px\" \/><\/figure>\n\n<\/div><\/div>\n\n<div class=\"gb-grid-column gb-grid-column-22fb13fd\"><div class=\"gb-container gb-container-22fb13fd\">\n\n<h3 class=\"gb-headline gb-headline-b777d29a gb-headline-text\">6. Nasir Amor<\/h3>\n\n\n\n<figure class=\"gb-block-image gb-block-image-687bf0f4\"><img decoding=\"async\" width=\"1977\" height=\"1845\" class=\"gb-image gb-image-687bf0f4\" src=\"https:\/\/www.tbwebsitedesign.com\/wp-content\/uploads\/2024\/05\/contestant-6-nasir-love-2024-drag-performer-contest-pride-photoshoot.jpg\" alt=\"\" title=\"concursante-6-nasir-love-2024-drag-performer-contest-pride-photoshoot\" srcset=\"https:\/\/www.tbwebsitedesign.com\/wp-content\/uploads\/2024\/05\/contestant-6-nasir-love-2024-drag-performer-contest-pride-photoshoot.jpg 1977w, https:\/\/www.tbwebsitedesign.com\/wp-content\/uploads\/2024\/05\/contestant-6-nasir-love-2024-drag-performer-contest-pride-photoshoot-300x280.jpg 300w, https:\/\/www.tbwebsitedesign.com\/wp-content\/uploads\/2024\/05\/contestant-6-nasir-love-2024-drag-performer-contest-pride-photoshoot-1024x956.jpg 1024w, https:\/\/www.tbwebsitedesign.com\/wp-content\/uploads\/2024\/05\/contestant-6-nasir-love-2024-drag-performer-contest-pride-photoshoot-768x717.jpg 768w, https:\/\/www.tbwebsitedesign.com\/wp-content\/uploads\/2024\/05\/contestant-6-nasir-love-2024-drag-performer-contest-pride-photoshoot-1536x1433.jpg 1536w\" sizes=\"(max-width: 1977px) 100vw, 1977px\" \/><\/figure>\n\n<\/div><\/div>\n<\/div>\n<\/div>\n\n<div class=\"gb-container gb-container-92249a90\">\n<div class=\"gb-grid-wrapper gb-grid-wrapper-adfd6fc7\">\n<div class=\"gb-grid-column gb-grid-column-ec94fc3c\"><div class=\"gb-container gb-container-ec94fc3c\">\n\n<h3 class=\"gb-headline gb-headline-66666b39 gb-headline-text\">7. LaDiamond Haze<\/h3>\n\n\n\n<figure class=\"gb-block-image gb-block-image-1481cc60\"><img decoding=\"async\" width=\"1977\" height=\"1845\" class=\"gb-image gb-image-1481cc60\" src=\"https:\/\/www.tbwebsitedesign.com\/wp-content\/uploads\/2024\/05\/contestant-7-ladiamond-haze-2024-drag-performer-contest-pride-photoshoot.jpg\" alt=\"\" title=\"concursante-7-ladiamond-haze-2024-drag-performer-contest-pride-photoshoot\" srcset=\"https:\/\/www.tbwebsitedesign.com\/wp-content\/uploads\/2024\/05\/contestant-7-ladiamond-haze-2024-drag-performer-contest-pride-photoshoot.jpg 1977w, https:\/\/www.tbwebsitedesign.com\/wp-content\/uploads\/2024\/05\/contestant-7-ladiamond-haze-2024-drag-performer-contest-pride-photoshoot-300x280.jpg 300w, https:\/\/www.tbwebsitedesign.com\/wp-content\/uploads\/2024\/05\/contestant-7-ladiamond-haze-2024-drag-performer-contest-pride-photoshoot-1024x956.jpg 1024w, https:\/\/www.tbwebsitedesign.com\/wp-content\/uploads\/2024\/05\/contestant-7-ladiamond-haze-2024-drag-performer-contest-pride-photoshoot-768x717.jpg 768w, https:\/\/www.tbwebsitedesign.com\/wp-content\/uploads\/2024\/05\/contestant-7-ladiamond-haze-2024-drag-performer-contest-pride-photoshoot-1536x1433.jpg 1536w\" sizes=\"(max-width: 1977px) 100vw, 1977px\" \/><\/figure>\n\n<\/div><\/div>\n\n<div class=\"gb-grid-column gb-grid-column-21c5d322\"><div class=\"gb-container gb-container-21c5d322\">\n\n<h3 class=\"gb-headline gb-headline-90952b65 gb-headline-text\">8. Sapphirah Cyte<\/h3>\n\n\n\n<figure class=\"gb-block-image gb-block-image-63f61803\"><img decoding=\"async\" width=\"1977\" height=\"1845\" class=\"gb-image gb-image-63f61803\" src=\"https:\/\/www.tbwebsitedesign.com\/wp-content\/uploads\/2024\/05\/contestant-8-sapphira-cyte-drag-performer-contest-pride-photoshoot.jpg\" alt=\"\" title=\"contestant-8-sapphira-cyte-drag-performer-contest-pride-photoshoot\" srcset=\"https:\/\/www.tbwebsitedesign.com\/wp-content\/uploads\/2024\/05\/contestant-8-sapphira-cyte-drag-performer-contest-pride-photoshoot.jpg 1977w, https:\/\/www.tbwebsitedesign.com\/wp-content\/uploads\/2024\/05\/contestant-8-sapphira-cyte-drag-performer-contest-pride-photoshoot-300x280.jpg 300w, https:\/\/www.tbwebsitedesign.com\/wp-content\/uploads\/2024\/05\/contestant-8-sapphira-cyte-drag-performer-contest-pride-photoshoot-1024x956.jpg 1024w, https:\/\/www.tbwebsitedesign.com\/wp-content\/uploads\/2024\/05\/contestant-8-sapphira-cyte-drag-performer-contest-pride-photoshoot-768x717.jpg 768w, https:\/\/www.tbwebsitedesign.com\/wp-content\/uploads\/2024\/05\/contestant-8-sapphira-cyte-drag-performer-contest-pride-photoshoot-1536x1433.jpg 1536w\" sizes=\"(max-width: 1977px) 100vw, 1977px\" \/><\/figure>\n\n<\/div><\/div>\n<\/div>\n<\/div>\n<\/div>\n<\/div><div class=\"gb-container gb-container-f0bc7293\">\n<div class=\"gb-container gb-container-0f8f1960\">\n<div class=\"gb-container gb-container-fd64218c\">\n\n<h2 class=\"gb-headline gb-headline-7ad9b535 gb-headline-text\">\u00bfQui\u00e9n muestra m\u00e1s orgullo y ganar\u00e1 un sitio web de 4.000 d\u00f3lares?<\/h2>\n\n\n\n<div style=\"height:40px\" aria-hidden=\"true\" class=\"wp-block-spacer\"><\/div>\n\n\n\n<p class=\"has-text-align-left has-medium-font-size\">Para garantizar un proceso de votaci\u00f3n justo y transparente, ten en cuenta:<\/p>\n\n\n\n<p class=\"has-text-align-left has-medium-font-size\"><strong>Se requiere autentificaci\u00f3n por correo electr\u00f3nico:<\/strong> Para votar, tendr\u00e1s que introducir tu direcci\u00f3n de correo electr\u00f3nico y verificarla con un c\u00f3digo de seguridad que te enviaremos.<\/p>\n\n\n\n<p class=\"has-text-align-left has-medium-font-size\"><strong>Un voto por persona:<\/strong> S\u00f3lo se permite un voto por direcci\u00f3n de correo electr\u00f3nico, direcci\u00f3n IP y n\u00famero de tel\u00e9fono.<\/p>\n\n\n\n<p class=\"has-text-align-left has-medium-font-size\"><strong>Eliminaci\u00f3n de spam:<\/strong> Tampa Bay Website Design se reserva el derecho a eliminar cualquier entrada que considere spam.<\/p>\n\n\n\n<p class=\"has-text-align-left has-medium-font-size\"><strong>La votaci\u00f3n termina a las 23:59 h EST del viernes 31 de mayo de 2024<\/strong><\/p>\n\n\n\n<div style=\"height:40px\" aria-hidden=\"true\" class=\"wp-block-spacer\"><\/div>\n\n\n\n<h3 class=\"gb-headline gb-headline-22d28197 gb-headline-text\">\u00a1VOTA YA! Introduce tu direcci\u00f3n de correo electr\u00f3nico:<\/h3>\n\n\n\n<div style=\"height:40px\" aria-hidden=\"true\" class=\"wp-block-spacer\"><\/div>\n\n\n\n<iframe aria-label=\"Voting\" frameborder=\"0\" style=\"height:500px;width:99%;border:none;\" src=\"https:\/\/signup.tbwebsitedesign.com\/TampaBayWebsiteDesign\/form\/Voting\/formperma\/JIdc6UkvjbFQlA6-_P5nE7kckCvNtt1_EQMn4sQ6sbM\"><\/iframe>\n\n<\/div>\n<\/div>\n<\/div>","protected":false},"excerpt":{"rendered":"<p>2024&nbsp;Pride&nbsp;Photoshoot&nbsp;Contest En Tampa Bay Website Design, en colaboraci\u00f3n con Black Rose Photography, tenemos el honor de mostrar una colecci\u00f3n de artistas drag excepcionales a trav\u00e9s de nuestra iniciativa Pride Photoshoot. Este esfuerzo refleja nuestro compromiso de apoyar y celebrar la vibrante comunidad drag, proporcionando una plataforma para que estos artistas brillen. Celebrar la diversidad y &#8230; <\/p>\n<p class=\"read-more-container\"><a title=\"2024 Pride Photoshoot Contest &#8211; Celebra la diversidad y vota por el talento | Tampa Bay Website Design\" class=\"read-more button\" href=\"https:\/\/www.tbwebsitedesign.com\/es\/2024-pride-photoshoot-contest-celebra-la-diversidad-y-vota-por-el-talento-tampa-bay-website-design\/#more-13005\" aria-label=\"Leer m\u00e1s sobre 2024 Pride Photoshoot Contest &#8211; Celebra la diversidad y vota por el talento | Tampa Bay Website Design\">Leer m\u00e1s<\/a><\/p>\n","protected":false},"author":1,"featured_media":13004,"parent":0,"menu_order":0,"comment_status":"closed","ping_status":"closed","template":"","meta":{"_seopress_robots_primary_cat":"","_seopress_titles_title":"Vota ahora: Concurso de Fotograf\u00eda del Orgullo 2024 | Tampa Bay Website Design & Black Rose Photography","_seopress_titles_desc":"\u00danete a Tampa Bay Website Design y a Black Rose Photography para celebrar la diversidad con nuestro Concurso de Fotograf\u00eda del Orgullo 2024. Vota a tu drag performer favorito para ganar un paquete web de 4.000 $. Tu voto apoya a la vibrante comunidad drag y ayuda a mostrar su talento.","_seopress_robots_index":"","footnotes":""},"class_list":{"0":"post-13005","1":"page","2":"type-page","3":"status-publish","4":"has-post-thumbnail","6":"infinite-scroll-item"},"_links":{"self":[{"href":"https:\/\/www.tbwebsitedesign.com\/es\/wp-json\/wp\/v2\/pages\/13005","targetHints":{"allow":["GET"]}}],"collection":[{"href":"https:\/\/www.tbwebsitedesign.com\/es\/wp-json\/wp\/v2\/pages"}],"about":[{"href":"https:\/\/www.tbwebsitedesign.com\/es\/wp-json\/wp\/v2\/types\/page"}],"author":[{"embeddable":true,"href":"https:\/\/www.tbwebsitedesign.com\/es\/wp-json\/wp\/v2\/users\/1"}],"replies":[{"embeddable":true,"href":"https:\/\/www.tbwebsitedesign.com\/es\/wp-json\/wp\/v2\/comments?post=13005"}],"version-history":[{"count":0,"href":"https:\/\/www.tbwebsitedesign.com\/es\/wp-json\/wp\/v2\/pages\/13005\/revisions"}],"wp:featuredmedia":[{"embeddable":true,"href":"https:\/\/www.tbwebsitedesign.com\/es\/wp-json\/wp\/v2\/media\/13004"}],"wp:attachment":[{"href":"https:\/\/www.tbwebsitedesign.com\/es\/wp-json\/wp\/v2\/media?parent=13005"}],"curies":[{"name":"wp","href":"https:\/\/api.w.org\/{rel}","templated":true}]}}