{"id":12908,"date":"2024-01-09T18:51:20","date_gmt":"2024-01-09T23:51:20","guid":{"rendered":"https:\/\/www.tbwebsitedesign.com\/soluciones-integrales-de-seguridad-para-sitios-web-de-tampa-bay-website-design\/"},"modified":"2024-07-12T10:21:54","modified_gmt":"2024-07-12T14:21:54","slug":"soluciones-integrales-de-seguridad-para-sitios-web-de-tampa-bay-website-design","status":"publish","type":"page","link":"https:\/\/www.tbwebsitedesign.com\/es\/soluciones-integrales-de-seguridad-para-sitios-web-de-tampa-bay-website-design\/","title":{"rendered":"Soluciones integrales de seguridad para sitios web de Tampa Bay Website Design"},"content":{"rendered":"<div class=\"gb-container gb-container-6bff6dc5\">\n<div class=\"gb-container gb-container-e5987bb8\">\n<div class=\"gb-container gb-container-1441dfeb\">\n\n<h1 class=\"gb-headline gb-headline-1f9858a2 gb-headline-text\">Protege tu presencia en Internet con las soluciones de seguridad para sitios web de Tampa Bay Website Design<\/h1>\n\n\n\n<p class=\"has-ffffff-color has-text-color\">En Tampa Bay Website Design, un equipo de expertos dise\u00f1adores web de Tampa, reconocemos que tu sitio web es un activo fundamental para tu negocio. Comprendemos la importancia de mantenerla segura para protegerla de posibles ciberamenazas que podr\u00edan comprometer su credibilidad y funcionalidad.<\/p>\n\n<\/div>\n\n<div class=\"gb-container gb-container-f66320ac\">\n\n<figure class=\"gb-block-image gb-block-image-837b8a49\"><img decoding=\"async\" width=\"2600\" height=\"2000\" class=\"gb-image gb-image-837b8a49\" src=\"https:\/\/www.tbwebsitedesign.com\/wp-content\/uploads\/2023\/05\/website-security-services-tampa-bay-website-design.svg\" alt=\"S\u00edmbolo de seguridad del sitio web de Tampa Bay Website Design, que muestra nuestro compromiso de proporcionar \u00e1reas de inicio de sesi\u00f3n seguras y protecci\u00f3n verificada para tu presencia en l\u00ednea.\" title=\"website-security-services-tampa-bay-website-design\"><\/figure>\n\n<\/div>\n<\/div>\n<\/div><div class=\"gb-container gb-container-56b4537c\">\n<div class=\"gb-container gb-container-c95b6af6\">\n<div class=\"gb-container gb-container-6458196e\">\n<div class=\"gb-container gb-container-a34e849c\">\n\n<h2 class=\"gb-headline gb-headline-977422b7 gb-headline-text\">\u00bfPor qu\u00e9 confiar la seguridad de un sitio web a Tampa Bay Website Design?<\/h2>\n\n\n\n<p>Cuando se trata de la seguridad de un sitio web, necesitas un socio fiable que ofrezca soluciones a medida adaptadas a tus necesidades espec\u00edficas. He aqu\u00ed por qu\u00e9 muchas empresas nos conf\u00edan la seguridad de su sitio web:<\/p>\n\n\n\n<p class=\"gb-headline gb-headline-6da8c2e0\"><span class=\"gb-icon\"><svg xmlns=\"http:\/\/www.w3.org\/2000\/svg\" aria-hidden=\"true\" role=\"img\" height=\"1em\" width=\"1em\" viewbox=\"0 0 512 512\"><path fill=\"currentColor\" d=\"M173.898 439.404l-166.4-166.4c-9.997-9.997-9.997-26.206 0-36.204l36.203-36.204c9.997-9.998 26.207-9.998 36.204 0L192 312.69 432.095 72.596c9.997-9.997 26.207-9.997 36.204 0l36.203 36.204c9.997 9.997 9.997 26.206 0 36.204l-294.4 294.401c-9.998 9.997-26.207 9.997-36.204-.001z\"><\/path><\/svg><\/span><span class=\"gb-headline-text\">Protecci\u00f3n automatizada contra amenazas las 24 horas del d\u00eda<\/span><\/p>\n\n\n\n<p class=\"gb-headline gb-headline-033f272d\"><span class=\"gb-icon\"><svg xmlns=\"http:\/\/www.w3.org\/2000\/svg\" aria-hidden=\"true\" role=\"img\" height=\"1em\" width=\"1em\" viewbox=\"0 0 512 512\"><path fill=\"currentColor\" d=\"M173.898 439.404l-166.4-166.4c-9.997-9.997-9.997-26.206 0-36.204l36.203-36.204c9.997-9.998 26.207-9.998 36.204 0L192 312.69 432.095 72.596c9.997-9.997 26.207-9.997 36.204 0l36.203 36.204c9.997 9.997 9.997 26.206 0 36.204l-294.4 294.401c-9.998 9.997-26.207 9.997-36.204-.001z\"><\/path><\/svg><\/span><span class=\"gb-headline-text\">Copias de seguridad diarias automatizadas y gratuitas<\/span><\/p>\n\n\n\n<p class=\"gb-headline gb-headline-638d6f29\"><span class=\"gb-icon\"><svg xmlns=\"http:\/\/www.w3.org\/2000\/svg\" aria-hidden=\"true\" role=\"img\" height=\"1em\" width=\"1em\" viewbox=\"0 0 512 512\"><path fill=\"currentColor\" d=\"M173.898 439.404l-166.4-166.4c-9.997-9.997-9.997-26.206 0-36.204l36.203-36.204c9.997-9.998 26.207-9.998 36.204 0L192 312.69 432.095 72.596c9.997-9.997 26.207-9.997 36.204 0l36.203 36.204c9.997 9.997 9.997 26.206 0 36.204l-294.4 294.401c-9.998 9.997-26.207 9.997-36.204-.001z\"><\/path><\/svg><\/span><span class=\"gb-headline-text\">Un equipo de expertos con un profundo conocimiento de las amenazas online contempor\u00e1neas<\/span><\/p>\n\n<\/div>\n<\/div>\n<\/div>\n<\/div><div class=\"gb-container gb-container-f7eecdb5\">\n<div class=\"gb-container gb-container-60ad3251\">\n\n<h3 class=\"gb-headline gb-headline-23fd6d0f\"><span class=\"gb-icon\"><svg xmlns=\"http:\/\/www.w3.org\/2000\/svg\" viewbox=\"0 0 8.145 54.189\"><path d=\"M4.262 40.052V0l-.439.438v39.613l.439.001zm-.439 3.853v9.845l.438.438.001-10.284-.439.001zm3.883-11.29v17.518l.439-.439V32.615h-.439zm0-8.273h.439V9.495l-.439-.439v15.286zM.439 21.074V4.056L0 4.495l.001 16.579h.438zm.001 6.274l-.439-.001v19.347l.439.439V27.348z\"><\/path><\/svg><\/span><span class=\"gb-headline-text\">Nuestras soluciones de seguridad<\/span><\/h3>\n\n\n<div class=\"gb-grid-wrapper gb-grid-wrapper-330be022\">\n<div class=\"gb-grid-column gb-grid-column-69fe2156\"><div class=\"gb-container gb-container-69fe2156\">\n\n<figure class=\"gb-block-image gb-block-image-feaaa309\"><img decoding=\"async\" width=\"105\" height=\"105\" class=\"gb-image gb-image-feaaa309\" src=\"https:\/\/www.tbwebsitedesign.com\/wp-content\/uploads\/2023\/05\/automated-website-threat-protection-tampa-bay-website-design.svg\" alt=\"El icono de seguridad de confianza de Tampa Bay Website Design, que simboliza una s\u00f3lida protecci\u00f3n y soluciones de seguridad verificadas para tu presencia en Internet.\" title=\"automated-website-threat-protection-tampa-bay-website-design\"><\/figure>\n\n\n\n<p class=\"gb-headline gb-headline-52010620 gb-headline-text\"><strong>Protecci\u00f3n automatizada contra amenazas  <\/strong><\/p>\n\n\n\n<p class=\"gb-headline gb-headline-6843b514 gb-headline-text\">Nuestro experimentado equipo identifica palabras clave de alto rango para dirigirse a clientes potenciales interesados en tus servicios, lo que genera m\u00e1s tr\u00e1fico.<\/p>\n\n<\/div><\/div>\n\n<div class=\"gb-grid-column gb-grid-column-0e0f4ab4\"><div class=\"gb-container gb-container-0e0f4ab4\">\n\n<figure class=\"gb-block-image gb-block-image-b00a6d19\"><img decoding=\"async\" width=\"240\" height=\"240\" class=\"gb-image gb-image-b00a6d19\" src=\"https:\/\/www.tbwebsitedesign.com\/wp-content\/uploads\/2023\/05\/website-backup-service-tampa-bay-website-design.svg\" alt=\"Tampa Bay Website Design ofrece un servicio de copia de seguridad fiable, que garantiza que los datos de tu sitio web se almacenan de forma segura y son f\u00e1cilmente recuperables para tu tranquilidad.\" title=\"website-backup-service-tampa-bay-website-design\"><\/figure>\n\n\n\n<p class=\"gb-headline gb-headline-0292368c gb-headline-text\"><strong>Copias de seguridad del sitio web<\/strong><\/p>\n\n\n\n<p class=\"gb-headline gb-headline-876b889e gb-headline-text\">Nuestro servicio de copia de seguridad del sitio web realiza copias de seguridad autom\u00e1ticas de los datos de tu sitio web todos los d\u00edas, para que puedas restaurarlo r\u00e1pidamente si algo va mal. Este servicio incluye copias de seguridad de bases de datos, archivos, del sitio completo e incrementales, proporcionando un control total sobre tus datos.<\/p>\n\n<\/div><\/div>\n\n<div class=\"gb-grid-column gb-grid-column-b3f0c7e6\"><div class=\"gb-container gb-container-b3f0c7e6\">\n\n<figure class=\"gb-block-image gb-block-image-8bc22f0f\"><img decoding=\"async\" width=\"105\" height=\"105\" class=\"gb-image gb-image-8bc22f0f\" src=\"https:\/\/www.tbwebsitedesign.com\/wp-content\/uploads\/2023\/05\/free-ssl-certificate-tampa-bay-website-design.svg\" alt=\"Icono de candado con llave azul, que significa certificados SSL ofrecidos por Tampa Bay Website Design para una navegaci\u00f3n segura.\" title=\"free-ssl-certificate-tampa-bay-website-design\"><\/figure>\n\n\n\n<p class=\"gb-headline gb-headline-c8a9ba21 gb-headline-text\"><strong><strong>Certificado SSL gratuito<\/strong><\/strong><\/p>\n\n\n\n<p class=\"gb-headline gb-headline-238e08f8 gb-headline-text\">Nuestro servicio de Certificado SSL Gratuito encripta los datos de tu sitio web, protegiendo la informaci\u00f3n de tus clientes y mejorando el posicionamiento de tu sitio web en los motores de b\u00fasqueda. Instalaremos un certificado SSL en tu sitio web y lo configuraremos para garantizar que todo el tr\u00e1fico est\u00e9 encriptado.<\/p>\n\n<\/div><\/div>\n\n<div class=\"gb-grid-column gb-grid-column-30de67b5\"><div class=\"gb-container gb-container-30de67b5\">\n\n<figure class=\"gb-block-image gb-block-image-237a6a1d\"><img decoding=\"async\" width=\"245\" height=\"245\" class=\"gb-image gb-image-237a6a1d\" src=\"https:\/\/www.tbwebsitedesign.com\/wp-content\/uploads\/2023\/05\/website-access-management-services-tampa-bay-website-design.svg\" alt=\"Control de acceso de usuarios eficaz y seguro dentro de WordPress, que te permite gestionar permisos y funciones para una experiencia de administraci\u00f3n del sitio web optimizada.\" title=\"website-access-management-services-tampa-bay-website-design\"><\/figure>\n\n\n\n<p class=\"gb-headline gb-headline-97544afd gb-headline-text\"><strong><strong><strong>Gesti\u00f3n de accesos<\/strong><\/strong><\/strong><\/p>\n\n\n\n<p class=\"gb-headline gb-headline-0287dfbf gb-headline-text\">Nuestro servicio de Gesti\u00f3n de Accesos te permite dictar qui\u00e9n tiene acceso al backend de tu sitio web. Esto garantiza que s\u00f3lo los usuarios autorizados puedan modificar tu sitio web, reduciendo el riesgo de accesos no autorizados y manteniendo tus datos a salvo.<\/p>\n\n<\/div><\/div>\n<\/div>\n<\/div>\n<\/div><div class=\"gb-container gb-container-654d7dca\">\n<div class=\"gb-container gb-container-ba6b7a4a\">\n\n<p class=\"gb-headline gb-headline-b5421c0d gb-headline-text\"><strong>No dejes la seguridad de tu sitio web al azar. Ponte en contacto hoy mismo con nuestro equipo de dise\u00f1o de sitios web de Tampa para programar una llamada gratuita con uno de nuestros expertos en seguridad. Colaboraremos contigo para desarrollar un plan de seguridad personalizado que satisfaga tus necesidades \u00fanicas y te proporcione tranquilidad.<\/strong><\/p>\n\n\n\n<a class=\"gb-button gb-button-8c97c685 gb-button-text\" href=\"https:\/\/www.tbwebsitedesign.com\/es\/comienza-tu-viaje-de-diseno-web-en-tampa-con-tampa-bay-website-design\/\"><strong>Programa una Co<\/strong><strong>nsulta gratuita<\/strong><\/a>\n\n<\/div>\n<\/div>","protected":false},"excerpt":{"rendered":"<p>Protege tu presencia en Internet con las soluciones de seguridad para sitios web de Tampa Bay Website Design En Tampa Bay Website Design, un equipo de expertos dise\u00f1adores web de Tampa, reconocemos que tu sitio web es un activo fundamental para tu negocio. Comprendemos la importancia de mantenerla segura para protegerla de posibles ciberamenazas que &#8230; <\/p>\n<p class=\"read-more-container\"><a title=\"Soluciones integrales de seguridad para sitios web de Tampa Bay Website Design\" class=\"read-more button\" href=\"https:\/\/www.tbwebsitedesign.com\/es\/soluciones-integrales-de-seguridad-para-sitios-web-de-tampa-bay-website-design\/#more-12908\" aria-label=\"Leer m\u00e1s sobre Soluciones integrales de seguridad para sitios web de Tampa Bay Website Design\">Leer m\u00e1s<\/a><\/p>\n","protected":false},"author":1,"featured_media":12784,"parent":0,"menu_order":0,"comment_status":"closed","ping_status":"closed","template":"","meta":{"_seopress_robots_primary_cat":"","_seopress_titles_title":"Asegura tu Presencia Online | Dise\u00f1o Web Tampa Bay","_seopress_titles_desc":"Protege tu presencia en Internet con las completas soluciones de seguridad para sitios web de Tampa Bay Website Design. Ponte en contacto con nosotros hoy mismo para obtener m\u00e1s informaci\u00f3n.","_seopress_robots_index":"","footnotes":""},"class_list":{"0":"post-12908","1":"page","2":"type-page","3":"status-publish","4":"has-post-thumbnail","6":"infinite-scroll-item"},"_links":{"self":[{"href":"https:\/\/www.tbwebsitedesign.com\/es\/wp-json\/wp\/v2\/pages\/12908","targetHints":{"allow":["GET"]}}],"collection":[{"href":"https:\/\/www.tbwebsitedesign.com\/es\/wp-json\/wp\/v2\/pages"}],"about":[{"href":"https:\/\/www.tbwebsitedesign.com\/es\/wp-json\/wp\/v2\/types\/page"}],"author":[{"embeddable":true,"href":"https:\/\/www.tbwebsitedesign.com\/es\/wp-json\/wp\/v2\/users\/1"}],"replies":[{"embeddable":true,"href":"https:\/\/www.tbwebsitedesign.com\/es\/wp-json\/wp\/v2\/comments?post=12908"}],"version-history":[{"count":0,"href":"https:\/\/www.tbwebsitedesign.com\/es\/wp-json\/wp\/v2\/pages\/12908\/revisions"}],"wp:featuredmedia":[{"embeddable":true,"href":"https:\/\/www.tbwebsitedesign.com\/es\/wp-json\/wp\/v2\/media\/12784"}],"wp:attachment":[{"href":"https:\/\/www.tbwebsitedesign.com\/es\/wp-json\/wp\/v2\/media?parent=12908"}],"curies":[{"name":"wp","href":"https:\/\/api.w.org\/{rel}","templated":true}]}}