{"id":12902,"date":"2024-01-26T11:04:16","date_gmt":"2024-01-26T16:04:16","guid":{"rendered":"https:\/\/www.tbwebsitedesign.com\/historias-de-exito-excelencia-probada-en-el-diseno-de-sitios-web-en-tampa-bay\/"},"modified":"2024-07-12T10:22:20","modified_gmt":"2024-07-12T14:22:20","slug":"historias-de-exito-excelencia-probada-en-el-diseno-de-sitios-web-en-tampa-bay","status":"publish","type":"page","link":"https:\/\/www.tbwebsitedesign.com\/es\/historias-de-exito-excelencia-probada-en-el-diseno-de-sitios-web-en-tampa-bay\/","title":{"rendered":"Historias de \u00e9xito: Excelencia probada en el dise\u00f1o de sitios web en Tampa Bay"},"content":{"rendered":"<div class=\"gb-container gb-container-6bff6dc5\">\n<div class=\"gb-container gb-container-e5987bb8\">\n<div class=\"gb-container gb-container-1441dfeb\">\n\n<h1 class=\"gb-headline gb-headline-1f9858a2 gb-headline-text\">Historias de \u00e9xito<\/h1>\n\n\n\n<h2 class=\"gb-headline gb-headline-220c0c3a gb-headline-text\">Introducci\u00f3n a nuestros \u00e9xitos<\/h2>\n\n\n\n<p class=\"has-base-3-color has-text-color\">En Tampa Bay Website Design, nos enorgullecemos de ofrecer no s\u00f3lo servicios, sino tambi\u00e9n resultados mensurables que dicen mucho de nuestro compromiso con la excelencia. Nuestras historias de \u00e9xito son testimonio de la profesionalidad, la eficacia y el potencial transformador que nuestro equipo de expertos aporta a cada proyecto.<\/p>\n\n<\/div>\n<\/div>\n<\/div><div class=\"gb-container gb-container-56b4537c\">\n<div class=\"gb-container gb-container-c95b6af6\">\n<div class=\"gb-container gb-container-6458196e\">\n<div class=\"gb-container gb-container-a34e849c\">\n\n<h2 class=\"gb-headline gb-headline-977422b7 gb-headline-text\">C\u00f3mo medimos el \u00e9xito<\/h2>\n\n\n\n<p class=\"gb-headline gb-headline-6da8c2e0\"><span class=\"gb-icon\"><svg xmlns=\"http:\/\/www.w3.org\/2000\/svg\" aria-hidden=\"true\" role=\"img\" height=\"1em\" width=\"1em\" viewbox=\"0 0 512 512\"><path fill=\"currentColor\" d=\"M173.898 439.404l-166.4-166.4c-9.997-9.997-9.997-26.206 0-36.204l36.203-36.204c9.997-9.998 26.207-9.998 36.204 0L192 312.69 432.095 72.596c9.997-9.997 26.207-9.997 36.204 0l36.203 36.204c9.997 9.997 9.997 26.206 0 36.204l-294.4 294.401c-9.998 9.997-26.207 9.997-36.204-.001z\"><\/path><\/svg><\/span><span class=\"gb-headline-text\"><strong>Satisfacci\u00f3n del cliente<\/strong>: Circuitos regulares de retroalimentaci\u00f3n y testimonios de clientes.<\/span><\/p>\n\n\n\n<p class=\"gb-headline gb-headline-033f272d\"><span class=\"gb-icon\"><svg xmlns=\"http:\/\/www.w3.org\/2000\/svg\" aria-hidden=\"true\" role=\"img\" height=\"1em\" width=\"1em\" viewbox=\"0 0 512 512\"><path fill=\"currentColor\" d=\"M173.898 439.404l-166.4-166.4c-9.997-9.997-9.997-26.206 0-36.204l36.203-36.204c9.997-9.998 26.207-9.998 36.204 0L192 312.69 432.095 72.596c9.997-9.997 26.207-9.997 36.204 0l36.203 36.204c9.997 9.997 9.997 26.206 0 36.204l-294.4 294.401c-9.998 9.997-26.207 9.997-36.204-.001z\"><\/path><\/svg><\/span><span class=\"gb-headline-text\"><strong>M\u00e9tricas de rendimiento<\/strong>: Analizar los escenarios antes y despu\u00e9s de la velocidad del sitio web y las m\u00e9tricas de participaci\u00f3n de los usuarios.<\/span><\/p>\n\n\n\n<p class=\"gb-headline gb-headline-638d6f29\"><span class=\"gb-icon\"><svg xmlns=\"http:\/\/www.w3.org\/2000\/svg\" aria-hidden=\"true\" role=\"img\" height=\"1em\" width=\"1em\" viewbox=\"0 0 512 512\"><path fill=\"currentColor\" d=\"M173.898 439.404l-166.4-166.4c-9.997-9.997-9.997-26.206 0-36.204l36.203-36.204c9.997-9.998 26.207-9.998 36.204 0L192 312.69 432.095 72.596c9.997-9.997 26.207-9.997 36.204 0l36.203 36.204c9.997 9.997 9.997 26.206 0 36.204l-294.4 294.401c-9.998 9.997-26.207 9.997-36.204-.001z\"><\/path><\/svg><\/span><span class=\"gb-headline-text\"><strong>Indicadores de crecimiento empresarial<\/strong>: Aumento del tr\u00e1fico, mejora del posicionamiento SEO, mayores tasas de conversi\u00f3n y ROI para nuestros clientes.<\/span><\/p>\n\n<\/div>\n<\/div>\n<\/div>\n<\/div><div class=\"gb-container gb-container-f7eecdb5\">\n<div class=\"gb-container gb-container-60ad3251\">\n\n<h2 class=\"gb-headline gb-headline-23fd6d0f\"><span class=\"gb-icon\"><svg xmlns=\"http:\/\/www.w3.org\/2000\/svg\" viewbox=\"0 0 8.145 54.189\"><path d=\"M4.262 40.052V0l-.439.438v39.613l.439.001zm-.439 3.853v9.845l.438.438.001-10.284-.439.001zm3.883-11.29v17.518l.439-.439V32.615h-.439zm0-8.273h.439V9.495l-.439-.439v15.286zM.439 21.074V4.056L0 4.495l.001 16.579h.438zm.001 6.274l-.439-.001v19.347l.439.439V27.348z\"><\/path><\/svg><\/span><span class=\"gb-headline-text\">Resultados transformadores para nuestros clientes<\/span><\/h2>\n\n\n\n<div class=\"gb-grid-wrapper gb-grid-wrapper-a18956ce gb-query-loop-wrapper\">\n<div class=\"gb-grid-column gb-grid-column-a108010a gb-query-loop-item post-12897 page type-page status-publish has-post-thumbnail\"><div class=\"gb-container gb-container-a108010a\">\n<figure class=\"gb-block-image gb-block-image-f0ca811c\"><img decoding=\"async\" width=\"1200\" height=\"800\" src=\"https:\/\/www.tbwebsitedesign.com\/wp-content\/uploads\/2024\/01\/tampa-bay-website-redesign-2024-case-study-perfect.jpg\" class=\"gb-image-f0ca811c\" alt=\"\" srcset=\"https:\/\/www.tbwebsitedesign.com\/wp-content\/uploads\/2024\/01\/tampa-bay-website-redesign-2024-case-study-perfect.jpg 1200w, https:\/\/www.tbwebsitedesign.com\/wp-content\/uploads\/2024\/01\/tampa-bay-website-redesign-2024-case-study-perfect-300x200.jpg 300w, https:\/\/www.tbwebsitedesign.com\/wp-content\/uploads\/2024\/01\/tampa-bay-website-redesign-2024-case-study-perfect-1024x683.jpg 1024w, https:\/\/www.tbwebsitedesign.com\/wp-content\/uploads\/2024\/01\/tampa-bay-website-redesign-2024-case-study-perfect-768x512.jpg 768w\" sizes=\"(max-width: 1200px) 100vw, 1200px\" \/><\/figure>\n\n<h3 class=\"gb-headline gb-headline-e0363952 gb-headline-text\"><a href=\"https:\/\/www.tbwebsitedesign.com\/es\/historias-de-exito-excelencia-probada-en-el-diseno-de-sitios-web-en-tampa-bay\/exito-del-rediseno-del-sitio-web-2024-de-tampa-bay-estudio-de-caso-de-maximo-rendimiento\/\">\u00c9xito del redise\u00f1o del sitio web 2024 de Tampa Bay | Estudio de caso de m\u00e1ximo rendimiento<\/a><\/h3>\n\n<p class=\"gb-headline gb-headline-84d941ea gb-headline-text\"><time class=\"entry-date published\" datetime=\"2024-01-26T10:19:17-05:00\">enero 26, 2024<\/time><\/p>\n\n<div class=\"gb-headline gb-headline-16800b93 gb-headline-text\"><a href=\"https:\/\/www.tbwebsitedesign.com\/es\/historias-de-exito-excelencia-probada-en-el-diseno-de-sitios-web-en-tampa-bay\/exito-del-rediseno-del-sitio-web-2024-de-tampa-bay-estudio-de-caso-de-maximo-rendimiento\/\">Dise\u00f1o web en Tampa Bay: Estableciendo Nuevos Puntos de Referencia para la Excelencia Web Tampa Bay Website Design ha establecido un nuevo pin\u00e1culo de rendimiento digital, consolidando nuestro estatus de l\u00edderes en dise\u00f1o web y eficiencia online. Nuestros logros recientes &#8230; <p class=\"read-more-container\"><a title=\"\u00c9xito del redise\u00f1o del sitio web 2024 de Tampa Bay | Estudio de caso de m\u00e1ximo rendimiento\" class=\"read-more button\" href=\"https:\/\/www.tbwebsitedesign.com\/es\/historias-de-exito-excelencia-probada-en-el-diseno-de-sitios-web-en-tampa-bay\/exito-del-rediseno-del-sitio-web-2024-de-tampa-bay-estudio-de-caso-de-maximo-rendimiento\/#more-12897\" aria-label=\"Leer m\u00e1s sobre \u00c9xito del redise\u00f1o del sitio web 2024 de Tampa Bay | Estudio de caso de m\u00e1ximo rendimiento\">Leer m\u00e1s<\/a><\/p><\/a><\/div>\n<\/div><\/div>\n\n<div class=\"gb-grid-column gb-grid-column-a108010a gb-query-loop-item post-12899 page type-page status-publish has-post-thumbnail\"><div class=\"gb-container gb-container-a108010a\">\n<figure class=\"gb-block-image gb-block-image-f0ca811c\"><img decoding=\"async\" width=\"737\" height=\"489\" src=\"https:\/\/www.tbwebsitedesign.com\/wp-content\/uploads\/2023\/10\/2023-juna-financial-solutions-website-redesign-by-tampa-bay-website-design.png\" class=\"gb-image-f0ca811c\" alt=\"\" srcset=\"https:\/\/www.tbwebsitedesign.com\/wp-content\/uploads\/2023\/10\/2023-juna-financial-solutions-website-redesign-by-tampa-bay-website-design.png 737w, https:\/\/www.tbwebsitedesign.com\/wp-content\/uploads\/2023\/10\/2023-juna-financial-solutions-website-redesign-by-tampa-bay-website-design-300x199.png 300w\" sizes=\"(max-width: 737px) 100vw, 737px\" \/><\/figure>\n\n<h3 class=\"gb-headline gb-headline-e0363952 gb-headline-text\"><a href=\"https:\/\/www.tbwebsitedesign.com\/es\/historias-de-exito-excelencia-probada-en-el-diseno-de-sitios-web-en-tampa-bay\/revision-del-sitio-web-de-juna-financial-solutions-alcanzar-la-excelencia-en-el-rendimiento-y-mejorar-la-experiencia-del-usuario\/\">Revisi\u00f3n del sitio web de Juna Financial Solutions: Alcanzar la excelencia en el rendimiento y mejorar la experiencia del usuario<\/a><\/h3>\n\n<p class=\"gb-headline gb-headline-84d941ea gb-headline-text\"><time class=\"entry-date published\" datetime=\"2024-01-12T15:35:13-05:00\">enero 12, 2024<\/time><\/p>\n\n<div class=\"gb-headline gb-headline-16800b93 gb-headline-text\"><a href=\"https:\/\/www.tbwebsitedesign.com\/es\/historias-de-exito-excelencia-probada-en-el-diseno-de-sitios-web-en-tampa-bay\/revision-del-sitio-web-de-juna-financial-solutions-alcanzar-la-excelencia-en-el-rendimiento-y-mejorar-la-experiencia-del-usuario\/\">Revisi\u00f3n del sitio web de Juna Financial Solutions: Un viaje hacia la excelencia en el rendimiento En el mundo digital, tu sitio web suele ser el primer punto de contacto con los clientes potenciales. Un sitio web atractivo y de &#8230; <p class=\"read-more-container\"><a title=\"Revisi\u00f3n del sitio web de Juna Financial Solutions: Alcanzar la excelencia en el rendimiento y mejorar la experiencia del usuario\" class=\"read-more button\" href=\"https:\/\/www.tbwebsitedesign.com\/es\/historias-de-exito-excelencia-probada-en-el-diseno-de-sitios-web-en-tampa-bay\/revision-del-sitio-web-de-juna-financial-solutions-alcanzar-la-excelencia-en-el-rendimiento-y-mejorar-la-experiencia-del-usuario\/#more-12899\" aria-label=\"Leer m\u00e1s sobre Revisi\u00f3n del sitio web de Juna Financial Solutions: Alcanzar la excelencia en el rendimiento y mejorar la experiencia del usuario\">Leer m\u00e1s<\/a><\/p><\/a><\/div>\n<\/div><\/div>\n<\/div>\n\n<\/div>\n<\/div><div class=\"gb-container gb-container-654d7dca\">\n<div class=\"gb-container gb-container-ba6b7a4a\">\n\n<h3 class=\"gb-headline gb-headline-b5421c0d gb-headline-text\">Testimonios que hablan por s\u00ed solos<\/h3>\n\n\n\n<p>Grandes elogios de nuestros clientes satisfechos:<\/p>\n\n\n<div class=\"gb-container gb-container-f8a2376e\">\n\n<div class=\"gb-headline gb-headline-0ad6d8ed\"><span class=\"gb-icon\"><svg xmlns=\"http:\/\/www.w3.org\/2000\/svg\" viewbox=\"0 0 40 28\"><path d=\"M30.6 28c-5.2 0-9.4-4.2-9.4-9.4C21.2 8 25.5 1 25.7.7l.5-.7H33l-.6 2C31.9 3.9 31 7.4 31 8.6v.6c2.4.1 4.6 1.1 6.3 2.8 1.7 1.8 2.7 4.1 2.7 6.6 0 5.2-4.2 9.4-9.4 9.4zM27.9 3.1c-1 2-3.6 7.7-3.6 15.5 0 3.4 2.8 6.2 6.2 6.2s6.2-2.8 6.2-6.2-2.7-6.2-6.1-6.2h-.1c-1.4 0-2-.7-2.4-1.3-.4-.7-.4-1.5-.4-2.4 0-1.2.6-3.7 1-5.5l-.8-.1zm2.7 6.1zM9.4 28C4.2 28 0 23.8 0 18.6 0 8 4.3 1 4.5.7l.4-.7h6.8l-.6 2c-.6 1.9-1.4 5.5-1.4 6.6v.6c2.4.1 4.6 1.1 6.3 2.8 1.7 1.8 2.7 4.1 2.7 6.6 0 5.2-4.2 9.4-9.3 9.4zM6.7 3.1c-1 2-3.6 7.7-3.6 15.5 0 3.4 2.8 6.2 6.2 6.2s6.2-2.8 6.2-6.2-2.7-6.2-6.1-6.2c-1.4 0-2-.7-2.4-1.3-.4-.7-.4-1.5-.4-2.4 0-1.2.6-3.7 1-5.5l-.9-.1zm2.7 6.1z\"><\/path><\/svg><\/span><\/div>\n\n\n\n<p class=\"has-contrast-2-color has-text-color has-link-color wp-elements-b01f623c1db97e5a49e7788f3eb29928\">\u00abEstos chicos lo hacen bien. Gran dise\u00f1o y realmente me guiaron hacia un sitio web que funcionaba mejor para mi negocio. Su atenci\u00f3n al detalle fue mucho mejor que la de cualquiera que haya utilizado para este tipo de servicios en el pasado. Muy recomendable\u00bb. &#8211; Rodney M., Empresario<\/p>\n\n\n\n<div class=\"gb-headline gb-headline-46713ba4\"><span class=\"gb-icon\"><svg xmlns=\"http:\/\/www.w3.org\/2000\/svg\" viewbox=\"0 0 40 28\"><path d=\"M30.6 28c-5.2 0-9.4-4.2-9.4-9.4C21.2 8 25.5 1 25.7.7l.5-.7H33l-.6 2C31.9 3.9 31 7.4 31 8.6v.6c2.4.1 4.6 1.1 6.3 2.8 1.7 1.8 2.7 4.1 2.7 6.6 0 5.2-4.2 9.4-9.4 9.4zM27.9 3.1c-1 2-3.6 7.7-3.6 15.5 0 3.4 2.8 6.2 6.2 6.2s6.2-2.8 6.2-6.2-2.7-6.2-6.1-6.2h-.1c-1.4 0-2-.7-2.4-1.3-.4-.7-.4-1.5-.4-2.4 0-1.2.6-3.7 1-5.5l-.8-.1zm2.7 6.1zM9.4 28C4.2 28 0 23.8 0 18.6 0 8 4.3 1 4.5.7l.4-.7h6.8l-.6 2c-.6 1.9-1.4 5.5-1.4 6.6v.6c2.4.1 4.6 1.1 6.3 2.8 1.7 1.8 2.7 4.1 2.7 6.6 0 5.2-4.2 9.4-9.3 9.4zM6.7 3.1c-1 2-3.6 7.7-3.6 15.5 0 3.4 2.8 6.2 6.2 6.2s6.2-2.8 6.2-6.2-2.7-6.2-6.1-6.2c-1.4 0-2-.7-2.4-1.3-.4-.7-.4-1.5-.4-2.4 0-1.2.6-3.7 1-5.5l-.9-.1zm2.7 6.1z\"><\/path><\/svg><\/span><\/div>\n\n\n\n<p class=\"has-contrast-2-color has-text-color has-link-color wp-elements-3b2e31af9b397288f137fddcd5194b03\">\u00ab\u00a1Tampa Bay Website Design hizo un trabajo fant\u00e1stico creando nuestro nuevo sitio web! Yo no ten\u00eda ninguna experiencia con WordPress, pero me ense\u00f1aron a subir y editar contenidos y nos ayudaron a asegurarnos de que la transici\u00f3n desde nuestra antigua plataforma fuera fluida. Recomiendo encarecidamente sus servicios\u00bb. Dayna S., Administradora<\/p>\n\n<\/div>\n<\/div>\n<\/div><div class=\"gb-container gb-container-fa86fafd\">\n<div class=\"gb-container gb-container-b77badaf\">\n\n<p class=\"gb-headline gb-headline-41e85120 gb-headline-text\">\u00bfListo para crear tu historia de \u00e9xito? <strong>Programa hoy mismo una consulta<\/strong> gratuita para hablar de c\u00f3mo podemos elevar tu presencia en Internet y a\u00f1adir tu historia a nuestra creciente lista de \u00e9xitos.<\/p>\n\n\n\n<a class=\"gb-button gb-button-939f06e4 gb-button-text\" href=\"https:\/\/www.tbwebsitedesign.com\/es\/comienza-tu-viaje-de-diseno-web-en-tampa-con-tampa-bay-website-design\/\"><strong>Programa una Co<\/strong><strong>nsulta gratuita<\/strong><\/a>\n\n<\/div>\n<\/div>","protected":false},"excerpt":{"rendered":"<p>Historias de \u00e9xito Introducci\u00f3n a nuestros \u00e9xitos En Tampa Bay Website Design, nos enorgullecemos de ofrecer no s\u00f3lo servicios, sino tambi\u00e9n resultados mensurables que dicen mucho de nuestro compromiso con la excelencia. Nuestras historias de \u00e9xito son testimonio de la profesionalidad, la eficacia y el potencial transformador que nuestro equipo de expertos aporta a cada &#8230; <\/p>\n<p class=\"read-more-container\"><a title=\"Historias de \u00e9xito: Excelencia probada en el dise\u00f1o de sitios web en Tampa Bay\" class=\"read-more button\" href=\"https:\/\/www.tbwebsitedesign.com\/es\/historias-de-exito-excelencia-probada-en-el-diseno-de-sitios-web-en-tampa-bay\/#more-12902\" aria-label=\"Leer m\u00e1s sobre Historias de \u00e9xito: Excelencia probada en el dise\u00f1o de sitios web en Tampa Bay\">Leer m\u00e1s<\/a><\/p>\n","protected":false},"author":1,"featured_media":12752,"parent":0,"menu_order":0,"comment_status":"closed","ping_status":"closed","template":"","meta":{"_seopress_robots_primary_cat":"","_seopress_titles_title":"Dise\u00f1ador Web Tampa | Servicios SEO | Dise\u00f1o Web Tampa Bay","_seopress_titles_desc":"Impulsa tu negocio con el dise\u00f1o web de Tampa Bay. Nuestros expertos dise\u00f1adores web ofrecen servicios SEO para garantizar el \u00e9xito de tu sitio web.","_seopress_robots_index":"","footnotes":""},"class_list":{"0":"post-12902","1":"page","2":"type-page","3":"status-publish","4":"has-post-thumbnail","6":"infinite-scroll-item"},"_links":{"self":[{"href":"https:\/\/www.tbwebsitedesign.com\/es\/wp-json\/wp\/v2\/pages\/12902","targetHints":{"allow":["GET"]}}],"collection":[{"href":"https:\/\/www.tbwebsitedesign.com\/es\/wp-json\/wp\/v2\/pages"}],"about":[{"href":"https:\/\/www.tbwebsitedesign.com\/es\/wp-json\/wp\/v2\/types\/page"}],"author":[{"embeddable":true,"href":"https:\/\/www.tbwebsitedesign.com\/es\/wp-json\/wp\/v2\/users\/1"}],"replies":[{"embeddable":true,"href":"https:\/\/www.tbwebsitedesign.com\/es\/wp-json\/wp\/v2\/comments?post=12902"}],"version-history":[{"count":0,"href":"https:\/\/www.tbwebsitedesign.com\/es\/wp-json\/wp\/v2\/pages\/12902\/revisions"}],"wp:featuredmedia":[{"embeddable":true,"href":"https:\/\/www.tbwebsitedesign.com\/es\/wp-json\/wp\/v2\/media\/12752"}],"wp:attachment":[{"href":"https:\/\/www.tbwebsitedesign.com\/es\/wp-json\/wp\/v2\/media?parent=12902"}],"curies":[{"name":"wp","href":"https:\/\/api.w.org\/{rel}","templated":true}]}}