{"id":12900,"date":"2024-02-01T12:28:52","date_gmt":"2024-02-01T17:28:52","guid":{"rendered":"https:\/\/www.tbwebsitedesign.com\/diseno-web-san-petersburgo-servicios-profesionales-oficina-de-diseno-web-tampa-bay\/"},"modified":"2024-07-12T10:22:19","modified_gmt":"2024-07-12T14:22:19","slug":"diseno-web-san-petersburgo-servicios-profesionales-oficina-de-diseno-web-tampa-bay","status":"publish","type":"page","link":"https:\/\/www.tbwebsitedesign.com\/es\/diseno-web-san-petersburgo-servicios-profesionales-oficina-de-diseno-web-tampa-bay\/","title":{"rendered":"Dise\u00f1o Web San Petersburgo | Servicios Profesionales | Oficina de Dise\u00f1o Web Tampa Bay"},"content":{"rendered":"<div class=\"gb-container gb-container-6bff6dc5\">\n<div class=\"gb-container gb-container-e5987bb8\">\n<div class=\"gb-container gb-container-1441dfeb\">\n\n<h1 class=\"gb-headline gb-headline-1f9858a2 gb-headline-text\">Visita nuestra oficina de dise\u00f1o web de Tampa Bay en San Petersburgo, FL<\/h1>\n\n\n\n<p class=\"has-base-3-color has-text-color\">Bienvenido a la oficina de <strong>dise\u00f1o web de Tampa Bay<\/strong>, situada en el coraz\u00f3n de San Petersburgo, Florida.<\/p>\n\n\n\n<div style=\"height:60px\" aria-hidden=\"true\" class=\"wp-block-spacer\"><\/div>\n\n<\/div>\n<\/div>\n<\/div><div class=\"gb-container gb-container-906045d0\">\n<div class=\"gb-container gb-container-17025c88\"><\/div>\n\n<div class=\"gb-container gb-container-ba6b213d\">\n\n<h2 class=\"gb-headline gb-headline-1f910d57 gb-headline-text\">Tu destino para servicios expertos de dise\u00f1o web<\/h2>\n\n\n\n<p>Nuestra oficina, situada en 600 1st Ave N STE 314 en San Petersburgo, FL 33701, es tu destino para servicios profesionales de dise\u00f1o y desarrollo de sitios web.<\/p>\n\n<\/div>\n\n<div class=\"gb-container gb-container-9bc069e7\"><\/div>\n<\/div><div class=\"gb-container gb-container-171eda46\">\n<div class=\"gb-container gb-container-974cf670\">\n\n<h2 class=\"gb-headline gb-headline-977422b7 gb-headline-text\">\u00bfPor qu\u00e9 elegir los servicios de dise\u00f1o web de Tampa Bay?<\/h2>\n\n\n\n<p class=\"gb-headline gb-headline-6da8c2e0\"><span class=\"gb-icon\"><svg xmlns=\"http:\/\/www.w3.org\/2000\/svg\" aria-hidden=\"true\" role=\"img\" height=\"1em\" width=\"1em\" viewbox=\"0 0 512 512\"><path fill=\"currentColor\" d=\"M173.898 439.404l-166.4-166.4c-9.997-9.997-9.997-26.206 0-36.204l36.203-36.204c9.997-9.998 26.207-9.998 36.204 0L192 312.69 432.095 72.596c9.997-9.997 26.207-9.997 36.204 0l36.203 36.204c9.997 9.997 9.997 26.206 0 36.204l-294.4 294.401c-9.998 9.997-26.207 9.997-36.204-.001z\"><\/path><\/svg><\/span><span class=\"gb-headline-text\">Equipo cualificado: Nuestro equipo de dise\u00f1adores y desarrolladores experimentados est\u00e1 preparado para gestionar todas tus necesidades de dise\u00f1o web.<\/span><\/p>\n\n\n\n<p class=\"gb-headline gb-headline-033f272d\"><span class=\"gb-icon\"><svg xmlns=\"http:\/\/www.w3.org\/2000\/svg\" aria-hidden=\"true\" role=\"img\" height=\"1em\" width=\"1em\" viewbox=\"0 0 512 512\"><path fill=\"currentColor\" d=\"M173.898 439.404l-166.4-166.4c-9.997-9.997-9.997-26.206 0-36.204l36.203-36.204c9.997-9.998 26.207-9.998 36.204 0L192 312.69 432.095 72.596c9.997-9.997 26.207-9.997 36.204 0l36.203 36.204c9.997 9.997 9.997 26.206 0 36.204l-294.4 294.401c-9.998 9.997-26.207 9.997-36.204-.001z\"><\/path><\/svg><\/span><span class=\"gb-headline-text\">Dise\u00f1os optimizados para SEO: Utilizamos las mejores pr\u00e1cticas SEO en nuestros dise\u00f1os para garantizar la m\u00e1xima visibilidad de tu sitio en los motores de b\u00fasqueda.<\/span><\/p>\n\n\n\n<p class=\"gb-headline gb-headline-638d6f29\"><span class=\"gb-icon\"><svg xmlns=\"http:\/\/www.w3.org\/2000\/svg\" aria-hidden=\"true\" role=\"img\" height=\"1em\" width=\"1em\" viewbox=\"0 0 512 512\"><path fill=\"currentColor\" d=\"M173.898 439.404l-166.4-166.4c-9.997-9.997-9.997-26.206 0-36.204l36.203-36.204c9.997-9.998 26.207-9.998 36.204 0L192 312.69 432.095 72.596c9.997-9.997 26.207-9.997 36.204 0l36.203 36.204c9.997 9.997 9.997 26.206 0 36.204l-294.4 294.401c-9.998 9.997-26.207 9.997-36.204-.001z\"><\/path><\/svg><\/span><span class=\"gb-headline-text\">Soluciones a medida: Atendemos necesidades diversas, tanto si eres una empresa nueva que necesita un sitio web nuevo como si eres un negocio establecido que quiere renovar su sitio web actual.<\/span><\/p>\n\n<\/div>\n<\/div><div class=\"gb-container gb-container-4aea2db7\">\n<div class=\"gb-container gb-container-dbe38cdf\">\n\n<h2 class=\"gb-headline gb-headline-74f160ef\"><span class=\"gb-icon\"><svg xmlns=\"http:\/\/www.w3.org\/2000\/svg\" viewbox=\"0 0 8.145 54.189\"><path d=\"M4.262 40.052V0l-.439.438v39.613l.439.001zm-.439 3.853v9.845l.438.438.001-10.284-.439.001zm3.883-11.29v17.518l.439-.439V32.615h-.439zm0-8.273h.439V9.495l-.439-.439v15.286zM.439 21.074V4.056L0 4.495l.001 16.579h.438zm.001 6.274l-.439-.001v19.347l.439.439V27.348z\"><\/path><\/svg><\/span><span class=\"gb-headline-text\">Servicios integrales de dise\u00f1o web en San Petersburgo, FL<\/span><\/h2>\n\n\n\n<p class=\"has-base-3-color has-text-color has-link-color wp-elements-46383ca8eb660108e1514014afadef16\">Nuestra gama de servicios incluye:<\/p>\n\n\n\n<div style=\"height:30px\" aria-hidden=\"true\" class=\"wp-block-spacer\"><\/div>\n\n\n<div class=\"gb-grid-wrapper gb-grid-wrapper-4c2b007c\">\n<div class=\"gb-grid-column gb-grid-column-a8c87a31\"><div class=\"gb-container gb-container-a8c87a31\">\n\n<p class=\"gb-headline gb-headline-0a8f9b21 gb-headline-text\">1. Dise\u00f1o web a medida<\/p>\n\n\n\n<figure class=\"gb-block-image gb-block-image-8aedcb0f\"><img decoding=\"async\" width=\"148\" height=\"148\" class=\"gb-image gb-image-8aedcb0f\" src=\"https:\/\/www.tbwebsitedesign.com\/wp-content\/uploads\/2023\/05\/web-design-tampa-bay-website-design.svg\" alt=\"Un icono llamativo que muestra una ventana de navegador con un editor CMS configurable en texto azul y una imagen azul, que representa los servicios profesionales de dise\u00f1o y redise\u00f1o de sitios web que ofrece Tampa Bay Website Design para crear sitios web visualmente atractivos, f\u00e1ciles de usar y con capacidad de respuesta que satisfagan eficazmente las necesidades empresariales de los clientes.\" title=\"dise\u00f1o web-tampa-bay-dise\u00f1o web\"><\/figure>\n\n<\/div><\/div>\n\n<div class=\"gb-grid-column gb-grid-column-1dfd443f\"><div class=\"gb-container gb-container-1dfd443f\">\n\n<p class=\"gb-headline gb-headline-eabee799 gb-headline-text\">2. Dise\u00f1o web responsivo<\/p>\n\n\n\n<figure class=\"gb-block-image gb-block-image-1117ab48\"><img decoding=\"async\" width=\"148\" height=\"148\" class=\"gb-image gb-image-1117ab48\" src=\"https:\/\/www.tbwebsitedesign.com\/wp-content\/uploads\/2023\/05\/web-design-graphics-tampa-bay-website-design.svg\" alt=\"El s\u00edmbolo de Tampa Bay Website Design para gr\u00e1ficos de dise\u00f1o web, que muestra nuestra capacidad para crear elementos de sitios web atractivos y visualmente impactantes para una experiencia de usuario envolvente.\" title=\"dise\u00f1o-web-gr\u00e1ficos-tampa-bay-dise\u00f1o-sitio-web\"><\/figure>\n\n<\/div><\/div>\n\n<div class=\"gb-grid-column gb-grid-column-a4a8be8f\"><div class=\"gb-container gb-container-a4a8be8f\">\n\n<p class=\"gb-headline gb-headline-1d07d2c3 gb-headline-text\">3. Dise\u00f1o de sitios web de comercio electr\u00f3nico<\/p>\n\n\n\n<figure class=\"gb-block-image gb-block-image-0756f64a\"><img decoding=\"async\" width=\"150\" height=\"150\" class=\"gb-image gb-image-0756f64a\" src=\"https:\/\/www.tbwebsitedesign.com\/wp-content\/uploads\/2023\/05\/woocommerce-e-commerce-development-service-tampa-bay-website-design.svg\" alt=\"Servicio de desarrollo de WooCommerce elaborado por expertos, que muestra una tienda online rica en funciones y personalizable, dise\u00f1ada para elevar la experiencia de compra de los clientes y aumentar las ventas.\" title=\"woocommerce-e-commerce-development-service-tampa-bay-website-design\"><\/figure>\n\n<\/div><\/div>\n\n<div class=\"gb-grid-column gb-grid-column-b3c912dd\"><div class=\"gb-container gb-container-b3c912dd\">\n\n<p class=\"gb-headline gb-headline-80ee0ad8 gb-headline-text\">4. Servicios SEO<\/p>\n\n\n\n<figure class=\"gb-block-image gb-block-image-360220e5\"><img decoding=\"async\" width=\"140\" height=\"140\" class=\"gb-image gb-image-360220e5\" src=\"https:\/\/www.tbwebsitedesign.com\/wp-content\/uploads\/2023\/05\/keyword-research-seo-service-tampa-bay-website-design.svg\" alt=\"Un atractivo icono con una lupa azul, que simboliza los servicios de investigaci\u00f3n SEO en profundidad de palabras clave que ofrece Tampa Bay Website Design para ayudar a los clientes a identificar las palabras clave m\u00e1s eficaces y relevantes para su nicho, garantizando una mejor clasificaci\u00f3n en los motores de b\u00fasqueda y visibilidad online.\" title=\"keyword-research-seo-service-tampa-bay-website-design\"><\/figure>\n\n<\/div><\/div>\n<\/div>\n\n\n<p class=\"gb-headline gb-headline-4268c7a5 gb-headline-text\"><a href=\"https:\/\/www.tbwebsitedesign.com\/es\/servicios-de-diseno-web-en-tampa-bay-eleva-tu-presencia-online\/\" data-type=\"page\" data-id=\"12117\"><strong>Ver todos los servicios<\/strong><\/a><\/p>\n\n<\/div>\n<\/div><div class=\"gb-container gb-container-5b221166\">\n<div class=\"gb-container gb-container-76ccd296\">\n\n<h2 class=\"gb-headline gb-headline-7743e790 gb-headline-text\">Palabras de nuestros clientes satisfechos<\/h2>\n\n\n\n<div class=\"gb-headline gb-headline-0ad6d8ed\"><span class=\"gb-icon\"><svg xmlns=\"http:\/\/www.w3.org\/2000\/svg\" viewbox=\"0 0 40 28\"><path d=\"M30.6 28c-5.2 0-9.4-4.2-9.4-9.4C21.2 8 25.5 1 25.7.7l.5-.7H33l-.6 2C31.9 3.9 31 7.4 31 8.6v.6c2.4.1 4.6 1.1 6.3 2.8 1.7 1.8 2.7 4.1 2.7 6.6 0 5.2-4.2 9.4-9.4 9.4zM27.9 3.1c-1 2-3.6 7.7-3.6 15.5 0 3.4 2.8 6.2 6.2 6.2s6.2-2.8 6.2-6.2-2.7-6.2-6.1-6.2h-.1c-1.4 0-2-.7-2.4-1.3-.4-.7-.4-1.5-.4-2.4 0-1.2.6-3.7 1-5.5l-.8-.1zm2.7 6.1zM9.4 28C4.2 28 0 23.8 0 18.6 0 8 4.3 1 4.5.7l.4-.7h6.8l-.6 2c-.6 1.9-1.4 5.5-1.4 6.6v.6c2.4.1 4.6 1.1 6.3 2.8 1.7 1.8 2.7 4.1 2.7 6.6 0 5.2-4.2 9.4-9.3 9.4zM6.7 3.1c-1 2-3.6 7.7-3.6 15.5 0 3.4 2.8 6.2 6.2 6.2s6.2-2.8 6.2-6.2-2.7-6.2-6.1-6.2c-1.4 0-2-.7-2.4-1.3-.4-.7-.4-1.5-.4-2.4 0-1.2.6-3.7 1-5.5l-.9-.1zm2.7 6.1z\"><\/path><\/svg><\/span><\/div>\n\n\n\n<p class=\"has-contrast-2-color has-text-color has-link-color wp-elements-b01f623c1db97e5a49e7788f3eb29928\">\u00abEstos chicos lo hacen bien. Gran dise\u00f1o y realmente me guiaron hacia un sitio web que funcionaba mejor para mi negocio. Su atenci\u00f3n al detalle fue mucho mejor que la de cualquiera que haya utilizado para este tipo de servicios en el pasado. Muy recomendable\u00bb. &#8211; Rodney M., Empresario<\/p>\n\n<\/div>\n<\/div><div class=\"gb-container gb-container-09800127\">\n<div class=\"gb-container gb-container-658e2ee3\">\n\n<h2 class=\"gb-headline gb-headline-69c73857 gb-headline-text\">Mejora hoy tu presencia en Internet<\/h2>\n\n\n\n<p class=\"gb-headline gb-headline-16dfaabe gb-headline-text\">\u00bfEst\u00e1s listo para elevar tu presencia online con un sitio web profesionalmente dise\u00f1ado y optimizado para SEO? <a href=\"https:\/\/www.tbwebsitedesign.com\/es\/comienza-tu-viaje-de-diseno-web-en-tampa-con-tampa-bay-website-design\/\" data-type=\"page\" data-id=\"11806\">\n  <strong>Concierta una cita<\/strong>\n<\/a> \u00a1en nuestra oficina de San Petersburgo hoy mismo!<\/p>\n\n\n\n<p class=\"has-text-align-center\">#StPetersburg #WebsiteDesign #SEO #WebDevelopment #TampaBay<\/p>\n\n<\/div>\n<\/div>","protected":false},"excerpt":{"rendered":"<p>Visita nuestra oficina de dise\u00f1o web de Tampa Bay en San Petersburgo, FL Bienvenido a la oficina de dise\u00f1o web de Tampa Bay, situada en el coraz\u00f3n de San Petersburgo, Florida. Tu destino para servicios expertos de dise\u00f1o web Nuestra oficina, situada en 600 1st Ave N STE 314 en San Petersburgo, FL 33701, es &#8230; <\/p>\n<p class=\"read-more-container\"><a title=\"Dise\u00f1o Web San Petersburgo | Servicios Profesionales | Oficina de Dise\u00f1o Web Tampa Bay\" class=\"read-more button\" href=\"https:\/\/www.tbwebsitedesign.com\/es\/diseno-web-san-petersburgo-servicios-profesionales-oficina-de-diseno-web-tampa-bay\/#more-12900\" aria-label=\"Leer m\u00e1s sobre Dise\u00f1o Web San Petersburgo | Servicios Profesionales | Oficina de Dise\u00f1o Web Tampa Bay\">Leer m\u00e1s<\/a><\/p>\n","protected":false},"author":1,"featured_media":0,"parent":0,"menu_order":0,"comment_status":"closed","ping_status":"closed","template":"","meta":{"_seopress_robots_primary_cat":"","_seopress_titles_title":"Desarrollador Web Experto en St Pete | Dise\u00f1o Web San Petersburgo | Dise\u00f1o Web Tampa Bay","_seopress_titles_desc":"La oficina de Tampa Bay Website Design en San Petersburgo, FL, ofrece servicios expertos de dise\u00f1o y desarrollo web. Disponible s\u00f3lo con cita previa.","_seopress_robots_index":"s\u00ed","footnotes":""},"class_list":{"0":"post-12900","1":"page","2":"type-page","3":"status-publish","5":"infinite-scroll-item"},"_links":{"self":[{"href":"https:\/\/www.tbwebsitedesign.com\/es\/wp-json\/wp\/v2\/pages\/12900","targetHints":{"allow":["GET"]}}],"collection":[{"href":"https:\/\/www.tbwebsitedesign.com\/es\/wp-json\/wp\/v2\/pages"}],"about":[{"href":"https:\/\/www.tbwebsitedesign.com\/es\/wp-json\/wp\/v2\/types\/page"}],"author":[{"embeddable":true,"href":"https:\/\/www.tbwebsitedesign.com\/es\/wp-json\/wp\/v2\/users\/1"}],"replies":[{"embeddable":true,"href":"https:\/\/www.tbwebsitedesign.com\/es\/wp-json\/wp\/v2\/comments?post=12900"}],"version-history":[{"count":0,"href":"https:\/\/www.tbwebsitedesign.com\/es\/wp-json\/wp\/v2\/pages\/12900\/revisions"}],"wp:attachment":[{"href":"https:\/\/www.tbwebsitedesign.com\/es\/wp-json\/wp\/v2\/media?parent=12900"}],"curies":[{"name":"wp","href":"https:\/\/api.w.org\/{rel}","templated":true}]}}