{"id":12899,"date":"2024-01-12T15:35:13","date_gmt":"2024-01-12T20:35:13","guid":{"rendered":"https:\/\/www.tbwebsitedesign.com\/revision-del-sitio-web-de-juna-financial-solutions-alcanzar-la-excelencia-en-el-rendimiento-y-mejorar-la-experiencia-del-usuario\/"},"modified":"2024-07-12T10:22:19","modified_gmt":"2024-07-12T14:22:19","slug":"revision-del-sitio-web-de-juna-financial-solutions-alcanzar-la-excelencia-en-el-rendimiento-y-mejorar-la-experiencia-del-usuario","status":"publish","type":"page","link":"https:\/\/www.tbwebsitedesign.com\/es\/historias-de-exito-excelencia-probada-en-el-diseno-de-sitios-web-en-tampa-bay\/revision-del-sitio-web-de-juna-financial-solutions-alcanzar-la-excelencia-en-el-rendimiento-y-mejorar-la-experiencia-del-usuario\/","title":{"rendered":"Revisi\u00f3n del sitio web de Juna Financial Solutions: Alcanzar la excelencia en el rendimiento y mejorar la experiencia del usuario"},"content":{"rendered":"<div class=\"gb-container gb-container-6bff6dc5\">\n<div class=\"gb-container gb-container-e5987bb8\">\n<div class=\"gb-container gb-container-1441dfeb\">\n\n<h1 class=\"gb-headline gb-headline-1f9858a2 gb-headline-text\">Revisi\u00f3n del sitio web de Juna Financial Solutions: Un viaje hacia la excelencia en el rendimiento<\/h1>\n\n\n\n<p class=\"has-base-3-color has-text-color has-link-color wp-elements-118633fb24cc2b04afcbf5e91a10858c\">En el mundo digital, tu sitio web suele ser el primer punto de contacto con los clientes potenciales. Un sitio web atractivo y de carga r\u00e1pida puede cautivar a los visitantes y fomentar la repetici\u00f3n de las visitas. En Tampa Bay Website Design LLC, estamos especializados en la creaci\u00f3n de este tipo de sitios web, optimiz\u00e1ndolos tanto para la experiencia del usuario como para el SEO.<\/p>\n\n<\/div>\n<\/div>\n<\/div><div class=\"gb-container gb-container-906045d0\">\n<div class=\"gb-container gb-container-ba6b213d\">\n\n<div class=\"wp-block-media-text is-vertically-aligned-top\" style=\"grid-template-columns:15% auto\"><figure class=\"wp-block-media-text__media\"><a href=\"https:\/\/www.junafinancial.com\" target=\"_blank\" rel=\"noreferrer noopener\"><img decoding=\"async\" width=\"320\" height=\"131\" src=\"https:\/\/www.tbwebsitedesign.com\/wp-content\/uploads\/2023\/10\/juna-color-logo.svg\" alt=\"\" class=\"wp-image-11128 size-full\"\/><\/a><\/figure><div class=\"wp-block-media-text__content\">\n<h2 class=\"gb-headline gb-headline-ddb527d3 gb-headline-text\">Visi\u00f3n general del cliente: Juna Financial Solutions LLC<\/h2>\n<\/div><\/div>\n\n\n\n<div style=\"height:20px\" aria-hidden=\"true\" class=\"wp-block-spacer\"><\/div>\n\n\n\n<p>Juna Financial Solutions es un actor apreciado en el sector financiero, que ofrece una gama de servicios externalizados para peque\u00f1as y medianas empresas. Con servicios que abarcan desde la contabilidad hasta los servicios de director financiero, Juna aprovecha un enfoque orientado al equipo y la tecnolog\u00eda m\u00e1s avanzada para ofrecer resultados excepcionales. Su sitio web: <a href=\"https:\/\/www.junafinancial.com\">junafinancial.com<\/a>.<\/p>\n\n<\/div>\n<\/div><div class=\"gb-container gb-container-43749417\">\n<div class=\"gb-container gb-container-2e4802c0\">\n<div class=\"gb-container gb-container-e080cabf\">\n\n<h2 class=\"gb-headline gb-headline-0dc2fc2d gb-headline-text\">Estado inicial del sitio web de Juna<\/h2>\n\n\n\n<p>Nuestra evaluaci\u00f3n inicial del sitio web de Juna revel\u00f3 importantes problemas de rendimiento. Con un grado de rendimiento de 71, un tama\u00f1o de p\u00e1gina de 3,3 MB, un tiempo de carga de 1,87 segundos y 59 peticiones, el sitio estaba lejos de estar optimizado. La versi\u00f3n m\u00f3vil s\u00f3lo obtuvo un 24 en Google PageSpeed Insights. Estas m\u00e9tricas probablemente contribuyeron a una mala experiencia de usuario y a un bajo posicionamiento SEO, haciendo que los clientes potenciales abandonaran el sitio antes de tiempo.<\/p>\n\n<\/div>\n\n<div class=\"gb-container gb-container-d4b19547\">\n\n<figure class=\"gb-block-image gb-block-image-1b5c35dc\"><img decoding=\"async\" width=\"800\" height=\"653\" class=\"gb-image gb-image-1b5c35dc\" src=\"https:\/\/www.tbwebsitedesign.com\/wp-content\/uploads\/2023\/10\/juna-financial-solutions-old-website.png\" alt=\"\" title=\"juna-soluciones-financieras-sitio-viejo\" srcset=\"https:\/\/www.tbwebsitedesign.com\/wp-content\/uploads\/2023\/10\/juna-financial-solutions-old-website.png 800w, https:\/\/www.tbwebsitedesign.com\/wp-content\/uploads\/2023\/10\/juna-financial-solutions-old-website-300x245.png 300w, https:\/\/www.tbwebsitedesign.com\/wp-content\/uploads\/2023\/10\/juna-financial-solutions-old-website-768x627.png 768w\" sizes=\"(max-width: 800px) 100vw, 800px\" \/><\/figure>\n\n<\/div>\n<\/div>\n\n<div class=\"gb-container gb-container-2b1f82b7\">\n<div class=\"gb-container gb-container-babc1d9d\">\n\n<figure class=\"wp-block-gallery has-nested-images columns-3 is-cropped wp-block-gallery-1 is-layout-flex wp-block-gallery-is-layout-flex\">\n<figure data-wp-context=\"{&quot;imageId&quot;:&quot;69d73da79c11f&quot;}\" data-wp-interactive=\"core\/image\" data-wp-key=\"69d73da79c11f\" class=\"wp-block-image size-full wp-lightbox-container\"><img decoding=\"async\" width=\"990\" height=\"866\" data-wp-class--hide=\"state.isContentHidden\" data-wp-class--show=\"state.isContentVisible\" data-wp-init=\"callbacks.setButtonStyles\" data-wp-on--click=\"actions.showLightbox\" data-wp-on--load=\"callbacks.setButtonStyles\" data-wp-on-window--resize=\"callbacks.setButtonStyles\" data-id=\"11136\" src=\"https:\/\/www.tbwebsitedesign.com\/wp-content\/uploads\/2023\/10\/juna-pingdom-website-speed-jpg.webp\" alt=\"\" class=\"wp-image-11136\" srcset=\"https:\/\/www.tbwebsitedesign.com\/wp-content\/uploads\/2023\/10\/juna-pingdom-website-speed-jpg.webp 990w, https:\/\/www.tbwebsitedesign.com\/wp-content\/uploads\/2023\/10\/juna-pingdom-website-speed-300x262.webp 300w, https:\/\/www.tbwebsitedesign.com\/wp-content\/uploads\/2023\/10\/juna-pingdom-website-speed-768x672.webp 768w\" sizes=\"(max-width: 990px) 100vw, 990px\" \/><button\n\t\t\tclass=\"lightbox-trigger\"\n\t\t\ttype=\"button\"\n\t\t\taria-haspopup=\"dialog\"\n\t\t\taria-label=\"Agrandar\"\n\t\t\tdata-wp-init=\"callbacks.initTriggerButton\"\n\t\t\tdata-wp-on--click=\"actions.showLightbox\"\n\t\t\tdata-wp-style--right=\"state.imageButtonRight\"\n\t\t\tdata-wp-style--top=\"state.imageButtonTop\"\n\t\t>\n\t\t\t<svg xmlns=\"http:\/\/www.w3.org\/2000\/svg\" width=\"12\" height=\"12\" fill=\"none\" viewBox=\"0 0 12 12\">\n\t\t\t\t<path fill=\"#fff\" d=\"M2 0a2 2 0 0 0-2 2v2h1.5V2a.5.5 0 0 1 .5-.5h2V0H2Zm2 10.5H2a.5.5 0 0 1-.5-.5V8H0v2a2 2 0 0 0 2 2h2v-1.5ZM8 12v-1.5h2a.5.5 0 0 0 .5-.5V8H12v2a2 2 0 0 1-2 2H8Zm2-12a2 2 0 0 1 2 2v2h-1.5V2a.5.5 0 0 0-.5-.5H8V0h2Z\" \/>\n\t\t\t<\/svg>\n\t\t<\/button><\/figure>\n\n\n\n<figure data-wp-context=\"{&quot;imageId&quot;:&quot;69d73da79c7b2&quot;}\" data-wp-interactive=\"core\/image\" data-wp-key=\"69d73da79c7b2\" class=\"wp-block-image size-full wp-lightbox-container\"><img decoding=\"async\" width=\"980\" height=\"889\" data-wp-class--hide=\"state.isContentHidden\" data-wp-class--show=\"state.isContentVisible\" data-wp-init=\"callbacks.setButtonStyles\" data-wp-on--click=\"actions.showLightbox\" data-wp-on--load=\"callbacks.setButtonStyles\" data-wp-on-window--resize=\"callbacks.setButtonStyles\" data-id=\"11129\" src=\"https:\/\/www.tbwebsitedesign.com\/wp-content\/uploads\/2023\/10\/juna-financial-pingdom-speedtest-before-redesign-jpg.webp\" alt=\"\" class=\"wp-image-11129\" srcset=\"https:\/\/www.tbwebsitedesign.com\/wp-content\/uploads\/2023\/10\/juna-financial-pingdom-speedtest-before-redesign-jpg.webp 980w, https:\/\/www.tbwebsitedesign.com\/wp-content\/uploads\/2023\/10\/juna-financial-pingdom-speedtest-before-redesign-300x272.webp 300w, https:\/\/www.tbwebsitedesign.com\/wp-content\/uploads\/2023\/10\/juna-financial-pingdom-speedtest-before-redesign-768x697.webp 768w\" sizes=\"(max-width: 980px) 100vw, 980px\" \/><button\n\t\t\tclass=\"lightbox-trigger\"\n\t\t\ttype=\"button\"\n\t\t\taria-haspopup=\"dialog\"\n\t\t\taria-label=\"Agrandar\"\n\t\t\tdata-wp-init=\"callbacks.initTriggerButton\"\n\t\t\tdata-wp-on--click=\"actions.showLightbox\"\n\t\t\tdata-wp-style--right=\"state.imageButtonRight\"\n\t\t\tdata-wp-style--top=\"state.imageButtonTop\"\n\t\t>\n\t\t\t<svg xmlns=\"http:\/\/www.w3.org\/2000\/svg\" width=\"12\" height=\"12\" fill=\"none\" viewBox=\"0 0 12 12\">\n\t\t\t\t<path fill=\"#fff\" d=\"M2 0a2 2 0 0 0-2 2v2h1.5V2a.5.5 0 0 1 .5-.5h2V0H2Zm2 10.5H2a.5.5 0 0 1-.5-.5V8H0v2a2 2 0 0 0 2 2h2v-1.5ZM8 12v-1.5h2a.5.5 0 0 0 .5-.5V8H12v2a2 2 0 0 1-2 2H8Zm2-12a2 2 0 0 1 2 2v2h-1.5V2a.5.5 0 0 0-.5-.5H8V0h2Z\" \/>\n\t\t\t<\/svg>\n\t\t<\/button><\/figure>\n\n\n\n<figure data-wp-context=\"{&quot;imageId&quot;:&quot;69d73da79ccfd&quot;}\" data-wp-interactive=\"core\/image\" data-wp-key=\"69d73da79ccfd\" class=\"wp-block-image size-full wp-lightbox-container\"><img decoding=\"async\" width=\"1544\" height=\"834\" data-wp-class--hide=\"state.isContentHidden\" data-wp-class--show=\"state.isContentVisible\" data-wp-init=\"callbacks.setButtonStyles\" data-wp-on--click=\"actions.showLightbox\" data-wp-on--load=\"callbacks.setButtonStyles\" data-wp-on-window--resize=\"callbacks.setButtonStyles\" data-id=\"11134\" src=\"https:\/\/www.tbwebsitedesign.com\/wp-content\/uploads\/2023\/10\/juna-financial-solutions-gtmetrix-score-before-jpg.webp\" alt=\"\" class=\"wp-image-11134\" srcset=\"https:\/\/www.tbwebsitedesign.com\/wp-content\/uploads\/2023\/10\/juna-financial-solutions-gtmetrix-score-before-jpg.webp 1544w, https:\/\/www.tbwebsitedesign.com\/wp-content\/uploads\/2023\/10\/juna-financial-solutions-gtmetrix-score-before-300x162.webp 300w, https:\/\/www.tbwebsitedesign.com\/wp-content\/uploads\/2023\/10\/juna-financial-solutions-gtmetrix-score-before-1024x553.webp 1024w, https:\/\/www.tbwebsitedesign.com\/wp-content\/uploads\/2023\/10\/juna-financial-solutions-gtmetrix-score-before-768x415.webp 768w, https:\/\/www.tbwebsitedesign.com\/wp-content\/uploads\/2023\/10\/juna-financial-solutions-gtmetrix-score-before-1536x830.webp 1536w\" sizes=\"(max-width: 1544px) 100vw, 1544px\" \/><button\n\t\t\tclass=\"lightbox-trigger\"\n\t\t\ttype=\"button\"\n\t\t\taria-haspopup=\"dialog\"\n\t\t\taria-label=\"Agrandar\"\n\t\t\tdata-wp-init=\"callbacks.initTriggerButton\"\n\t\t\tdata-wp-on--click=\"actions.showLightbox\"\n\t\t\tdata-wp-style--right=\"state.imageButtonRight\"\n\t\t\tdata-wp-style--top=\"state.imageButtonTop\"\n\t\t>\n\t\t\t<svg xmlns=\"http:\/\/www.w3.org\/2000\/svg\" width=\"12\" height=\"12\" fill=\"none\" viewBox=\"0 0 12 12\">\n\t\t\t\t<path fill=\"#fff\" d=\"M2 0a2 2 0 0 0-2 2v2h1.5V2a.5.5 0 0 1 .5-.5h2V0H2Zm2 10.5H2a.5.5 0 0 1-.5-.5V8H0v2a2 2 0 0 0 2 2h2v-1.5ZM8 12v-1.5h2a.5.5 0 0 0 .5-.5V8H12v2a2 2 0 0 1-2 2H8Zm2-12a2 2 0 0 1 2 2v2h-1.5V2a.5.5 0 0 0-.5-.5H8V0h2Z\" \/>\n\t\t\t<\/svg>\n\t\t<\/button><\/figure>\n<\/figure>\n\n<\/div>\n<\/div>\n<\/div><div class=\"gb-container gb-container-f7eecdb5\">\n<div class=\"gb-container gb-container-60ad3251\">\n\n<h2 class=\"gb-headline gb-headline-23fd6d0f\"><span class=\"gb-icon\"><svg xmlns=\"http:\/\/www.w3.org\/2000\/svg\" viewbox=\"0 0 8.145 54.189\"><path d=\"M4.262 40.052V0l-.439.438v39.613l.439.001zm-.439 3.853v9.845l.438.438.001-10.284-.439.001zm3.883-11.29v17.518l.439-.439V32.615h-.439zm0-8.273h.439V9.495l-.439-.439v15.286zM.439 21.074V4.056L0 4.495l.001 16.579h.438zm.001 6.274l-.439-.001v19.347l.439.439V27.348z\"><\/path><\/svg><\/span><span class=\"gb-headline-text\">El proceso de transformaci\u00f3n<\/span><\/h2>\n\n\n\n<p class=\"has-text-align-left\">Equipados con nuestra experiencia en almacenamiento en cach\u00e9, optimizaci\u00f3n de bases de datos, optimizaci\u00f3n de im\u00e1genes y mucho m\u00e1s, nos embarcamos en la mejora del rendimiento del sitio web de Juna. Empezamos por identificar y rectificar los principales cuellos de botella de rendimiento. A continuaci\u00f3n, aplicamos varias estrategias de optimizaci\u00f3n, como:<\/p>\n\n\n\n<p class=\"gb-headline gb-headline-033f272d\"><span class=\"gb-icon\"><svg xmlns=\"http:\/\/www.w3.org\/2000\/svg\" aria-hidden=\"true\" role=\"img\" height=\"1em\" width=\"1em\" viewbox=\"0 0 512 512\"><path fill=\"currentColor\" d=\"M173.898 439.404l-166.4-166.4c-9.997-9.997-9.997-26.206 0-36.204l36.203-36.204c9.997-9.998 26.207-9.998 36.204 0L192 312.69 432.095 72.596c9.997-9.997 26.207-9.997 36.204 0l36.203 36.204c9.997 9.997 9.997 26.206 0 36.204l-294.4 294.401c-9.998 9.997-26.207 9.997-36.204-.001z\"><\/path><\/svg><\/span><span class=\"gb-headline-text\">Minificar y combinar archivos CSS y JavaScript<\/span><\/p>\n\n\n\n<p class=\"gb-headline gb-headline-6da8c2e0\"><span class=\"gb-icon\"><svg xmlns=\"http:\/\/www.w3.org\/2000\/svg\" aria-hidden=\"true\" role=\"img\" height=\"1em\" width=\"1em\" viewbox=\"0 0 512 512\"><path fill=\"currentColor\" d=\"M173.898 439.404l-166.4-166.4c-9.997-9.997-9.997-26.206 0-36.204l36.203-36.204c9.997-9.998 26.207-9.998 36.204 0L192 312.69 432.095 72.596c9.997-9.997 26.207-9.997 36.204 0l36.203 36.204c9.997 9.997 9.997 26.206 0 36.204l-294.4 294.401c-9.998 9.997-26.207 9.997-36.204-.001z\"><\/path><\/svg><\/span><span class=\"gb-headline-text\">Activar la compresi\u00f3n gzip<\/span><\/p>\n\n\n\n<p class=\"gb-headline gb-headline-638d6f29\"><span class=\"gb-icon\"><svg xmlns=\"http:\/\/www.w3.org\/2000\/svg\" aria-hidden=\"true\" role=\"img\" height=\"1em\" width=\"1em\" viewbox=\"0 0 512 512\"><path fill=\"currentColor\" d=\"M173.898 439.404l-166.4-166.4c-9.997-9.997-9.997-26.206 0-36.204l36.203-36.204c9.997-9.998 26.207-9.998 36.204 0L192 312.69 432.095 72.596c9.997-9.997 26.207-9.997 36.204 0l36.203 36.204c9.997 9.997 9.997 26.206 0 36.204l-294.4 294.401c-9.998 9.997-26.207 9.997-36.204-.001z\"><\/path><\/svg><\/span><span class=\"gb-headline-text\">Optimizar im\u00e1genes<\/span><\/p>\n\n\n\n<p class=\"gb-headline gb-headline-80d39844\"><span class=\"gb-icon\"><svg xmlns=\"http:\/\/www.w3.org\/2000\/svg\" aria-hidden=\"true\" role=\"img\" height=\"1em\" width=\"1em\" viewbox=\"0 0 512 512\"><path fill=\"currentColor\" d=\"M173.898 439.404l-166.4-166.4c-9.997-9.997-9.997-26.206 0-36.204l36.203-36.204c9.997-9.998 26.207-9.998 36.204 0L192 312.69 432.095 72.596c9.997-9.997 26.207-9.997 36.204 0l36.203 36.204c9.997 9.997 9.997 26.206 0 36.204l-294.4 294.401c-9.998 9.997-26.207 9.997-36.204-.001z\"><\/path><\/svg><\/span><span class=\"gb-headline-text\">Almacenamiento en cach\u00e9 de contenido est\u00e1tico<\/span><\/p>\n\n\n\n<p class=\"gb-headline gb-headline-325e3e89\"><span class=\"gb-icon\"><svg xmlns=\"http:\/\/www.w3.org\/2000\/svg\" aria-hidden=\"true\" role=\"img\" height=\"1em\" width=\"1em\" viewbox=\"0 0 512 512\"><path fill=\"currentColor\" d=\"M173.898 439.404l-166.4-166.4c-9.997-9.997-9.997-26.206 0-36.204l36.203-36.204c9.997-9.998 26.207-9.998 36.204 0L192 312.69 432.095 72.596c9.997-9.997 26.207-9.997 36.204 0l36.203 36.204c9.997 9.997 9.997 26.206 0 36.204l-294.4 294.401c-9.998 9.997-26.207 9.997-36.204-.001z\"><\/path><\/svg><\/span><span class=\"gb-headline-text\">Utilizar una Red de Entrega de Contenidos (CDN)<\/span><\/p>\n\n<\/div>\n<\/div><div class=\"gb-container gb-container-74448196\">\n<div class=\"gb-container gb-container-e6fdcf60\">\n<div class=\"gb-container gb-container-c95ca5fc\">\n\n<h2 class=\"gb-headline gb-headline-875c839e gb-headline-text\">Eval\u00faa el impacto: El antes y el despu\u00e9s<\/h2>\n\n\n\n<p>Nuestros rigurosos esfuerzos dieron lugar a un aumento significativo del rendimiento del sitio web de Juna. La nota de rendimiento del sitio subi\u00f3 a 95, el tama\u00f1o de la p\u00e1gina se redujo a 562,8 KB, el tiempo de carga se redujo a 326 milisegundos y las peticiones se minimizaron a 15. En particular, la versi\u00f3n m\u00f3vil tambi\u00e9n ha experimentado mejoras sustanciales: la puntuaci\u00f3n de Google PageSpeed Insights ha subido a 97, la accesibilidad a 90 y el SEO a 93.<\/p>\n\n<\/div>\n\n<div class=\"gb-container gb-container-9d58a14c\">\n\n<figure class=\"gb-block-image gb-block-image-cce324c3\"><img decoding=\"async\" width=\"800\" height=\"655\" class=\"gb-image gb-image-cce324c3\" src=\"https:\/\/www.tbwebsitedesign.com\/wp-content\/uploads\/2023\/10\/juna-website-redesign-2023-by-tampa-bay-website-design.png\" alt=\"\" title=\"juna-website-redesign-2023-by-tampa-bay-website-design\" srcset=\"https:\/\/www.tbwebsitedesign.com\/wp-content\/uploads\/2023\/10\/juna-website-redesign-2023-by-tampa-bay-website-design.png 800w, https:\/\/www.tbwebsitedesign.com\/wp-content\/uploads\/2023\/10\/juna-website-redesign-2023-by-tampa-bay-website-design-300x246.png 300w, https:\/\/www.tbwebsitedesign.com\/wp-content\/uploads\/2023\/10\/juna-website-redesign-2023-by-tampa-bay-website-design-768x629.png 768w\" sizes=\"(max-width: 800px) 100vw, 800px\" \/><\/figure>\n\n<\/div>\n<\/div>\n\n<div class=\"gb-container gb-container-8779162d\">\n<div class=\"gb-container gb-container-f5747853\">\n\n<figure class=\"wp-block-gallery has-nested-images columns-3 is-cropped wp-block-gallery-2 is-layout-flex wp-block-gallery-is-layout-flex\">\n<figure class=\"wp-block-image size-full\"><img decoding=\"async\" width=\"980\" height=\"890\" data-id=\"11153\" src=\"https:\/\/www.tbwebsitedesign.com\/wp-content\/uploads\/2023\/10\/juna-financial-solutions-website-redesign-new-pingdom-speed-test-post-redesign-jpg.webp\" alt=\"\" class=\"wp-image-11153\" srcset=\"https:\/\/www.tbwebsitedesign.com\/wp-content\/uploads\/2023\/10\/juna-financial-solutions-website-redesign-new-pingdom-speed-test-post-redesign-jpg.webp 980w, https:\/\/www.tbwebsitedesign.com\/wp-content\/uploads\/2023\/10\/juna-financial-solutions-website-redesign-new-pingdom-speed-test-post-redesign-300x272.webp 300w, https:\/\/www.tbwebsitedesign.com\/wp-content\/uploads\/2023\/10\/juna-financial-solutions-website-redesign-new-pingdom-speed-test-post-redesign-768x697.webp 768w\" sizes=\"(max-width: 980px) 100vw, 980px\" \/><\/figure>\n\n\n\n<figure class=\"wp-block-image size-full\"><img decoding=\"async\" width=\"980\" height=\"890\" data-id=\"11155\" src=\"https:\/\/www.tbwebsitedesign.com\/wp-content\/uploads\/2023\/10\/juna-financial-solutions-website-redesign-new-google-pagespeed-insights-test-post-redesign-jpg.webp\" alt=\"\" class=\"wp-image-11155\" srcset=\"https:\/\/www.tbwebsitedesign.com\/wp-content\/uploads\/2023\/10\/juna-financial-solutions-website-redesign-new-google-pagespeed-insights-test-post-redesign-jpg.webp 980w, https:\/\/www.tbwebsitedesign.com\/wp-content\/uploads\/2023\/10\/juna-financial-solutions-website-redesign-new-google-pagespeed-insights-test-post-redesign-300x272.webp 300w, https:\/\/www.tbwebsitedesign.com\/wp-content\/uploads\/2023\/10\/juna-financial-solutions-website-redesign-new-google-pagespeed-insights-test-post-redesign-768x697.webp 768w\" sizes=\"(max-width: 980px) 100vw, 980px\" \/><\/figure>\n\n\n\n<figure class=\"wp-block-image size-full\"><img decoding=\"async\" width=\"1404\" height=\"874\" data-id=\"11154\" src=\"https:\/\/www.tbwebsitedesign.com\/wp-content\/uploads\/2023\/10\/juna-financial-solutions-website-redesign-new-gtmetrix-test-post-redesign.jpg-jpg.webp\" alt=\"\" class=\"wp-image-11154\" srcset=\"https:\/\/www.tbwebsitedesign.com\/wp-content\/uploads\/2023\/10\/juna-financial-solutions-website-redesign-new-gtmetrix-test-post-redesign.jpg-jpg.webp 1404w, https:\/\/www.tbwebsitedesign.com\/wp-content\/uploads\/2023\/10\/juna-financial-solutions-website-redesign-new-gtmetrix-test-post-redesign.jpg-300x187.webp 300w, https:\/\/www.tbwebsitedesign.com\/wp-content\/uploads\/2023\/10\/juna-financial-solutions-website-redesign-new-gtmetrix-test-post-redesign.jpg-1024x637.webp 1024w, https:\/\/www.tbwebsitedesign.com\/wp-content\/uploads\/2023\/10\/juna-financial-solutions-website-redesign-new-gtmetrix-test-post-redesign.jpg-768x478.webp 768w\" sizes=\"(max-width: 1404px) 100vw, 1404px\" \/><\/figure>\n<\/figure>\n\n<\/div>\n<\/div>\n<\/div><div class=\"gb-container gb-container-654d7dca\">\n<div class=\"gb-container gb-container-ba6b7a4a\">\n\n<h2 class=\"gb-headline gb-headline-b5421c0d gb-headline-text\">SEO y uso mejorados  <\/h2>\n\n\n\n<p>Estas mejoras han tenido un impacto positivo en la clasificaci\u00f3n SEO de Juna y en la experiencia del usuario, lo que ha llevado a una mejor clasificaci\u00f3n en las SERP, una mayor participaci\u00f3n de los visitantes y un aumento de los clientes potenciales y las ventas.<\/p>\n\n<\/div>\n<\/div>","protected":false},"excerpt":{"rendered":"<p>Revisi\u00f3n del sitio web de Juna Financial Solutions: Un viaje hacia la excelencia en el rendimiento En el mundo digital, tu sitio web suele ser el primer punto de contacto con los clientes potenciales. Un sitio web atractivo y de carga r\u00e1pida puede cautivar a los visitantes y fomentar la repetici\u00f3n de las visitas. En &#8230; <\/p>\n<p class=\"read-more-container\"><a title=\"Revisi\u00f3n del sitio web de Juna Financial Solutions: Alcanzar la excelencia en el rendimiento y mejorar la experiencia del usuario\" class=\"read-more button\" href=\"https:\/\/www.tbwebsitedesign.com\/es\/historias-de-exito-excelencia-probada-en-el-diseno-de-sitios-web-en-tampa-bay\/revision-del-sitio-web-de-juna-financial-solutions-alcanzar-la-excelencia-en-el-rendimiento-y-mejorar-la-experiencia-del-usuario\/#more-12899\" aria-label=\"Leer m\u00e1s sobre Revisi\u00f3n del sitio web de Juna Financial Solutions: Alcanzar la excelencia en el rendimiento y mejorar la experiencia del usuario\">Leer m\u00e1s<\/a><\/p>\n","protected":false},"author":1,"featured_media":12822,"parent":12902,"menu_order":0,"comment_status":"closed","ping_status":"closed","template":"","meta":{"_seopress_robots_primary_cat":"","_seopress_titles_title":"Mejorar el rendimiento del sitio web y las clasificaciones SEO: La notable transformaci\u00f3n de Juna Financial Solutions","_seopress_titles_desc":"Descubre c\u00f3mo Juna Financial Solutions consigui\u00f3 mejoras notables en el rendimiento del sitio web y en las clasificaciones SEO mediante una revisi\u00f3n integral del sitio web. Experimenta una mayor participaci\u00f3n de los usuarios, mejores posiciones en las SERP y un aumento de los clientes potenciales y las ventas.","_seopress_robots_index":"","footnotes":""},"class_list":{"0":"post-12899","1":"page","2":"type-page","3":"status-publish","4":"has-post-thumbnail","6":"infinite-scroll-item"},"_links":{"self":[{"href":"https:\/\/www.tbwebsitedesign.com\/es\/wp-json\/wp\/v2\/pages\/12899","targetHints":{"allow":["GET"]}}],"collection":[{"href":"https:\/\/www.tbwebsitedesign.com\/es\/wp-json\/wp\/v2\/pages"}],"about":[{"href":"https:\/\/www.tbwebsitedesign.com\/es\/wp-json\/wp\/v2\/types\/page"}],"author":[{"embeddable":true,"href":"https:\/\/www.tbwebsitedesign.com\/es\/wp-json\/wp\/v2\/users\/1"}],"replies":[{"embeddable":true,"href":"https:\/\/www.tbwebsitedesign.com\/es\/wp-json\/wp\/v2\/comments?post=12899"}],"version-history":[{"count":0,"href":"https:\/\/www.tbwebsitedesign.com\/es\/wp-json\/wp\/v2\/pages\/12899\/revisions"}],"up":[{"embeddable":true,"href":"https:\/\/www.tbwebsitedesign.com\/es\/wp-json\/wp\/v2\/pages\/12902"}],"wp:featuredmedia":[{"embeddable":true,"href":"https:\/\/www.tbwebsitedesign.com\/es\/wp-json\/wp\/v2\/media\/12822"}],"wp:attachment":[{"href":"https:\/\/www.tbwebsitedesign.com\/es\/wp-json\/wp\/v2\/media?parent=12899"}],"curies":[{"name":"wp","href":"https:\/\/api.w.org\/{rel}","templated":true}]}}