{"id":12898,"date":"2024-01-09T17:56:29","date_gmt":"2024-01-09T22:56:29","guid":{"rendered":"https:\/\/www.tbwebsitedesign.com\/servicios-expertos-de-desarrollo-de-comercio-electronico-de-tampa-bay-website-design\/"},"modified":"2024-07-12T10:21:54","modified_gmt":"2024-07-12T14:21:54","slug":"servicios-expertos-de-desarrollo-de-comercio-electronico-de-tampa-bay-website-design","status":"publish","type":"page","link":"https:\/\/www.tbwebsitedesign.com\/es\/servicios-expertos-de-desarrollo-de-comercio-electronico-de-tampa-bay-website-design\/","title":{"rendered":"Servicios expertos de desarrollo de comercio electr\u00f3nico de Tampa Bay Website Design"},"content":{"rendered":"<div class=\"gb-container gb-container-6bff6dc5\">\n<div class=\"gb-container gb-container-e5987bb8\">\n<div class=\"gb-container gb-container-1441dfeb\">\n\n<h1 class=\"gb-headline gb-headline-1f9858a2 gb-headline-text\">Eleva tus ventas online con los servicios de desarrollo de comercio electr\u00f3nico de Tampa Bay Website Design<\/h1>\n\n\n\n<p class=\"gb-headline gb-headline-3560bafb gb-headline-text\">Tampa Bay Website Design, uno de los mejores equipos de dise\u00f1adores web de Tampa, ofrece un conjunto completo de servicios de desarrollo de sitios web de comercio electr\u00f3nico. Estos servicios ayudan a las empresas a crear una fuerte presencia online y a impulsar las ventas. Nuestros experimentados desarrolladores y dise\u00f1adores se dedican a proporcionar soluciones personalizadas que satisfagan tus necesidades empresariales \u00fanicas.<\/p>\n\n<\/div>\n\n<div class=\"gb-container gb-container-f66320ac\">\n\n<figure class=\"gb-block-image gb-block-image-837b8a49\"><img decoding=\"async\" width=\"1070\" height=\"1320\" class=\"gb-image gb-image-837b8a49\" src=\"https:\/\/www.tbwebsitedesign.com\/wp-content\/uploads\/2023\/05\/e-commerce-development-small-business-tampa-bay-website-design.svg\" alt=\"Icono de carrito de la compra digital que representa servicios expertos de desarrollo de comercio electr\u00f3nico para empresas en l\u00ednea\" title=\"comercio electr\u00f3nico-desarrollo-peque\u00f1a-empresa-tampa-bay-dise\u00f1o-sitio-web\"><\/figure>\n\n<\/div>\n<\/div>\n<\/div><div class=\"gb-container gb-container-56b4537c\">\n<div class=\"gb-container gb-container-c95b6af6\">\n<div class=\"gb-container gb-container-6458196e\">\n<div class=\"gb-container gb-container-a34e849c\">\n\n<h2 class=\"gb-headline gb-headline-977422b7 gb-headline-text\">\u00bfPor qu\u00e9 elegir el dise\u00f1o web de Tampa Bay para el desarrollo del comercio electr\u00f3nico?<\/h2>\n\n\n\n<p class=\"gb-headline gb-headline-6da8c2e0\"><span class=\"gb-icon\"><svg xmlns=\"http:\/\/www.w3.org\/2000\/svg\" aria-hidden=\"true\" role=\"img\" height=\"1em\" width=\"1em\" viewbox=\"0 0 512 512\"><path fill=\"currentColor\" d=\"M173.898 439.404l-166.4-166.4c-9.997-9.997-9.997-26.206 0-36.204l36.203-36.204c9.997-9.998 26.207-9.998 36.204 0L192 312.69 432.095 72.596c9.997-9.997 26.207-9.997 36.204 0l36.203 36.204c9.997 9.997 9.997 26.206 0 36.204l-294.4 294.401c-9.998 9.997-26.207 9.997-36.204-.001z\"><\/path><\/svg><\/span><span class=\"gb-headline-text\">Experiencia demostrada en el dise\u00f1o y construcci\u00f3n de sitios web de comercio electr\u00f3nico<\/span><\/p>\n\n\n\n<p class=\"gb-headline gb-headline-033f272d\"><span class=\"gb-icon\"><svg xmlns=\"http:\/\/www.w3.org\/2000\/svg\" aria-hidden=\"true\" role=\"img\" height=\"1em\" width=\"1em\" viewbox=\"0 0 512 512\"><path fill=\"currentColor\" d=\"M173.898 439.404l-166.4-166.4c-9.997-9.997-9.997-26.206 0-36.204l36.203-36.204c9.997-9.998 26.207-9.998 36.204 0L192 312.69 432.095 72.596c9.997-9.997 26.207-9.997 36.204 0l36.203 36.204c9.997 9.997 9.997 26.206 0 36.204l-294.4 294.401c-9.998 9.997-26.207 9.997-36.204-.001z\"><\/path><\/svg><\/span><span class=\"gb-headline-text\">Uso de tecnolog\u00eda y herramientas avanzadas para el desarrollo de sitios web de comercio electr\u00f3nico<\/span><\/p>\n\n\n<div class=\"gb-container gb-container-12f7f8c5\">\n\n<p class=\"gb-headline gb-headline-638d6f29\"><span class=\"gb-icon\"><svg xmlns=\"http:\/\/www.w3.org\/2000\/svg\" aria-hidden=\"true\" role=\"img\" height=\"1em\" width=\"1em\" viewbox=\"0 0 512 512\"><path fill=\"currentColor\" d=\"M173.898 439.404l-166.4-166.4c-9.997-9.997-9.997-26.206 0-36.204l36.203-36.204c9.997-9.998 26.207-9.998 36.204 0L192 312.69 432.095 72.596c9.997-9.997 26.207-9.997 36.204 0l36.203 36.204c9.997 9.997 9.997 26.206 0 36.204l-294.4 294.401c-9.998 9.997-26.207 9.997-36.204-.001z\"><\/path><\/svg><\/span><span class=\"gb-headline-text\">Soluciones personalizadas adaptadas a las necesidades espec\u00edficas de tu empresa<\/span><\/p>\n\n<\/div>\n\n\n<p class=\"gb-headline gb-headline-d1f091b3\"><span class=\"gb-icon\"><svg xmlns=\"http:\/\/www.w3.org\/2000\/svg\" aria-hidden=\"true\" role=\"img\" height=\"1em\" width=\"1em\" viewbox=\"0 0 512 512\"><path fill=\"currentColor\" d=\"M173.898 439.404l-166.4-166.4c-9.997-9.997-9.997-26.206 0-36.204l36.203-36.204c9.997-9.998 26.207-9.998 36.204 0L192 312.69 432.095 72.596c9.997-9.997 26.207-9.997 36.204 0l36.203 36.204c9.997 9.997 9.997 26.206 0 36.204l-294.4 294.401c-9.998 9.997-26.207 9.997-36.204-.001z\"><\/path><\/svg><\/span><span class=\"gb-headline-text\">Asistencia y mantenimiento completos<\/span><\/p>\n\n\n\n<p>Cuando te asocias con Tampa Bay Website Design, te est\u00e1s asociando con un proveedor de servicios de desarrollo de sitios web de comercio electr\u00f3nico profesional y fiable.<\/p>\n\n<\/div>\n<\/div>\n<\/div>\n<\/div><div class=\"gb-container gb-container-f7eecdb5\">\n<div class=\"gb-container gb-container-60ad3251\">\n\n<h3 class=\"gb-headline gb-headline-23fd6d0f\"><span class=\"gb-icon\"><svg xmlns=\"http:\/\/www.w3.org\/2000\/svg\" viewbox=\"0 0 8.145 54.189\"><path d=\"M4.262 40.052V0l-.439.438v39.613l.439.001zm-.439 3.853v9.845l.438.438.001-10.284-.439.001zm3.883-11.29v17.518l.439-.439V32.615h-.439zm0-8.273h.439V9.495l-.439-.439v15.286zM.439 21.074V4.056L0 4.495l.001 16.579h.438zm.001 6.274l-.439-.001v19.347l.439.439V27.348z\"><\/path><\/svg><\/span><span class=\"gb-headline-text\">Nuestros servicios de desarrollo de comercio electr\u00f3nico<\/span><\/h3>\n\n\n\n<p class=\"has-base-3-color has-text-color has-link-color wp-elements-2e68ed0c2c51fc80ea503606a3ec14ed\">Como empresa l\u00edder en dise\u00f1o de sitios web en Tampa, ofrecemos una amplia gama de servicios de desarrollo de sitios web de comercio electr\u00f3nico, que incluyen:<\/p>\n\n\n<div class=\"gb-grid-wrapper gb-grid-wrapper-330be022\">\n<div class=\"gb-grid-column gb-grid-column-69fe2156\"><div class=\"gb-container gb-container-69fe2156\">\n\n<figure class=\"gb-block-image gb-block-image-feaaa309\"><img decoding=\"async\" width=\"150\" height=\"150\" class=\"gb-image gb-image-feaaa309\" src=\"https:\/\/www.tbwebsitedesign.com\/wp-content\/uploads\/2023\/05\/woocommerce-e-commerce-development-service-tampa-bay-website-design.svg\" alt=\"Servicio de desarrollo de WooCommerce elaborado por expertos, que muestra una tienda online rica en funciones y personalizable, dise\u00f1ada para elevar la experiencia de compra de los clientes y aumentar las ventas.\" title=\"woocommerce-e-commerce-development-service-tampa-bay-website-design\"><\/figure>\n\n\n\n<p class=\"gb-headline gb-headline-52010620 gb-headline-text\"><strong>Desarrollo WooCommerce<\/strong><\/p>\n\n\n\n<p class=\"gb-headline gb-headline-6843b514 gb-headline-text\">Destacamos en el desarrollo de WooCommerce, una plataforma de comercio electr\u00f3nico personalizable y robusta basada en WordPress. Nuestro equipo puede ayudarte a crear y personalizar una tienda online que se adapte a las necesidades \u00fanicas de tu negocio.<\/p>\n\n<\/div><\/div>\n\n<div class=\"gb-grid-column gb-grid-column-0e0f4ab4\"><div class=\"gb-container gb-container-0e0f4ab4\">\n\n<figure class=\"gb-block-image gb-block-image-b00a6d19\"><img decoding=\"async\" width=\"245\" height=\"245\" class=\"gb-image gb-image-b00a6d19\" src=\"https:\/\/www.tbwebsitedesign.com\/wp-content\/uploads\/2023\/05\/e-commerce-development-services-tampa-bay-website-design.svg\" alt=\"Icono de desarrollo de comercio electr\u00f3nico de Tampa Bay Website Design, que ilustra nuestra experiencia en la creaci\u00f3n de experiencias de compra en l\u00ednea personalizadas y f\u00e1ciles de usar para tu negocio.\" title=\"e-commerce-development-services-tampa-bay-website-design\"><\/figure>\n\n\n\n<p class=\"gb-headline gb-headline-0292368c gb-headline-text\"><strong>Integraci\u00f3n de la cesta de la compra<\/strong><\/p>\n\n\n\n<p class=\"gb-headline gb-headline-876b889e gb-headline-text\">Una experiencia fluida con el carrito de la compra es vital para cualquier sitio web de comercio electr\u00f3nico. Nuestro equipo puede integrar un carrito de la compra seguro y f\u00e1cil de usar en tu sitio web actual o crear uno nuevo desde cero.<\/p>\n\n<\/div><\/div>\n\n<div class=\"gb-grid-column gb-grid-column-b3f0c7e6\"><div class=\"gb-container gb-container-b3f0c7e6\">\n\n<figure class=\"gb-block-image gb-block-image-8bc22f0f\"><img decoding=\"async\" width=\"245\" height=\"245\" class=\"gb-image gb-image-8bc22f0f\" src=\"https:\/\/www.tbwebsitedesign.com\/wp-content\/uploads\/2023\/05\/product-listings-for-website-tampa-bay-website-design.svg\" alt=\"Servicio profesional de listado de productos proporcionado por Tampa Bay Website Design, que garantiza una presentaci\u00f3n organizada y visualmente atractiva de los art\u00edculos para una experiencia de comercio electr\u00f3nico optimizada.\" title=\"product-listings-for-website-tampa-bay-website-design\"><\/figure>\n\n\n\n<p class=\"gb-headline gb-headline-c8a9ba21 gb-headline-text\"><strong><strong>Lista de productos<\/strong><\/strong><\/p>\n\n\n\n<p class=\"gb-headline gb-headline-238e08f8 gb-headline-text\">Podemos ayudarte a crear atractivos listados de productos que impulsen las ventas y mejoren el compromiso de los clientes. Destacaremos tus productos con im\u00e1genes de alta calidad, descripciones detalladas y una navegaci\u00f3n sencilla.<\/p>\n\n<\/div><\/div>\n\n<div class=\"gb-grid-column gb-grid-column-b0aa641d\"><div class=\"gb-container gb-container-b0aa641d\">\n\n<figure class=\"gb-block-image gb-block-image-42577da1\"><img decoding=\"async\" width=\"245\" height=\"245\" class=\"gb-image gb-image-42577da1\" src=\"https:\/\/www.tbwebsitedesign.com\/wp-content\/uploads\/2023\/05\/inventory-management-for-e-commerce-solution-tampa-bay-website-design.svg\" alt=\"Innovador sistema de gesti\u00f3n de inventario para servicios de comercio electr\u00f3nico, dise\u00f1ado por Tampa Bay Website Design para ayudar a las empresas a realizar un seguimiento eficaz y organizar sus existencias de productos para una experiencia de compra en l\u00ednea optimizada.\" title=\"soluci\u00f3n de gesti\u00f3n de inventario para comercio electr\u00f3nico - dise\u00f1o web en la bah\u00eda de tampa\"><\/figure>\n\n\n\n<p class=\"gb-headline gb-headline-4c054914 gb-headline-text\"><strong><strong>Gesti\u00f3n de existencias<\/strong><\/strong><\/p>\n\n\n\n<p class=\"gb-headline gb-headline-ae64ae1a gb-headline-text\">Una gesti\u00f3n eficaz del inventario es crucial para un sitio de comercio electr\u00f3nico. Nuestro equipo puede configurar sistemas automatizados para realizar un seguimiento de las ventas y los env\u00edos, garantizando que tu inventario se mantiene actualizado.<\/p>\n\n<\/div><\/div>\n\n<div class=\"gb-grid-column gb-grid-column-b160eba9\"><div class=\"gb-container gb-container-b160eba9\">\n\n<figure class=\"gb-block-image gb-block-image-e4249671\"><img decoding=\"async\" width=\"150\" height=\"150\" class=\"gb-image gb-image-e4249671\" src=\"https:\/\/www.tbwebsitedesign.com\/wp-content\/uploads\/2023\/05\/payment-gateway-integration-tampa-bay-website-design.svg\" alt=\"Integraci\u00f3n segura y sin fisuras de la pasarela de pago en un servicio de comercio electr\u00f3nico, garantizando transacciones fluidas y un proceso de pago sin complicaciones para los compradores online.\" title=\"pasarela de pago-integraci\u00f3n-tampa-bay-dise\u00f1o-sitio-web\"><\/figure>\n\n\n\n<p class=\"gb-headline gb-headline-6d96aabf gb-headline-text\"><strong><strong>Integraci\u00f3n de pasarelas de pago<\/strong><\/strong><\/p>\n\n\n\n<p class=\"gb-headline gb-headline-f54cb620 gb-headline-text\">Proporcionamos servicios de integraci\u00f3n de pasarelas de pago, garantizando una aceptaci\u00f3n de pagos segura y eficaz. Podemos ayudarte a integrar pasarelas de pago populares como PayPal, Stripe y Authorize.net.<\/p>\n\n<\/div><\/div>\n<\/div>\n<\/div>\n<\/div><div class=\"gb-container gb-container-654d7dca\">\n<div class=\"gb-container gb-container-ba6b7a4a\">\n\n<p class=\"gb-headline gb-headline-b5421c0d gb-headline-text\"><strong>No pierdas la oportunidad de elevar tu negocio de comercio electr\u00f3nico. Ponte en contacto con Tampa Bay Website Design hoy mismo para concertar una llamada gratuita y obtener m\u00e1s informaci\u00f3n sobre nuestros servicios de desarrollo de sitios web de comercio electr\u00f3nico.<\/strong><\/p>\n\n\n\n<a class=\"gb-button gb-button-8c97c685 gb-button-text\" href=\"https:\/\/www.tbwebsitedesign.com\/es\/comienza-tu-viaje-de-diseno-web-en-tampa-con-tampa-bay-website-design\/\"><strong>Programa una Co<\/strong><strong>nsulta gratuita<\/strong><\/a>\n\n<\/div>\n<\/div>","protected":false},"excerpt":{"rendered":"<p>Eleva tus ventas online con los servicios de desarrollo de comercio electr\u00f3nico de Tampa Bay Website Design Tampa Bay Website Design, uno de los mejores equipos de dise\u00f1adores web de Tampa, ofrece un conjunto completo de servicios de desarrollo de sitios web de comercio electr\u00f3nico. Estos servicios ayudan a las empresas a crear una fuerte &#8230; <\/p>\n<p class=\"read-more-container\"><a title=\"Servicios expertos de desarrollo de comercio electr\u00f3nico de Tampa Bay Website Design\" class=\"read-more button\" href=\"https:\/\/www.tbwebsitedesign.com\/es\/servicios-expertos-de-desarrollo-de-comercio-electronico-de-tampa-bay-website-design\/#more-12898\" aria-label=\"Leer m\u00e1s sobre Servicios expertos de desarrollo de comercio electr\u00f3nico de Tampa Bay Website Design\">Leer m\u00e1s<\/a><\/p>\n","protected":false},"author":1,"featured_media":12797,"parent":0,"menu_order":0,"comment_status":"closed","ping_status":"closed","template":"","meta":{"_seopress_robots_primary_cat":"","_seopress_titles_title":"Aumenta tus ventas online con el desarrollo del comercio electr\u00f3nico | Dise\u00f1o web en Tampa Bay","_seopress_titles_desc":"Tampa Bay Website Design ofrece servicios integrales de desarrollo de sitios web de comercio electr\u00f3nico, ayudando a las empresas a impulsar las ventas online. Inf\u00f3rmate hoy mismo sobre nuestros servicios.","_seopress_robots_index":"","footnotes":""},"class_list":{"0":"post-12898","1":"page","2":"type-page","3":"status-publish","4":"has-post-thumbnail","6":"infinite-scroll-item"},"_links":{"self":[{"href":"https:\/\/www.tbwebsitedesign.com\/es\/wp-json\/wp\/v2\/pages\/12898","targetHints":{"allow":["GET"]}}],"collection":[{"href":"https:\/\/www.tbwebsitedesign.com\/es\/wp-json\/wp\/v2\/pages"}],"about":[{"href":"https:\/\/www.tbwebsitedesign.com\/es\/wp-json\/wp\/v2\/types\/page"}],"author":[{"embeddable":true,"href":"https:\/\/www.tbwebsitedesign.com\/es\/wp-json\/wp\/v2\/users\/1"}],"replies":[{"embeddable":true,"href":"https:\/\/www.tbwebsitedesign.com\/es\/wp-json\/wp\/v2\/comments?post=12898"}],"version-history":[{"count":0,"href":"https:\/\/www.tbwebsitedesign.com\/es\/wp-json\/wp\/v2\/pages\/12898\/revisions"}],"wp:featuredmedia":[{"embeddable":true,"href":"https:\/\/www.tbwebsitedesign.com\/es\/wp-json\/wp\/v2\/media\/12797"}],"wp:attachment":[{"href":"https:\/\/www.tbwebsitedesign.com\/es\/wp-json\/wp\/v2\/media?parent=12898"}],"curies":[{"name":"wp","href":"https:\/\/api.w.org\/{rel}","templated":true}]}}