{"id":12897,"date":"2024-01-26T10:19:17","date_gmt":"2024-01-26T15:19:17","guid":{"rendered":"https:\/\/www.tbwebsitedesign.com\/exito-del-rediseno-del-sitio-web-2024-de-tampa-bay-estudio-de-caso-de-maximo-rendimiento\/"},"modified":"2024-07-12T10:22:19","modified_gmt":"2024-07-12T14:22:19","slug":"exito-del-rediseno-del-sitio-web-2024-de-tampa-bay-estudio-de-caso-de-maximo-rendimiento","status":"publish","type":"page","link":"https:\/\/www.tbwebsitedesign.com\/es\/historias-de-exito-excelencia-probada-en-el-diseno-de-sitios-web-en-tampa-bay\/exito-del-rediseno-del-sitio-web-2024-de-tampa-bay-estudio-de-caso-de-maximo-rendimiento\/","title":{"rendered":"\u00c9xito del redise\u00f1o del sitio web 2024 de Tampa Bay | Estudio de caso de m\u00e1ximo rendimiento"},"content":{"rendered":"<div class=\"gb-container gb-container-6bff6dc5\">\n<div class=\"gb-container gb-container-e5987bb8\">\n<div class=\"gb-container gb-container-1441dfeb\">\n\n<h1 class=\"gb-headline gb-headline-1f9858a2 gb-headline-text\">Dise\u00f1o web en Tampa Bay: Estableciendo Nuevos Puntos de Referencia para la Excelencia Web<\/h1>\n\n\n\n<p class=\"has-base-3-color has-text-color has-link-color wp-elements-e2cd096c066fefab4ab9f6ed04009ebb\">Tampa Bay Website Design ha establecido un nuevo pin\u00e1culo de rendimiento digital, consolidando nuestro estatus de l\u00edderes en dise\u00f1o web y eficiencia online. Nuestros logros recientes son una prueba convincente de nuestra capacidad para ofrecer experiencias de usuario excepcionales y una funcionalidad avanzada del sitio web.<\/p>\n\n<\/div>\n<\/div>\n<\/div><div class=\"gb-container gb-container-906045d0\">\n<div class=\"gb-container gb-container-ba6b213d\">\n\n<div class=\"wp-block-media-text is-vertically-aligned-top\" style=\"grid-template-columns:15% auto\"><figure class=\"wp-block-media-text__media\"><a href=\"https:\/\/www.junafinancial.com\" target=\"_blank\" rel=\"noreferrer noopener\"><img decoding=\"async\" width=\"1317\" height=\"427\" src=\"https:\/\/www.tbwebsitedesign.com\/wp-content\/uploads\/2021\/11\/tama-bay-website-design-primary-logo.svg\" alt=\"\" class=\"wp-image-11266 size-full\"\/><\/a><\/figure><div class=\"wp-block-media-text__content\">\n<h2 class=\"gb-headline gb-headline-ddb527d3 gb-headline-text\">Visi\u00f3n general del cliente: Dise\u00f1o web Tampa Bay<\/h2>\n<\/div><\/div>\n\n\n\n<div style=\"height:20px\" aria-hidden=\"true\" class=\"wp-block-spacer\"><\/div>\n\n\n\n<p class=\"gb-headline gb-headline-678a8258 gb-headline-text\">En Tampa Bay Website Design, somos pioneros en las nuevas fronteras de la excelencia digital. Proporcionamos soluciones profesionales de dise\u00f1o web que marcan la pauta para sitios web de alto rendimiento. Nuestro compromiso con la innovaci\u00f3n y la experiencia del usuario nos ha consolidado como l\u00edderes en este campo. M\u00e1s informaci\u00f3n <strong>\n  <a href=\"https:\/\/www.tbwebsitedesign.com\/es\/acerca-de-tampa-bay-website-design-empresa-lider-en-diseno-y-desarrollo-web\/\" data-type=\"page\" data-id=\"11837\">aqu\u00ed. <\/a>\n<\/strong> <\/p>\n\n<\/div>\n<\/div><div class=\"gb-container gb-container-43749417\">\n<div class=\"gb-container gb-container-2e4802c0\">\n<div class=\"gb-container gb-container-e080cabf\">\n\n<h2 class=\"gb-headline gb-headline-0dc2fc2d gb-headline-text\">Rendimiento de escritorio inigualable  <\/h2>\n\n\n\n<p>Puntuaci\u00f3n perfecta de Google PageSpeed Insights: Al conseguir una rara puntuaci\u00f3n perfecta en rendimiento de escritorio, Tampa Bay Website Design ha demostrado un dominio exhaustivo de las optimizaciones t\u00e9cnicas que mejoran la experiencia del usuario y la eficacia del sitio.<\/p>\n\n<\/div>\n\n<div class=\"gb-container gb-container-d4b19547\">\n\n<figure class=\"gb-block-image gb-block-image-1b5c35dc\"><img decoding=\"async\" width=\"1200\" height=\"800\" class=\"gb-image gb-image-1b5c35dc\" src=\"https:\/\/www.tbwebsitedesign.com\/wp-content\/uploads\/2024\/01\/tampa-bay-website-redesign-2024-case-study-perfect.jpg\" alt=\"\" title=\"tampa-bay-dise\u00f1o-web-2024-caso-estudio-perfecto\" srcset=\"https:\/\/www.tbwebsitedesign.com\/wp-content\/uploads\/2024\/01\/tampa-bay-website-redesign-2024-case-study-perfect.jpg 1200w, https:\/\/www.tbwebsitedesign.com\/wp-content\/uploads\/2024\/01\/tampa-bay-website-redesign-2024-case-study-perfect-300x200.jpg 300w, https:\/\/www.tbwebsitedesign.com\/wp-content\/uploads\/2024\/01\/tampa-bay-website-redesign-2024-case-study-perfect-1024x683.jpg 1024w, https:\/\/www.tbwebsitedesign.com\/wp-content\/uploads\/2024\/01\/tampa-bay-website-redesign-2024-case-study-perfect-768x512.jpg 768w\" sizes=\"(max-width: 1200px) 100vw, 1200px\" \/><\/figure>\n\n<\/div>\n<\/div>\n\n<div class=\"gb-container gb-container-2b1f82b7\">\n<div class=\"gb-container gb-container-babc1d9d\">\n\n<figure class=\"gb-block-image gb-block-image-80d62424\"><img decoding=\"async\" width=\"994\" height=\"972\" class=\"gb-image gb-image-80d62424\" src=\"https:\/\/www.tbwebsitedesign.com\/wp-content\/uploads\/2024\/01\/google-page-speed-insights-of-tampa-bay-website-design-site.png\" alt=\"\" title=\"google-page-speed-insights-of-tampa-bay-website-design-site\" srcset=\"https:\/\/www.tbwebsitedesign.com\/wp-content\/uploads\/2024\/01\/google-page-speed-insights-of-tampa-bay-website-design-site.png 994w, https:\/\/www.tbwebsitedesign.com\/wp-content\/uploads\/2024\/01\/google-page-speed-insights-of-tampa-bay-website-design-site-300x293.png 300w, https:\/\/www.tbwebsitedesign.com\/wp-content\/uploads\/2024\/01\/google-page-speed-insights-of-tampa-bay-website-design-site-768x751.png 768w\" sizes=\"(max-width: 994px) 100vw, 994px\" \/><\/figure>\n\n<\/div>\n<\/div>\n<\/div><div class=\"gb-container gb-container-74448196\">\n<div class=\"gb-container gb-container-e6fdcf60\">\n<div class=\"gb-container gb-container-c95ca5fc\">\n\n<h2 class=\"gb-headline gb-headline-875c839e gb-headline-text\">Experiencia de usuario m\u00f3vil excepcional<\/h2>\n\n\n\n<p class=\"has-text-align-center\">Rendimiento casi perfecto del sitio m\u00f3vil: Pensando en los usuarios m\u00f3viles, su dedicaci\u00f3n al dise\u00f1o adaptable se traduce en una puntuaci\u00f3n de rendimiento casi perfecta, que garantiza un acceso y una interacci\u00f3n perfectos en todos los dispositivos.<\/p>\n\n\n\n<figure class=\"wp-block-image size-full\"><img decoding=\"async\" width=\"1014\" height=\"965\" src=\"https:\/\/www.tbwebsitedesign.com\/wp-content\/uploads\/2024\/01\/mobile-peformance-score-google-page-speed-insights-tampa-bay-website-design.png\" alt=\"\" class=\"wp-image-12443\" srcset=\"https:\/\/www.tbwebsitedesign.com\/wp-content\/uploads\/2024\/01\/mobile-peformance-score-google-page-speed-insights-tampa-bay-website-design.png 1014w, https:\/\/www.tbwebsitedesign.com\/wp-content\/uploads\/2024\/01\/mobile-peformance-score-google-page-speed-insights-tampa-bay-website-design-300x286.png 300w, https:\/\/www.tbwebsitedesign.com\/wp-content\/uploads\/2024\/01\/mobile-peformance-score-google-page-speed-insights-tampa-bay-website-design-768x731.png 768w\" sizes=\"(max-width: 1014px) 100vw, 1014px\" \/><\/figure>\n\n<\/div>\n<\/div>\n<\/div><div class=\"gb-container gb-container-f7eecdb5\">\n<div class=\"gb-container gb-container-60ad3251\">\n\n<h2 class=\"gb-headline gb-headline-23fd6d0f\"><span class=\"gb-icon\"><svg xmlns=\"http:\/\/www.w3.org\/2000\/svg\" viewbox=\"0 0 8.145 54.189\"><path d=\"M4.262 40.052V0l-.439.438v39.613l.439.001zm-.439 3.853v9.845l.438.438.001-10.284-.439.001zm3.883-11.29v17.518l.439-.439V32.615h-.439zm0-8.273h.439V9.495l-.439-.439v15.286zM.439 21.074V4.056L0 4.495l.001 16.579h.438zm.001 6.274l-.439-.001v19.347l.439.439V27.348z\"><\/path><\/svg><\/span><span class=\"gb-headline-text\">M\u00e9tricas de velocidad l\u00edderes del sector<\/span><\/h2>\n\n\n\n<p class=\"has-text-align-left\">Impresionantes resultados de Pingdom: Tampa Bay Website Design no s\u00f3lo destaca en las m\u00e9tricas de experiencia de usuario, sino que tambi\u00e9n ostenta una notable puntuaci\u00f3n de 97 en rendimiento y un r\u00e1pido tiempo de carga de 306 milisegundos en Pingdom, superando los est\u00e1ndares del sector con facilidad.<\/p>\n\n\n\n<figure class=\"gb-block-image gb-block-image-c378cfae\"><img decoding=\"async\" width=\"1020\" height=\"853\" class=\"gb-image gb-image-c378cfae\" src=\"https:\/\/www.tbwebsitedesign.com\/wp-content\/uploads\/2024\/01\/pingdom-website-performance-score-97-tampa-bay-website-design.png\" alt=\"\" title=\"pingdom-website-performance-score-97-tampa-bay-website-design\" srcset=\"https:\/\/www.tbwebsitedesign.com\/wp-content\/uploads\/2024\/01\/pingdom-website-performance-score-97-tampa-bay-website-design.png 1020w, https:\/\/www.tbwebsitedesign.com\/wp-content\/uploads\/2024\/01\/pingdom-website-performance-score-97-tampa-bay-website-design-300x251.png 300w, https:\/\/www.tbwebsitedesign.com\/wp-content\/uploads\/2024\/01\/pingdom-website-performance-score-97-tampa-bay-website-design-768x642.png 768w\" sizes=\"(max-width: 1020px) 100vw, 1020px\" \/><\/figure>\n\n\n\n<h2 class=\"gb-headline gb-headline-1fa708de gb-headline-text\"><strong>Perfecci\u00f3n GT Metrix:<\/strong><\/h2>\n\n\n\n<p>Recibi\u00f3 una puntuaci\u00f3n sin precedentes de 100\/100 tanto en Rendimiento como en Estructura, destacando la velocidad del sitio web y la calidad del c\u00f3digo.<\/p>\n\n\n\n<figure class=\"gb-block-image gb-block-image-2623a3d3\"><img decoding=\"async\" width=\"996\" height=\"647\" class=\"gb-image gb-image-2623a3d3\" src=\"https:\/\/www.tbwebsitedesign.com\/wp-content\/uploads\/2024\/01\/pefrect-100-score-on-gt-metrix-tampa-bay-website-design.png\" alt=\"\" title=\"pefrect-100-score-on-gt-metrix-tampa-bay-dise\u00f1o-sitio-web\" srcset=\"https:\/\/www.tbwebsitedesign.com\/wp-content\/uploads\/2024\/01\/pefrect-100-score-on-gt-metrix-tampa-bay-website-design.png 996w, https:\/\/www.tbwebsitedesign.com\/wp-content\/uploads\/2024\/01\/pefrect-100-score-on-gt-metrix-tampa-bay-website-design-300x195.png 300w, https:\/\/www.tbwebsitedesign.com\/wp-content\/uploads\/2024\/01\/pefrect-100-score-on-gt-metrix-tampa-bay-website-design-768x499.png 768w\" sizes=\"(max-width: 996px) 100vw, 996px\" \/><\/figure>\n\n<\/div>\n<\/div><div class=\"gb-container gb-container-654d7dca\">\n<div class=\"gb-container gb-container-ba6b7a4a\">\n\n<h2 class=\"gb-headline gb-headline-b5421c0d gb-headline-text\">Impacto demostrado en el crecimiento empresarial<\/h2>\n\n\n\n<p>Mejora del SEO y del compromiso de los usuarios: Compartir estos excelentes resultados con los clientes potenciales ha dado lugar a una respuesta notablemente positiva, destacando la importancia cr\u00edtica de la velocidad y la optimizaci\u00f3n en un panorama SEO en constante evoluci\u00f3n.<\/p>\n\n\n\n<p><strong>\u00bfPreparado para elevar tu presencia online?  <\/strong><\/p>\n\n\n\n<p>Tampa Bay Website Design est\u00e1 aqu\u00ed para redefinir tus expectativas de excelencia web.<\/p>\n\n\n\n<p class=\"gb-headline gb-headline-c975b190 gb-headline-text\"><a href=\"https:\/\/www.tbwebsitedesign.com\/es\/ponte-en-contacto-hoy-mismo-con-tampa-bay-website-design\/\" data-type=\"page\" data-id=\"12088\">\n  <strong>Ponte en contacto con nosotros hoy mismo<\/strong>\n<\/a> y perm\u00edtenos transformar tu estrategia digital en un referente de rendimiento e innovaci\u00f3n superiores.<\/p>\n\n<\/div>\n<\/div>","protected":false},"excerpt":{"rendered":"<p>Dise\u00f1o web en Tampa Bay: Estableciendo Nuevos Puntos de Referencia para la Excelencia Web Tampa Bay Website Design ha establecido un nuevo pin\u00e1culo de rendimiento digital, consolidando nuestro estatus de l\u00edderes en dise\u00f1o web y eficiencia online. Nuestros logros recientes son una prueba convincente de nuestra capacidad para ofrecer experiencias de usuario excepcionales y una &#8230; <\/p>\n<p class=\"read-more-container\"><a title=\"\u00c9xito del redise\u00f1o del sitio web 2024 de Tampa Bay | Estudio de caso de m\u00e1ximo rendimiento\" class=\"read-more button\" href=\"https:\/\/www.tbwebsitedesign.com\/es\/historias-de-exito-excelencia-probada-en-el-diseno-de-sitios-web-en-tampa-bay\/exito-del-rediseno-del-sitio-web-2024-de-tampa-bay-estudio-de-caso-de-maximo-rendimiento\/#more-12897\" aria-label=\"Leer m\u00e1s sobre \u00c9xito del redise\u00f1o del sitio web 2024 de Tampa Bay | Estudio de caso de m\u00e1ximo rendimiento\">Leer m\u00e1s<\/a><\/p>\n","protected":false},"author":1,"featured_media":12850,"parent":12902,"menu_order":0,"comment_status":"closed","ping_status":"closed","template":"","meta":{"_seopress_robots_primary_cat":"","_seopress_titles_title":"\u00c9xito del dise\u00f1o web en Tampa Bay: Un Caso de Excelencia 2024","_seopress_titles_desc":"Explora la historia de \u00e9xito del redise\u00f1o del sitio 2024 de Tampa Bay Website Design. Alcanzando puntuaciones perfectas en PageSpeed Insights de Google y tiempos de carga r\u00e1pidos en Pingdom, nuestra estrategia de redise\u00f1o ha conducido a resultados notables y al crecimiento de los clientes. Sum\u00e9rgete en nuestros an\u00e1lisis de rendimiento e impacto en el cliente.","_seopress_robots_index":"","footnotes":""},"class_list":{"0":"post-12897","1":"page","2":"type-page","3":"status-publish","4":"has-post-thumbnail","6":"infinite-scroll-item"},"_links":{"self":[{"href":"https:\/\/www.tbwebsitedesign.com\/es\/wp-json\/wp\/v2\/pages\/12897","targetHints":{"allow":["GET"]}}],"collection":[{"href":"https:\/\/www.tbwebsitedesign.com\/es\/wp-json\/wp\/v2\/pages"}],"about":[{"href":"https:\/\/www.tbwebsitedesign.com\/es\/wp-json\/wp\/v2\/types\/page"}],"author":[{"embeddable":true,"href":"https:\/\/www.tbwebsitedesign.com\/es\/wp-json\/wp\/v2\/users\/1"}],"replies":[{"embeddable":true,"href":"https:\/\/www.tbwebsitedesign.com\/es\/wp-json\/wp\/v2\/comments?post=12897"}],"version-history":[{"count":0,"href":"https:\/\/www.tbwebsitedesign.com\/es\/wp-json\/wp\/v2\/pages\/12897\/revisions"}],"up":[{"embeddable":true,"href":"https:\/\/www.tbwebsitedesign.com\/es\/wp-json\/wp\/v2\/pages\/12902"}],"wp:featuredmedia":[{"embeddable":true,"href":"https:\/\/www.tbwebsitedesign.com\/es\/wp-json\/wp\/v2\/media\/12850"}],"wp:attachment":[{"href":"https:\/\/www.tbwebsitedesign.com\/es\/wp-json\/wp\/v2\/media?parent=12897"}],"curies":[{"name":"wp","href":"https:\/\/api.w.org\/{rel}","templated":true}]}}