{"id":12875,"date":"2024-01-09T16:29:26","date_gmt":"2024-01-09T21:29:26","guid":{"rendered":"https:\/\/www.tbwebsitedesign.com\/eleva-tu-marca-con-nuestros-servicios-de-diseno-grafico-y-de-logotipos\/"},"modified":"2024-07-12T10:21:52","modified_gmt":"2024-07-12T14:21:52","slug":"eleva-tu-marca-con-nuestros-servicios-de-diseno-grafico-y-de-logotipos","status":"publish","type":"page","link":"https:\/\/www.tbwebsitedesign.com\/es\/eleva-tu-marca-con-nuestros-servicios-de-diseno-grafico-y-de-logotipos\/","title":{"rendered":"Eleva tu marca con nuestros servicios de dise\u00f1o gr\u00e1fico y de logotipos"},"content":{"rendered":"<div class=\"gb-container gb-container-6bff6dc5\">\n<div class=\"gb-container gb-container-e5987bb8\">\n<div class=\"gb-container gb-container-1441dfeb\">\n\n<h1 class=\"gb-headline gb-headline-1f9858a2 gb-headline-text\">Impulsa tu marca con servicios expertos de dise\u00f1o gr\u00e1fico y de logotipos<\/h1>\n\n\n\n<p class=\"has-base-3-color has-text-color\">En Tampa Bay Website Design, ofrecemos servicios de dise\u00f1o gr\u00e1fico y de logotipos de primera calidad, pensados espec\u00edficamente para peque\u00f1as empresas. Nuestro equipo de experimentados dise\u00f1adores web de Tampa colaborar\u00e1 contigo para desarrollar un logotipo y una identidad visual que no s\u00f3lo representen tu marca, sino que tambi\u00e9n te diferencien de la competencia.<\/p>\n\n<\/div>\n\n<div class=\"gb-container gb-container-f66320ac\">\n\n<figure class=\"gb-block-image gb-block-image-837b8a49\"><img decoding=\"async\" width=\"800\" height=\"392\" class=\"gb-image gb-image-837b8a49\" src=\"https:\/\/www.tbwebsitedesign.com\/wp-content\/uploads\/2023\/05\/web-design-tampa-bay-website-design.png\" alt=\"El s\u00edmbolo de Tampa Bay Website Design para nuestro logotipo creativo y nuestras soluciones de dise\u00f1o gr\u00e1fico, que muestra una bombilla azul para representar nuestro enfoque innovador a la hora de elaborar dise\u00f1os visualmente impactantes y personalizados que resuenen con tu p\u00fablico objetivo.\" title=\"dise\u00f1o web-tampa-bay-dise\u00f1o web\" srcset=\"https:\/\/www.tbwebsitedesign.com\/wp-content\/uploads\/2023\/05\/web-design-tampa-bay-website-design.png 800w, https:\/\/www.tbwebsitedesign.com\/wp-content\/uploads\/2023\/05\/web-design-tampa-bay-website-design-300x147.png 300w, https:\/\/www.tbwebsitedesign.com\/wp-content\/uploads\/2023\/05\/web-design-tampa-bay-website-design-768x376.png 768w\" sizes=\"(max-width: 800px) 100vw, 800px\" \/><\/figure>\n\n<\/div>\n<\/div>\n<\/div><div class=\"gb-container gb-container-56b4537c\">\n<div class=\"gb-container gb-container-c95b6af6\">\n<div class=\"gb-container gb-container-6458196e\">\n<div class=\"gb-container gb-container-a34e849c\">\n\n<h2 class=\"gb-headline gb-headline-977422b7 gb-headline-text\">\u00bfPor qu\u00e9 asociarse con Tampa Bay Website Design para el dise\u00f1o gr\u00e1fico y de logotipos?<\/h2>\n\n\n\n<p class=\"gb-headline gb-headline-6da8c2e0\"><span class=\"gb-icon\"><svg xmlns=\"http:\/\/www.w3.org\/2000\/svg\" aria-hidden=\"true\" role=\"img\" height=\"1em\" width=\"1em\" viewbox=\"0 0 512 512\"><path fill=\"currentColor\" d=\"M173.898 439.404l-166.4-166.4c-9.997-9.997-9.997-26.206 0-36.204l36.203-36.204c9.997-9.998 26.207-9.998 36.204 0L192 312.69 432.095 72.596c9.997-9.997 26.207-9.997 36.204 0l36.203 36.204c9.997 9.997 9.997 26.206 0 36.204l-294.4 294.401c-9.998 9.997-26.207 9.997-36.204-.001z\"><\/path><\/svg><\/span><span class=\"gb-headline-text\">M\u00e1s de 25 a\u00f1os de experiencia en dise\u00f1o gr\u00e1fico y de logotipos<\/span><\/p>\n\n\n\n<p class=\"gb-headline gb-headline-033f272d\"><span class=\"gb-icon\"><svg xmlns=\"http:\/\/www.w3.org\/2000\/svg\" aria-hidden=\"true\" role=\"img\" height=\"1em\" width=\"1em\" viewbox=\"0 0 512 512\"><path fill=\"currentColor\" d=\"M173.898 439.404l-166.4-166.4c-9.997-9.997-9.997-26.206 0-36.204l36.203-36.204c9.997-9.998 26.207-9.998 36.204 0L192 312.69 432.095 72.596c9.997-9.997 26.207-9.997 36.204 0l36.203 36.204c9.997 9.997 9.997 26.206 0 36.204l-294.4 294.401c-9.998 9.997-26.207 9.997-36.204-.001z\"><\/path><\/svg><\/span><span class=\"gb-headline-text\">Un equipo de h\u00e1biles dise\u00f1adores web de Tampa especializados en crear logotipos visualmente impactantes<\/span><\/p>\n\n\n\n<p class=\"gb-headline gb-headline-638d6f29\"><span class=\"gb-icon\"><svg xmlns=\"http:\/\/www.w3.org\/2000\/svg\" aria-hidden=\"true\" role=\"img\" height=\"1em\" width=\"1em\" viewbox=\"0 0 512 512\"><path fill=\"currentColor\" d=\"M173.898 439.404l-166.4-166.4c-9.997-9.997-9.997-26.206 0-36.204l36.203-36.204c9.997-9.998 26.207-9.998 36.204 0L192 312.69 432.095 72.596c9.997-9.997 26.207-9.997 36.204 0l36.203 36.204c9.997 9.997 9.997 26.206 0 36.204l-294.4 294.401c-9.998 9.997-26.207 9.997-36.204-.001z\"><\/path><\/svg><\/span><span class=\"gb-headline-text\">Varias opciones de precios para ajustarse a tu presupuesto<\/span><\/p>\n\n\n\n<p class=\"gb-headline gb-headline-d1f091b3\"><span class=\"gb-icon\"><svg xmlns=\"http:\/\/www.w3.org\/2000\/svg\" aria-hidden=\"true\" role=\"img\" height=\"1em\" width=\"1em\" viewbox=\"0 0 512 512\"><path fill=\"currentColor\" d=\"M173.898 439.404l-166.4-166.4c-9.997-9.997-9.997-26.206 0-36.204l36.203-36.204c9.997-9.998 26.207-9.998 36.204 0L192 312.69 432.095 72.596c9.997-9.997 26.207-9.997 36.204 0l36.203 36.204c9.997 9.997 9.997 26.206 0 36.204l-294.4 294.401c-9.998 9.997-26.207 9.997-36.204-.001z\"><\/path><\/svg><\/span><span class=\"gb-headline-text\">El compromiso de ofrecer un trabajo de primer nivel a nuestros clientes<\/span><\/p>\n\n<\/div>\n<\/div>\n<\/div>\n<\/div><div class=\"gb-container gb-container-f7eecdb5\">\n<div class=\"gb-container gb-container-60ad3251\">\n\n<h3 class=\"gb-headline gb-headline-23fd6d0f\"><span class=\"gb-icon\"><svg xmlns=\"http:\/\/www.w3.org\/2000\/svg\" viewbox=\"0 0 8.145 54.189\"><path d=\"M4.262 40.052V0l-.439.438v39.613l.439.001zm-.439 3.853v9.845l.438.438.001-10.284-.439.001zm3.883-11.29v17.518l.439-.439V32.615h-.439zm0-8.273h.439V9.495l-.439-.439v15.286zM.439 21.074V4.056L0 4.495l.001 16.579h.438zm.001 6.274l-.439-.001v19.347l.439.439V27.348z\"><\/path><\/svg><\/span><span class=\"gb-headline-text\">Nuestra amplia gama de servicios de dise\u00f1o gr\u00e1fico y de logotipos:<\/span><\/h3>\n\n\n<div class=\"gb-grid-wrapper gb-grid-wrapper-330be022\">\n<div class=\"gb-grid-column gb-grid-column-69fe2156\"><div class=\"gb-container gb-container-69fe2156\">\n\n<figure class=\"gb-block-image gb-block-image-feaaa309\"><img decoding=\"async\" width=\"140\" height=\"140\" class=\"gb-image gb-image-feaaa309\" src=\"https:\/\/www.tbwebsitedesign.com\/wp-content\/uploads\/2023\/05\/keyword-research-seo-service-tampa-bay-website-design.svg\" alt=\"Un atractivo icono con una lupa azul, que simboliza los servicios de investigaci\u00f3n SEO en profundidad de palabras clave que ofrece Tampa Bay Website Design para ayudar a los clientes a identificar las palabras clave m\u00e1s eficaces y relevantes para su nicho, garantizando una mejor clasificaci\u00f3n en los motores de b\u00fasqueda y visibilidad online.\" title=\"keyword-research-seo-service-tampa-bay-website-design\"><\/figure>\n\n\n\n<p class=\"gb-headline gb-headline-52010620 gb-headline-text\"><strong>Dise\u00f1o de logotipos  <\/strong><\/p>\n\n\n\n<p class=\"gb-headline gb-headline-6843b514 gb-headline-text\">Un logotipo es una representaci\u00f3n visual de tu marca y el primer punto de contacto para muchos clientes potenciales. Tiene que ser memorable y eficaz. Nuestros servicios de dise\u00f1o de logotipos pueden ayudarte a crear un logotipo visualmente atractivo que encarne realmente tu marca.<\/p>\n\n<\/div><\/div>\n\n<div class=\"gb-grid-column gb-grid-column-0e0f4ab4\"><div class=\"gb-container gb-container-0e0f4ab4\">\n\n<figure class=\"gb-block-image gb-block-image-b00a6d19\"><img decoding=\"async\" width=\"148\" height=\"148\" class=\"gb-image gb-image-b00a6d19\" src=\"https:\/\/www.tbwebsitedesign.com\/wp-content\/uploads\/2023\/05\/content-writing-service-tampa-bay-website-design.svg\" alt=\"El s\u00edmbolo de Tampa Bay Website Design para los servicios de redacci\u00f3n de contenidos, que destaca nuestra experiencia en la elaboraci\u00f3n de textos atractivos y bien escritos para comunicar eficazmente el mensaje de tu marca.\" title=\"servicio-de-redaccion-de-contenidos-tampa-bay-dise\u00f1o-de-sitios-web\"><\/figure>\n\n\n\n<p class=\"gb-headline gb-headline-0292368c gb-headline-text\"><strong>Desarrollo de la identidad de marca<\/strong><\/p>\n\n\n\n<p class=\"gb-headline gb-headline-876b889e gb-headline-text\">La identidad de marca va m\u00e1s all\u00e1 de un simple logotipo. Se trata del aspecto general de tu empresa, incluidos los colores, los tipos de letra y la est\u00e9tica del dise\u00f1o. Nuestros servicios de desarrollo de identidad de marca pueden ayudarte a establecer una identidad de marca cohesionada que te distinga en un mercado competitivo.<\/p>\n\n<\/div><\/div>\n\n<div class=\"gb-grid-column gb-grid-column-b3f0c7e6\"><div class=\"gb-container gb-container-b3f0c7e6\">\n\n<figure class=\"gb-block-image gb-block-image-8bc22f0f\"><img decoding=\"async\" width=\"140\" height=\"140\" class=\"gb-image gb-image-8bc22f0f\" src=\"https:\/\/www.tbwebsitedesign.com\/wp-content\/uploads\/2023\/05\/on-page-optimization-service-seo-tampa-bay-website-design.svg\" alt=\"Un icono visualmente atractivo que representa los completos servicios SEO de optimizaci\u00f3n en la p\u00e1gina ofrecidos por Tampa Bay Website Design, que se centran en mejorar diversos elementos de los sitios web de los clientes para mejorar su clasificaci\u00f3n en los motores de b\u00fasqueda y su presencia general en Internet.\" title=\"on-page-optimization-service-seo-tampa-bay-website-design\"><\/figure>\n\n\n\n<p class=\"gb-headline gb-headline-c8a9ba21 gb-headline-text\"><strong><strong>Producci\u00f3n Gr\u00e1fica Web<\/strong><\/strong><\/p>\n\n\n\n<p class=\"gb-headline gb-headline-238e08f8 gb-headline-text\">Los gr\u00e1ficos web a\u00f1aden atractivo visual y funcionalidad a tu sitio web. Pueden incluir banners, botones y otros componentes que faciliten la interacci\u00f3n y el compromiso del usuario. Nuestros servicios de producci\u00f3n de gr\u00e1ficos web pueden ayudarte a crear gr\u00e1ficos web de alta calidad y visualmente atractivos que mejoren la experiencia del usuario en tu sitio.<\/p>\n\n<\/div><\/div>\n\n<div class=\"gb-grid-column gb-grid-column-b0aa641d\"><div class=\"gb-container gb-container-b0aa641d\">\n\n<figure class=\"gb-block-image gb-block-image-42577da1\"><img decoding=\"async\" width=\"140\" height=\"140\" class=\"gb-image gb-image-42577da1\" src=\"https:\/\/www.tbwebsitedesign.com\/wp-content\/uploads\/2023\/05\/on-page-optimization-service-seo-tampa-bay-website-design.svg\" alt=\"Un icono visualmente atractivo que representa los completos servicios SEO de optimizaci\u00f3n en la p\u00e1gina ofrecidos por Tampa Bay Website Design, que se centran en mejorar diversos elementos de los sitios web de los clientes para mejorar su clasificaci\u00f3n en los motores de b\u00fasqueda y su presencia general en Internet.\" title=\"on-page-optimization-service-seo-tampa-bay-website-design\"><\/figure>\n\n\n\n<p class=\"gb-headline gb-headline-4c054914 gb-headline-text\"><strong><strong>Ilustraci\u00f3n<\/strong><\/strong><\/p>\n\n\n\n<p class=\"gb-headline gb-headline-ae64ae1a gb-headline-text\">Las ilustraciones pueden mejorar significativamente tus materiales de marketing a\u00f1adiendo inter\u00e9s visual y elementos narrativos. Pueden utilizarse en infograf\u00edas, dibujos animados y otras im\u00e1genes que transmitan tu mensaje de forma clara y atractiva. Nuestros servicios de ilustraci\u00f3n pueden ayudarte a crear ilustraciones \u00fanicas de primer nivel que te distingan de tus competidores.<\/p>\n\n<\/div><\/div>\n<\/div>\n<\/div>\n<\/div><div class=\"gb-container gb-container-654d7dca\">\n<div class=\"gb-container gb-container-ba6b7a4a\">\n\n<p class=\"gb-headline gb-headline-b5421c0d gb-headline-text\"><strong>\u00bfTe interesa saber m\u00e1s sobre nuestros servicios de dise\u00f1o gr\u00e1fico y de logotipos? Ponte en contacto con nosotros hoy mismo para programar una consulta gratuita.<\/strong><\/p>\n\n\n\n<a class=\"gb-button gb-button-8c97c685 gb-button-text\" href=\"https:\/\/www.tbwebsitedesign.com\/es\/comienza-tu-viaje-de-diseno-web-en-tampa-con-tampa-bay-website-design\/\"><strong>Programa una Co<\/strong><strong>nsulta gratuita<\/strong><\/a>\n\n<\/div>\n<\/div>","protected":false},"excerpt":{"rendered":"<p>Impulsa tu marca con servicios expertos de dise\u00f1o gr\u00e1fico y de logotipos En Tampa Bay Website Design, ofrecemos servicios de dise\u00f1o gr\u00e1fico y de logotipos de primera calidad, pensados espec\u00edficamente para peque\u00f1as empresas. Nuestro equipo de experimentados dise\u00f1adores web de Tampa colaborar\u00e1 contigo para desarrollar un logotipo y una identidad visual que no s\u00f3lo representen &#8230; <\/p>\n<p class=\"read-more-container\"><a title=\"Eleva tu marca con nuestros servicios de dise\u00f1o gr\u00e1fico y de logotipos\" class=\"read-more button\" href=\"https:\/\/www.tbwebsitedesign.com\/es\/eleva-tu-marca-con-nuestros-servicios-de-diseno-grafico-y-de-logotipos\/#more-12875\" aria-label=\"Leer m\u00e1s sobre Eleva tu marca con nuestros servicios de dise\u00f1o gr\u00e1fico y de logotipos\">Leer m\u00e1s<\/a><\/p>\n","protected":false},"author":1,"featured_media":12770,"parent":0,"menu_order":0,"comment_status":"closed","ping_status":"closed","template":"","meta":{"_seopress_robots_primary_cat":"","_seopress_titles_title":"Servicios de dise\u00f1o gr\u00e1fico y de logotipos | Dise\u00f1o de p\u00e1ginas web en Tampa Bay","_seopress_titles_desc":"Eleva tu peque\u00f1a empresa con nuestros servicios de dise\u00f1o gr\u00e1fico y de logotipos en Tampa Bay Website Design. Nuestros experimentados dise\u00f1adores de Tampa crean logotipos e identidades visuales que hacen que tu marca destaque.","_seopress_robots_index":"","footnotes":""},"class_list":{"0":"post-12875","1":"page","2":"type-page","3":"status-publish","4":"has-post-thumbnail","6":"infinite-scroll-item"},"_links":{"self":[{"href":"https:\/\/www.tbwebsitedesign.com\/es\/wp-json\/wp\/v2\/pages\/12875","targetHints":{"allow":["GET"]}}],"collection":[{"href":"https:\/\/www.tbwebsitedesign.com\/es\/wp-json\/wp\/v2\/pages"}],"about":[{"href":"https:\/\/www.tbwebsitedesign.com\/es\/wp-json\/wp\/v2\/types\/page"}],"author":[{"embeddable":true,"href":"https:\/\/www.tbwebsitedesign.com\/es\/wp-json\/wp\/v2\/users\/1"}],"replies":[{"embeddable":true,"href":"https:\/\/www.tbwebsitedesign.com\/es\/wp-json\/wp\/v2\/comments?post=12875"}],"version-history":[{"count":0,"href":"https:\/\/www.tbwebsitedesign.com\/es\/wp-json\/wp\/v2\/pages\/12875\/revisions"}],"wp:featuredmedia":[{"embeddable":true,"href":"https:\/\/www.tbwebsitedesign.com\/es\/wp-json\/wp\/v2\/media\/12770"}],"wp:attachment":[{"href":"https:\/\/www.tbwebsitedesign.com\/es\/wp-json\/wp\/v2\/media?parent=12875"}],"curies":[{"name":"wp","href":"https:\/\/api.w.org\/{rel}","templated":true}]}}