{"id":12874,"date":"2024-01-11T15:16:49","date_gmt":"2024-01-11T20:16:49","guid":{"rendered":"https:\/\/www.tbwebsitedesign.com\/servicios-de-diseno-web-en-tampa-bay-eleva-tu-presencia-online\/"},"modified":"2024-07-12T10:22:19","modified_gmt":"2024-07-12T14:22:19","slug":"servicios-de-diseno-web-en-tampa-bay-eleva-tu-presencia-online","status":"publish","type":"page","link":"https:\/\/www.tbwebsitedesign.com\/es\/servicios-de-diseno-web-en-tampa-bay-eleva-tu-presencia-online\/","title":{"rendered":"Servicios de Dise\u00f1o Web en Tampa Bay | Eleva tu Presencia Online"},"content":{"rendered":"<div class=\"gb-container gb-container-f7eecdb5\">\n<div class=\"gb-container gb-container-60ad3251\">\n<div class=\"gb-container gb-container-65a654c7\">\n\n<h1 class=\"gb-headline gb-headline-d4c0d84f gb-headline-text\">Conecta con los Servicios de Dise\u00f1o Web de Tampa Bay<\/h1>\n\n\n\n<p class=\"has-text-align-left has-base-3-color has-text-color has-link-color wp-elements-aefce21e98061ffd780c2f787c22f128\">\u00bfBuscas una empresa de dise\u00f1o web de confianza para ampliar tu visibilidad online? \u00a1Tu b\u00fasqueda termina en Tampa Bay Website Design! Ofrecemos una amplia gama de servicios, entre ellos<\/p>\n\n<\/div>\n<\/div>\n<\/div><div class=\"gb-container gb-container-95fecda0\">\n<div class=\"gb-container gb-container-6e4e2720\">\n<div class=\"gb-grid-wrapper gb-grid-wrapper-48cc94a4\">\n<div class=\"gb-grid-column gb-grid-column-fbf75a90\"><div class=\"gb-container gb-container-fbf75a90\">\n\n<figure class=\"gb-block-image gb-block-image-b64fc53e\"><img decoding=\"async\" width=\"800\" height=\"530\" class=\"gb-image gb-image-b64fc53e\" src=\"https:\/\/www.tbwebsitedesign.com\/wp-content\/uploads\/2023\/05\/website-design-and-redesign-tampa-bay-website-design.jpg\" alt=\"Un dise\u00f1ador de sitios web concentrado, rodeado de bocetos y maquetas, trabajando diligentemente en la creaci\u00f3n de un sitio web personalizado, visualmente atractivo y funcional, mostrando la dedicaci\u00f3n y experiencia del equipo de dise\u00f1o y desarrollo de Tampa Bay Website Design en la entrega de soluciones a medida para la presencia online de los clientes.\" title=\"dise\u00f1o y redise\u00f1o de sitios web en la bah\u00eda de tampa\" srcset=\"https:\/\/www.tbwebsitedesign.com\/wp-content\/uploads\/2023\/05\/website-design-and-redesign-tampa-bay-website-design.jpg 800w, https:\/\/www.tbwebsitedesign.com\/wp-content\/uploads\/2023\/05\/website-design-and-redesign-tampa-bay-website-design-300x199.jpg 300w, https:\/\/www.tbwebsitedesign.com\/wp-content\/uploads\/2023\/05\/website-design-and-redesign-tampa-bay-website-design-768x509.jpg 768w\" sizes=\"(max-width: 800px) 100vw, 800px\" \/><\/figure>\n\n\n\n<h2 class=\"gb-headline gb-headline-34c135ed gb-headline-text\"><strong> <\/strong>Dise\u00f1o y redise\u00f1o experto de sitios web<\/h2>\n\n\n\n<p class=\"gb-headline gb-headline-a6c3983a gb-headline-text\">Nuestro equipo de profesionales experimentados crea sitios web a medida que encapsulan realmente tu marca y mensaje distintivos. Nos aseguramos de que tu sitio web est\u00e9 optimizado para dispositivos m\u00f3viles y para la experiencia del usuario, ofreciendo servicios que abarcan la marca, el dise\u00f1o, el contenido, el desarrollo, el mantenimiento y la optimizaci\u00f3n del sitio web.<\/p>\n\n\n\n<p class=\"has-accent-2-color has-text-color has-link-color wp-elements-f937fd6629e66c66573a97ca0200f8b2\"><a href=\"https:\/\/www.tbwebsitedesign.com\/es\/servicios-de-diseno-y-rediseno-web-de-primera-clase-en-la-bahia-de-tampa\/\" data-type=\"page\" data-id=\"11998\">M\u00e1s informaci\u00f3n sobre nuestros servicios de dise\u00f1o de p\u00e1ginas web en Tampa.<\/a><\/p>\n\n<\/div><\/div>\n\n<div class=\"gb-grid-column gb-grid-column-242739aa\"><div class=\"gb-container gb-container-242739aa\">\n\n<figure class=\"gb-block-image gb-block-image-c264723e\"><img decoding=\"async\" width=\"800\" height=\"530\" class=\"gb-image gb-image-c264723e\" src=\"https:\/\/www.tbwebsitedesign.com\/wp-content\/uploads\/2023\/05\/search-engine-optimization-seo-tampa-bay-website-design.jpg\" alt=\"Un collage exhaustivo de elementos relacionados con el SEO, como la clasificaci\u00f3n, el texto, los metadatos, los enlaces y los an\u00e1lisis, que ilustra los servicios SEO integrales que ofrece Tampa Bay Website Design, destinados a optimizar los sitios web de los clientes para los motores de b\u00fasqueda y aumentar su visibilidad online para atraer a m\u00e1s clientes.\" title=\"search-engine-optimization-seo-tampa-bay-website-design\" srcset=\"https:\/\/www.tbwebsitedesign.com\/wp-content\/uploads\/2023\/05\/search-engine-optimization-seo-tampa-bay-website-design.jpg 800w, https:\/\/www.tbwebsitedesign.com\/wp-content\/uploads\/2023\/05\/search-engine-optimization-seo-tampa-bay-website-design-300x199.jpg 300w, https:\/\/www.tbwebsitedesign.com\/wp-content\/uploads\/2023\/05\/search-engine-optimization-seo-tampa-bay-website-design-768x509.jpg 768w\" sizes=\"(max-width: 800px) 100vw, 800px\" \/><\/figure>\n\n\n\n<h2 class=\"gb-headline gb-headline-fa9b955f gb-headline-text\"><strong>Optimizaci\u00f3n de motores de b\u00fasqueda  <\/strong><\/h2>\n\n\n<div class=\"gb-container gb-container-e58a35ac\">\n\n<p class=\"gb-headline gb-headline-f96a00fb gb-headline-text\">Nos esforzamos por mejorar la posici\u00f3n de tu sitio web en los motores de b\u00fasqueda, ayud\u00e1ndote a atraer m\u00e1s visitantes y ampliar tu negocio. Nuestros expertos en SEO te ayudar\u00e1n con la creaci\u00f3n de marca, el dise\u00f1o, el contenido, el desarrollo, el mantenimiento y la optimizaci\u00f3n del sitio web.<\/p>\n\n\n\n<p class=\"has-accent-2-color has-text-color has-link-color wp-elements-ab1a208e427934922f0f876a3119bdb7\"><a href=\"https:\/\/www.tbwebsitedesign.com\/accelerate-your-business-with-comprehensive-seo-services-by-tampa-bay-website-design\/\" data-type=\"page\" data-id=\"12047\">Descubre nuestros servicios SEO.<\/a><\/p>\n\n<\/div>\n<\/div><\/div>\n\n<div class=\"gb-grid-column gb-grid-column-c3216456\"><div class=\"gb-container gb-container-c3216456\">\n\n<figure class=\"gb-block-image gb-block-image-f402b218\"><img decoding=\"async\" width=\"800\" height=\"530\" class=\"gb-image gb-image-f402b218\" src=\"https:\/\/www.tbwebsitedesign.com\/wp-content\/uploads\/2023\/05\/logo-and-graphic-design-tampa-bay-website-design.jpg\" alt=\"Un h\u00e1bil dise\u00f1ador trabajando atentamente en una mesa, inmerso en la creaci\u00f3n de logotipos y gr\u00e1ficos visualmente impactantes, mostrando el excepcional talento y dedicaci\u00f3n del equipo de Tampa Bay Website Design a la hora de ofrecer soluciones de marca \u00fanicas y memorables para los clientes.\" title=\"logo-and-graphic-design-tampa-bay-website-design\" srcset=\"https:\/\/www.tbwebsitedesign.com\/wp-content\/uploads\/2023\/05\/logo-and-graphic-design-tampa-bay-website-design.jpg 800w, https:\/\/www.tbwebsitedesign.com\/wp-content\/uploads\/2023\/05\/logo-and-graphic-design-tampa-bay-website-design-300x199.jpg 300w, https:\/\/www.tbwebsitedesign.com\/wp-content\/uploads\/2023\/05\/logo-and-graphic-design-tampa-bay-website-design-768x509.jpg 768w\" sizes=\"(max-width: 800px) 100vw, 800px\" \/><\/figure>\n\n\n\n<h2 class=\"gb-headline gb-headline-a77c5040 gb-headline-text\"><strong><strong>Optimizaci\u00f3n en la p\u00e1gina<\/strong>:<\/strong><\/h2>\n\n\n\n<p class=\"gb-headline gb-headline-97b187f4 gb-headline-text\">Nuestros expertos en dise\u00f1o de sitios web de Tampa mejoran tu sitio para que tenga un rendimiento superior en los motores de b\u00fasqueda, utilizando las palabras clave adecuadas para aumentar el tr\u00e1fico y mejorar la clasificaci\u00f3n del sitio web.<\/p>\n\n\n\n<p class=\"has-accent-3-color has-text-color has-link-color wp-elements-ce450ec05a2758b6c6235407b97dd9fb\"><a href=\"https:\/\/www.tbwebsitedesign.com\/es\/eleva-tu-marca-con-nuestros-servicios-de-diseno-grafico-y-de-logotipos\/\" data-type=\"page\" data-id=\"12057\">Sum\u00e9rgete en nuestros servicios de dise\u00f1o gr\u00e1fico y de logotipos.<\/a><\/p>\n\n<\/div><\/div>\n<\/div>\n\n<div class=\"gb-container gb-container-461b456e\">\n<div class=\"gb-grid-wrapper gb-grid-wrapper-7631e473\">\n<div class=\"gb-grid-column gb-grid-column-a366f661\"><div class=\"gb-container gb-container-a366f661\">\n\n<figure class=\"gb-block-image gb-block-image-885789c9\"><img decoding=\"async\" width=\"800\" height=\"530\" class=\"gb-image gb-image-885789c9\" src=\"https:\/\/www.tbwebsitedesign.com\/wp-content\/uploads\/2023\/05\/hosting-services-tampa-bay-website-design.jpg\" alt=\"Un conjunto bien organizado de servidores en un centro de datos, que representa los servicios de alojamiento de sitios web fiables y de alto rendimiento ofrecidos por Tampa Bay Website Design, garantizando que los sitios web de los clientes est\u00e9n siempre accesibles, se carguen r\u00e1pidamente y sean seguros para una experiencia online \u00f3ptima.\" title=\"hosting-servicios-tampa-bay-dise\u00f1o-sitio-web\" srcset=\"https:\/\/www.tbwebsitedesign.com\/wp-content\/uploads\/2023\/05\/hosting-services-tampa-bay-website-design.jpg 800w, https:\/\/www.tbwebsitedesign.com\/wp-content\/uploads\/2023\/05\/hosting-services-tampa-bay-website-design-300x199.jpg 300w, https:\/\/www.tbwebsitedesign.com\/wp-content\/uploads\/2023\/05\/hosting-services-tampa-bay-website-design-768x509.jpg 768w\" sizes=\"(max-width: 800px) 100vw, 800px\" \/><\/figure>\n\n\n\n<h2 class=\"gb-headline gb-headline-970b66e0 gb-headline-text\"><strong>Soluciones de alojamiento<\/strong><\/h2>\n\n\n\n<p class=\"gb-headline gb-headline-d01fc140 gb-headline-text\">Proporcionamos soluciones de alojamiento web fiables, seguras y de alto rendimiento, que incluyen alojamiento de WordPress, registro y gesti\u00f3n de nombres de dominio, soluciones de alojamiento de correo electr\u00f3nico y certificados SSL, para garantizar que tu sitio web est\u00e9 siempre activo y accesible.<\/p>\n\n\n\n<p class=\"has-accent-3-color has-text-color has-link-color wp-elements-a07c03f8ef46a853abd10827bfce6384\"><a href=\"https:\/\/www.tbwebsitedesign.com\/es\/experimenta-un-alojamiento-seguro-y-de-alto-rendimiento-con-tampa-bay-website-design\/\" data-type=\"page\" data-id=\"12065\">Descubre m\u00e1s sobre nuestras soluciones de alojamiento.<\/a><\/p>\n\n<\/div><\/div>\n\n<div class=\"gb-grid-column gb-grid-column-ce257ba2\"><div class=\"gb-container gb-container-ce257ba2\">\n\n<figure class=\"gb-block-image gb-block-image-25075fc7\"><img decoding=\"async\" class=\"gb-image gb-image-25075fc7\" src=\"https:\/\/www.tbwebsitedesign.com\/wp-content\/uploads\/2023\/05\/website-security-solutions-tampa-bay-website-design-jpg.webp\" alt=\"Un robusto candado colocado delante de un ordenador port\u00e1til que pone de relieve las s\u00f3lidas soluciones de seguridad de sitios web proporcionadas por Tampa Bay Website Design, garantizando que las plataformas online de los clientes est\u00e9n bien protegidas contra las ciberamenazas y fomentando una experiencia de navegaci\u00f3n segura para los usuarios.\" title=\"website-security-solutions-tampa-bay-website-design\"><\/figure>\n\n\n\n<h2 class=\"gb-headline gb-headline-8f66c156 gb-headline-text\"><strong>Desarrollo del comercio electr\u00f3nico<\/strong><\/h2>\n\n\n\n<p class=\"gb-headline gb-headline-f61cc590 gb-headline-text\">Nuestros servicios de desarrollo de sitios web de comercio electr\u00f3nico abarcan Woo-Commerce, integraci\u00f3n de carritos de la compra, listado de productos, gesti\u00f3n de inventario e integraci\u00f3n de pasarelas de pago. Facilitamos a tu empresa la consecuci\u00f3n de m\u00e1s ventas online.<\/p>\n\n\n\n<p class=\"has-accent-3-color has-text-color has-link-color wp-elements-c7bea8b914c5cbc8205cc9fb0647c42c\"><a href=\"https:\/\/www.tbwebsitedesign.com\/es\/servicios-expertos-de-desarrollo-de-comercio-electronico-de-tampa-bay-website-design\/\" data-type=\"page\" data-id=\"12067\">Explora nuestras soluciones de comercio electr\u00f3nico.<\/a><\/p>\n\n<\/div><\/div>\n<\/div>\n<\/div>\n<\/div>\n<\/div><div class=\"gb-container gb-container-654d7dca\">\n<div class=\"gb-container gb-container-ba6b7a4a\">\n\n<p class=\"gb-headline gb-headline-b5421c0d gb-headline-text\"><strong>\u00bfListo para amplificar tu presencia en Internet?<\/strong><\/p>\n\n\n\n<a class=\"gb-button gb-button-8c97c685 gb-button-text\" href=\"https:\/\/www.tbwebsitedesign.com\/es\/comienza-tu-viaje-de-diseno-web-en-tampa-con-tampa-bay-website-design\/\"><strong>Programa una Co<\/strong><strong>nsulta gratuita<\/strong><\/a>\n\n<\/div>\n<\/div>","protected":false},"excerpt":{"rendered":"<p>Conecta con los Servicios de Dise\u00f1o Web de Tampa Bay \u00bfBuscas una empresa de dise\u00f1o web de confianza para ampliar tu visibilidad online? \u00a1Tu b\u00fasqueda termina en Tampa Bay Website Design! Ofrecemos una amplia gama de servicios, entre ellos \u00bfListo para amplificar tu presencia en Internet?<\/p>\n","protected":false},"author":1,"featured_media":12752,"parent":0,"menu_order":0,"comment_status":"closed","ping_status":"closed","template":"","meta":{"_seopress_robots_primary_cat":"","_seopress_titles_title":"Soluciones Web Profesionales | Servicios de Dise\u00f1o Web en Tampa Bay","_seopress_titles_desc":"Amplifica tu visibilidad en Internet con los servicios de dise\u00f1o web de Tampa Bay. Descubre hoy mismo nuestra gama de soluciones web profesionales.","_seopress_robots_index":"","footnotes":""},"class_list":{"0":"post-12874","1":"page","2":"type-page","3":"status-publish","4":"has-post-thumbnail","6":"infinite-scroll-item"},"_links":{"self":[{"href":"https:\/\/www.tbwebsitedesign.com\/es\/wp-json\/wp\/v2\/pages\/12874","targetHints":{"allow":["GET"]}}],"collection":[{"href":"https:\/\/www.tbwebsitedesign.com\/es\/wp-json\/wp\/v2\/pages"}],"about":[{"href":"https:\/\/www.tbwebsitedesign.com\/es\/wp-json\/wp\/v2\/types\/page"}],"author":[{"embeddable":true,"href":"https:\/\/www.tbwebsitedesign.com\/es\/wp-json\/wp\/v2\/users\/1"}],"replies":[{"embeddable":true,"href":"https:\/\/www.tbwebsitedesign.com\/es\/wp-json\/wp\/v2\/comments?post=12874"}],"version-history":[{"count":0,"href":"https:\/\/www.tbwebsitedesign.com\/es\/wp-json\/wp\/v2\/pages\/12874\/revisions"}],"wp:featuredmedia":[{"embeddable":true,"href":"https:\/\/www.tbwebsitedesign.com\/es\/wp-json\/wp\/v2\/media\/12752"}],"wp:attachment":[{"href":"https:\/\/www.tbwebsitedesign.com\/es\/wp-json\/wp\/v2\/media?parent=12874"}],"curies":[{"name":"wp","href":"https:\/\/api.w.org\/{rel}","templated":true}]}}