{"id":12870,"date":"2024-01-07T16:35:54","date_gmt":"2024-01-07T21:35:54","guid":{"rendered":"https:\/\/www.tbwebsitedesign.com\/acerca-de-tampa-bay-website-design-empresa-lider-en-diseno-y-desarrollo-web\/"},"modified":"2026-03-12T12:13:40","modified_gmt":"2026-03-12T16:13:40","slug":"acerca-de-tampa-bay-website-design-empresa-lider-en-diseno-y-desarrollo-web","status":"publish","type":"page","link":"https:\/\/www.tbwebsitedesign.com\/es\/acerca-de-tampa-bay-website-design-empresa-lider-en-diseno-y-desarrollo-web\/","title":{"rendered":"Sobre Tampa Bay Dise\u00f1o Web | Agencia de Dise\u00f1o Web St. Pete"},"content":{"rendered":"<div class=\"gb-container gb-container-6bff6dc5\">\n<div class=\"gb-container gb-container-e5987bb8\">\n<div class=\"gb-container gb-container-1441dfeb\">\n\n<h1 class=\"gb-headline gb-headline-1f9858a2 gb-headline-text\">Acerca del dise\u00f1o web de Tampa Bay<\/h1>\n\n\n\n<h2 class=\"gb-headline gb-headline-3560bafb gb-headline-text\">La principal agencia de dise\u00f1o web y marketing digital de San Petersburgo<\/h2>\n\n\n\n<p class=\"has-base-3-color has-text-color has-link-color wp-elements-4a58eda7d6e919b79ffc99889e61bac7\">Bienvenido a Tampa Bay Website Design, la empresa local l\u00edder en dise\u00f1o web y SEO que presta sus servicios en St. Pete, Tampa y el \u00e1rea metropolitana de Tampa Bay. Nos dedicamos a superar las expectativas de nuestros clientes creando sitios web personalizados de alto rendimiento y ofreciendo un servicio de atenci\u00f3n al cliente personalizado y de primer nivel a todas las empresas locales con las que colaboramos. <\/p>\n\n<\/div>\n<\/div>\n<\/div><div class=\"gb-container gb-container-43749417\">\n<div class=\"gb-container gb-container-2e4802c0\">\n<div class=\"gb-container gb-container-e080cabf\">\n\n<h2 class=\"gb-headline gb-headline-fd3b1ab5 gb-headline-text\">NUESTRA MISI\u00d3N:<\/h2>\n\n\n\n<p class=\"has-base-3-color has-text-color has-link-color wp-elements-463a7f79ff26953751b9e35413d95a82\">En Tampa Bay Website Design, nuestra misi\u00f3n principal es dise\u00f1ar sitios web que generen resultados empresariales reales. Sabemos que un dise\u00f1o web de \u00e9lite requiere mucho m\u00e1s que un bonito dise\u00f1o. Nuestros expertos digitales combinan dise\u00f1o UI\/UX personalizado, navegaci\u00f3n intuitiva por el sitio, velocidades de carga ultrarr\u00e1pidas y m\u00e1s de 25 a\u00f1os de experiencia especializada en el sector para construir plataformas digitales que maximicen tu ROI online.  <\/p>\n\n<\/div>\n<\/div>\n<\/div><div class=\"gb-container gb-container-c8830eb5\">\n<div class=\"gb-container gb-container-b85a4dae\">\n<div class=\"gb-container gb-container-10c665a9\">\n<div class=\"gb-grid-wrapper gb-grid-wrapper-f3e19049\">\n<div class=\"gb-grid-column gb-grid-column-b2dd4c67\"><div class=\"gb-container gb-container-b2dd4c67\">\n\n<h2 class=\"gb-headline gb-headline-5043ec23 gb-headline-text\">Adoptar la diversidad y la inclusi\u00f3n en la tecnolog\u00eda<\/h2>\n\n\n\n<p>La diversidad es nuestra mayor fuerza. En Tampa Bay Website Design, fomentamos un entorno altamente inclusivo en el que se valora cada voz, alentando una cultura de aprendizaje e innovaci\u00f3n continuos. Al asociarnos con empresas de Florida que comparten nuestro profundo compromiso con la diversidad, la equidad y la inclusi\u00f3n (DEI), nos esforzamos por crear un impacto positivo y duradero en nuestra comunidad local y en el espacio digital.  <\/p>\n\n\n\n<figure class=\"gb-block-image gb-block-image-f71ae540\"><img decoding=\"async\" width=\"800\" height=\"533\" class=\"gb-image gb-image-f71ae540\" src=\"https:\/\/www.tbwebsitedesign.com\/wp-content\/uploads\/2023\/05\/diversity-equality-inclusion-tampa-bay-website-design.jpg\" alt=\"Una imagen de las palabras \"diversidad, equidad e inclusi\u00f3n\" escritas a mano, destacando la importancia de adoptar y promover estos valores en las comunidades y organizaciones para lograr una sociedad m\u00e1s integradora y equilibrada.\" srcset=\"https:\/\/www.tbwebsitedesign.com\/wp-content\/uploads\/2023\/05\/diversity-equality-inclusion-tampa-bay-website-design.jpg 800w, https:\/\/www.tbwebsitedesign.com\/wp-content\/uploads\/2023\/05\/diversity-equality-inclusion-tampa-bay-website-design-300x200.jpg 300w, https:\/\/www.tbwebsitedesign.com\/wp-content\/uploads\/2023\/05\/diversity-equality-inclusion-tampa-bay-website-design-768x512.jpg 768w\" sizes=\"(max-width: 800px) 100vw, 800px\" \/><\/figure>\n\n<\/div><\/div>\n\n<div class=\"gb-grid-column gb-grid-column-20c00f2d\"><div class=\"gb-container gb-container-20c00f2d\">\n\n<h2 class=\"gb-headline gb-headline-13b4e89f gb-headline-text\">Priorizar el alojamiento web ecol\u00f3gico y la sostenibilidad<\/h2>\n\n\n\n<p>La sostenibilidad medioambiental est\u00e1 en el centro de las operaciones de nuestra agencia. Reducimos activamente nuestra huella de carbono digital asoci\u00e1ndonos con centros de datos centrados en las energ\u00edas renovables y utilizando soluciones de alojamiento web ecol\u00f3gicas. Optimizando nuestros servidores para un consumo m\u00ednimo de recursos, defendiendo un entorno de trabajo sin papel y apoyando iniciativas de energ\u00eda solar, creamos sitios web de alta tecnolog\u00eda para un mundo m\u00e1s verde.  <\/p>\n\n\n\n<figure class=\"gb-block-image gb-block-image-37d7a442\"><img decoding=\"async\" width=\"960\" height=\"720\" class=\"gb-image gb-image-37d7a442\" src=\"https:\/\/www.tbwebsitedesign.com\/wp-content\/uploads\/2024\/01\/sunset-treasure-island-florida-tampa-bay-website-design.jpg\" alt=\"Puesta de sol Treasure Island Florida\" title=\"sunset-treasure-island-florida-tampa-bay-website-design\" srcset=\"https:\/\/www.tbwebsitedesign.com\/wp-content\/uploads\/2024\/01\/sunset-treasure-island-florida-tampa-bay-website-design.jpg 960w, https:\/\/www.tbwebsitedesign.com\/wp-content\/uploads\/2024\/01\/sunset-treasure-island-florida-tampa-bay-website-design-300x225.jpg 300w, https:\/\/www.tbwebsitedesign.com\/wp-content\/uploads\/2024\/01\/sunset-treasure-island-florida-tampa-bay-website-design-768x576.jpg 768w\" sizes=\"(max-width: 960px) 100vw, 960px\" \/><\/figure>\n\n\n\n<p class=\"has-medium-font-size\">Puesta de sol en la playa de Treasure Island &#8211; Treasure Island, Florida<\/p>\n\n<\/div><\/div>\n<\/div>\n<\/div>\n<\/div>\n\n<div class=\"gb-container gb-container-75c2cec0\">\n<div class=\"gb-container gb-container-92ad17ed\">\n<div class=\"gb-container gb-container-fb351996\">\n\n<h2 class=\"gb-headline gb-headline-7ab533fd\"><span class=\"gb-icon\"><svg xmlns=\"http:\/\/www.w3.org\/2000\/svg\" viewbox=\"0 0 8.145 54.189\"><path d=\"M4.262 40.052V0l-.439.438v39.613l.439.001zm-.439 3.853v9.845l.438.438.001-10.284-.439.001zm3.883-11.29v17.518l.439-.439V32.615h-.439zm0-8.273h.439V9.495l-.439-.439v15.286zM.439 21.074V4.056L0 4.495l.001 16.579h.438zm.001 6.274l-.439-.001v19.347l.439.439V27.348z\"><\/path><\/svg><\/span><span class=\"gb-headline-text\">Nuestros principales servicios de desarrollo digital y web:<\/span><\/h2>\n\n\n<div class=\"gb-grid-wrapper gb-grid-wrapper-abc4c3f0\">\n<div class=\"gb-grid-column gb-grid-column-0e62f947\"><div class=\"gb-container gb-container-0e62f947\">\n\n<h3 class=\"gb-headline gb-headline-35f98282 gb-headline-text\"><a href=\"https:\/\/www.tbwebsitedesign.com\/es\/servicios-de-diseno-y-rediseno-web-de-primera-clase-en-la-bahia-de-tampa\/\" data-type=\"page\" data-id=\"11998\">Dise\u00f1o web a medida<\/a><\/h3>\n\n\n\n<p class=\"has-base-3-color has-text-color has-link-color wp-elements-8ce839e6745e85058ff2a85470e1c4c8\">Construye un sitio web a medida, que responda a los dispositivos m\u00f3viles, adaptado a la identidad \u00fanica de tu marca y dise\u00f1ado para convertir el tr\u00e1fico local en clientes fieles.<\/p>\n\n<\/div><\/div>\n\n<div class=\"gb-grid-column gb-grid-column-8f9359a4\"><div class=\"gb-container gb-container-8f9359a4\">\n\n<h3 class=\"gb-headline gb-headline-fd41fa92 gb-headline-text\"><a href=\"https:\/\/www.tbwebsitedesign.com\/accelerate-your-business-with-comprehensive-seo-services-by-tampa-bay-website-design\/\" data-type=\"page\" data-id=\"12047\">Optimizaci\u00f3n SEO<\/a><\/h3>\n\n\n\n<p class=\"has-base-3-color has-text-color has-link-color wp-elements-e6ba469183967fc020748c8c2d1f9499\">Domina los resultados de b\u00fasqueda de Google. Utilizamos estrategias avanzadas de optimizaci\u00f3n de motores de b\u00fasqueda para impulsar tu posicionamiento org\u00e1nico y atraer tr\u00e1fico espec\u00edfico. <\/p>\n\n<\/div><\/div>\n\n<div class=\"gb-grid-column gb-grid-column-076342a0\"><div class=\"gb-container gb-container-076342a0\">\n\n<h3 class=\"gb-headline gb-headline-a1614733 gb-headline-text\"><a href=\"https:\/\/www.tbwebsitedesign.com\/es\/experimenta-un-alojamiento-seguro-y-de-alto-rendimiento-con-tampa-bay-website-design\/\" data-type=\"page\" data-id=\"12065\">Alojamiento web seguro<\/a><\/h3>\n\n\n\n<p class=\"has-base-3-color has-text-color has-link-color wp-elements-7fb5d59d4a064b822e2ffdca3ac8a9cc\">Disfruta del m\u00e1ximo tiempo de actividad con nuestros servicios de alojamiento web gestionado, r\u00e1pidos, fiables y ecol\u00f3gicos.<\/p>\n\n<\/div><\/div>\n<\/div>\n\n<div class=\"gb-grid-wrapper gb-grid-wrapper-96f6a556\">\n<div class=\"gb-grid-column gb-grid-column-59e89520\"><div class=\"gb-container gb-container-59e89520\">\n\n<h3 class=\"gb-headline gb-headline-7f407df0 gb-headline-text\"><a href=\"https:\/\/www.tbwebsitedesign.com\/es\/eleva-tu-marca-con-nuestros-servicios-de-diseno-grafico-y-de-logotipos\/\" data-type=\"page\" data-id=\"12057\">Logotipo y dise\u00f1o gr\u00e1fico<\/a><\/h3>\n\n\n\n<p class=\"has-base-3-color has-text-color has-link-color wp-elements-c10b4744c239371ec47ce1d6c48f5970\">Eleva tu marca corporativa con un dise\u00f1o de logotipo cautivador y activos gr\u00e1ficos visualmente impactantes que dejen una impresi\u00f3n duradera.<\/p>\n\n<\/div><\/div>\n\n<div class=\"gb-grid-column gb-grid-column-1cb8cf5b\"><div class=\"gb-container gb-container-1cb8cf5b\">\n\n<h3 class=\"gb-headline gb-headline-b1445f53 gb-headline-text\"><a href=\"https:\/\/www.tbwebsitedesign.com\/es\/servicios-expertos-de-desarrollo-de-comercio-electronico-de-tampa-bay-website-design\/\" data-type=\"page\" data-id=\"12067\">Desarrollo de comercio electr\u00f3nico<\/a><\/h3>\n\n\n\n<p class=\"has-base-3-color has-text-color has-link-color wp-elements-bc11ee9402b59a877a9c7bcdbb696633\">Aumenta tus ingresos con el desarrollo web de comercio electr\u00f3nico personalizado, creando tiendas online intuitivas utilizando las mejores plataformas como Shopify y WooCommerce.<\/p>\n\n<\/div><\/div>\n\n<div class=\"gb-grid-column gb-grid-column-5e47a7cc\"><div class=\"gb-container gb-container-5e47a7cc\">\n\n<h3 class=\"gb-headline gb-headline-e0f24e0e gb-headline-text\"><a href=\"https:\/\/www.tbwebsitedesign.com\/es\/soluciones-integrales-de-seguridad-para-sitios-web-de-tampa-bay-website-design\/\" data-type=\"page\" data-id=\"12076\">Soluci\u00f3n de seguridad para sitios web<\/a><\/h3>\n\n\n\n<p class=\"has-base-3-color has-text-color has-link-color wp-elements-2b3832d45b05f2aea5e0336df1bd03c2\">Protege tu escaparate digital. Implantamos s\u00f3lidos protocolos de ciberseguridad para salvaguardar los datos de tu empresa y proteger a tus usuarios de amenazas maliciosas.<\/p>\n\n<\/div><\/div>\n<\/div>\n<\/div>\n<\/div>\n<\/div>\n<\/div><div class=\"gb-container gb-container-bcd46777\">\n<div class=\"gb-container gb-container-91366d51\">\n<div class=\"gb-container gb-container-1238a08e\">\n<div class=\"gb-grid-wrapper gb-grid-wrapper-e6a41cb1\">\n<div class=\"gb-grid-column gb-grid-column-58bb5531\"><div class=\"gb-container gb-container-58bb5531\">\n\n<h2 class=\"gb-headline gb-headline-a1066541 gb-headline-text\">Conoce a nuestro equipo ejecutivo<\/h2>\n\n\n\n<h3 class=\"gb-headline gb-headline-c0077ba6\"><span class=\"gb-icon\"><svg xmlns=\"http:\/\/www.w3.org\/2000\/svg\" aria-hidden=\"true\" role=\"img\" height=\"1em\" width=\"1em\" viewbox=\"0 0 448 512\"><path fill=\"currentColor\" d=\"M416 32H31.9C14.3 32 0 46.5 0 64.3v383.4C0 465.5 14.3 480 31.9 480H416c17.6 0 32-14.5 32-32.3V64.3c0-17.8-14.4-32.3-32-32.3zM135.4 416H69V202.2h66.5V416zm-33.2-243c-21.3 0-38.5-17.3-38.5-38.5S80.9 96 102.2 96c21.2 0 38.5 17.3 38.5 38.5 0 21.3-17.2 38.5-38.5 38.5zm282.1 243h-66.4V312c0-24.8-.5-56.7-34.5-56.7-34.6 0-39.9 27-39.9 54.9V416h-66.4V202.2h63.7v29.2h.9c8.9-16.8 30.6-34.5 62.9-34.5 67.2 0 79.7 44.3 79.7 101.9V416z\"><\/path><\/svg><\/span><span class=\"gb-headline-text\"><a href=\"https:\/\/www.linkedin.com\/in\/jason-toledo-1a49796\" data-type=\"link\" data-id=\"https:\/\/www.linkedin.com\/in\/jason-toledo-1a49796\" target=\"_blank\" rel=\"noreferrer noopener\">Jason Toledo &#8211; Fundador y Experto Principal en Dise\u00f1o Web<\/a><\/span><\/h3>\n\n\n\n<div class=\"wp-block-media-text is-stacked-on-mobile\" style=\"grid-template-columns:15% auto\"><figure class=\"wp-block-media-text__media\"><img decoding=\"async\" width=\"800\" height=\"934\" src=\"https:\/\/www.tbwebsitedesign.com\/wp-content\/uploads\/2024\/01\/jason-toledo-tampa-bay-web-designer-jpg.webp\" alt=\"\" class=\"wp-image-11924 size-full\" srcset=\"https:\/\/www.tbwebsitedesign.com\/wp-content\/uploads\/2024\/01\/jason-toledo-tampa-bay-web-designer-jpg.webp 800w, https:\/\/www.tbwebsitedesign.com\/wp-content\/uploads\/2024\/01\/jason-toledo-tampa-bay-web-designer-257x300.webp 257w, https:\/\/www.tbwebsitedesign.com\/wp-content\/uploads\/2024\/01\/jason-toledo-tampa-bay-web-designer-768x897.webp 768w\" sizes=\"(max-width: 800px) 100vw, 800px\" \/><\/figure><div class=\"wp-block-media-text__content\">\n<p>Jason Toledo es un experimentado profesional digital y desarrollador web con un impresionante historial en puestos de responsabilidad en importantes instituciones financieras online, como Scottrade, OptionsHouse y ZacksTrade. Su pasi\u00f3n por la arquitectura web comenz\u00f3 en la escuela secundaria, en 1995, y evolucion\u00f3 r\u00e1pidamente en 1999, cuando se convirti\u00f3 en el webmaster oficial de su instituto, e incluso ense\u00f1\u00f3 a su profesor de inform\u00e1tica t\u00e9cnicas avanzadas de creaci\u00f3n de sitios web.<\/p>\n\n\n\n<p>Impulsado por una pasi\u00f3n de toda la vida por la innovaci\u00f3n digital, Jason lanz\u00f3 con \u00e9xito ToledoTrade, una empresa de comercio en l\u00ednea que sent\u00f3 las bases estrat\u00e9gicas para Tampa Bay Website Design. Dotado de amplios conocimientos t\u00e9cnicos y una profunda dedicaci\u00f3n a ayudar a los emprendedores y peque\u00f1as empresas de Florida a crecer, Jason dirige nuestra agencia en la prestaci\u00f3n de asesoramiento SEO estrat\u00e9gico y el desarrollo de sitios web impecables que capten a la perfecci\u00f3n las visiones de marca de nuestros clientes.<\/p>\n<\/div><\/div>\n\n<\/div><\/div>\n<\/div>\n<\/div>\n<\/div>\n<\/div>","protected":false},"excerpt":{"rendered":"<p>Acerca del dise\u00f1o web de Tampa Bay La principal agencia de dise\u00f1o web y marketing digital de San Petersburgo Bienvenido a Tampa Bay Website Design, la empresa local l\u00edder en dise\u00f1o web y SEO que presta sus servicios en St. Pete, Tampa y el \u00e1rea metropolitana de Tampa Bay. Nos dedicamos a superar las expectativas &#8230; <\/p>\n<p class=\"read-more-container\"><a title=\"Sobre Tampa Bay Dise\u00f1o Web | Agencia de Dise\u00f1o Web St. Pete\" class=\"read-more button\" href=\"https:\/\/www.tbwebsitedesign.com\/es\/acerca-de-tampa-bay-website-design-empresa-lider-en-diseno-y-desarrollo-web\/#more-12870\" aria-label=\"Leer m\u00e1s sobre Sobre Tampa Bay Dise\u00f1o Web | Agencia de Dise\u00f1o Web St. Pete\">Leer m\u00e1s<\/a><\/p>\n","protected":false},"author":1,"featured_media":0,"parent":0,"menu_order":0,"comment_status":"closed","ping_status":"closed","template":"","meta":{"_seopress_robots_primary_cat":"","_seopress_titles_title":"Sobre Tampa Bay Dise\u00f1o Web | Agencia de Dise\u00f1o Web St. Pete","_seopress_titles_desc":"Descubre Tampa Bay Website Design, la agencia de desarrollo web y SEO mejor valorada de San Petersburgo. Aportamos m\u00e1s de 25 a\u00f1os de experiencia digital a las empresas de Florida. ","_seopress_robots_index":"","footnotes":""},"class_list":{"0":"post-12870","1":"page","2":"type-page","3":"status-publish","5":"infinite-scroll-item"},"_links":{"self":[{"href":"https:\/\/www.tbwebsitedesign.com\/es\/wp-json\/wp\/v2\/pages\/12870","targetHints":{"allow":["GET"]}}],"collection":[{"href":"https:\/\/www.tbwebsitedesign.com\/es\/wp-json\/wp\/v2\/pages"}],"about":[{"href":"https:\/\/www.tbwebsitedesign.com\/es\/wp-json\/wp\/v2\/types\/page"}],"author":[{"embeddable":true,"href":"https:\/\/www.tbwebsitedesign.com\/es\/wp-json\/wp\/v2\/users\/1"}],"replies":[{"embeddable":true,"href":"https:\/\/www.tbwebsitedesign.com\/es\/wp-json\/wp\/v2\/comments?post=12870"}],"version-history":[{"count":0,"href":"https:\/\/www.tbwebsitedesign.com\/es\/wp-json\/wp\/v2\/pages\/12870\/revisions"}],"wp:attachment":[{"href":"https:\/\/www.tbwebsitedesign.com\/es\/wp-json\/wp\/v2\/media?parent=12870"}],"curies":[{"name":"wp","href":"https:\/\/api.w.org\/{rel}","templated":true}]}}