{"id":12867,"date":"2024-01-09T17:33:22","date_gmt":"2024-01-09T22:33:22","guid":{"rendered":"https:\/\/www.tbwebsitedesign.com\/experimenta-un-alojamiento-seguro-y-de-alto-rendimiento-con-tampa-bay-website-design\/"},"modified":"2024-07-12T10:21:53","modified_gmt":"2024-07-12T14:21:53","slug":"experimenta-un-alojamiento-seguro-y-de-alto-rendimiento-con-tampa-bay-website-design","status":"publish","type":"page","link":"https:\/\/www.tbwebsitedesign.com\/es\/experimenta-un-alojamiento-seguro-y-de-alto-rendimiento-con-tampa-bay-website-design\/","title":{"rendered":"Experimenta un alojamiento seguro y de alto rendimiento con Tampa Bay Website Design"},"content":{"rendered":"<div class=\"gb-container gb-container-6bff6dc5\">\n<div class=\"gb-container gb-container-e5987bb8\">\n<div class=\"gb-container gb-container-1441dfeb\">\n\n<h1 class=\"gb-headline gb-headline-1f9858a2 gb-headline-text\">Servicios de alojamiento seguros y de alto rendimiento de Tampa Bay Website Design<\/h1>\n\n\n\n<p class=\"has-base-3-color has-text-color\">En Tampa Bay Website Design, ofrecemos una amplia gama de servicios de alojamiento, que garantizan la seguridad, fiabilidad y eficacia de tu sitio web. Nuestro equipo de dise\u00f1adores web profesionales de Tampa est\u00e1 especializado en ofrecer soluciones de alojamiento a medida que se ajusten a las necesidades espec\u00edficas de tu empresa.<\/p>\n\n<\/div>\n\n<div class=\"gb-container gb-container-f66320ac\">\n\n<figure class=\"gb-block-image gb-block-image-837b8a49\"><img decoding=\"async\" width=\"985\" height=\"715\" class=\"gb-image gb-image-837b8a49\" src=\"https:\/\/www.tbwebsitedesign.com\/wp-content\/uploads\/2023\/05\/website-sample.svg\" alt=\"Servidor que simboliza las soluciones de alojamiento r\u00e1pidas, fiables y eficaces proporcionadas por Tampa Bay Website Design.\" title=\"alojamiento web-tampa\"><\/figure>\n\n<\/div>\n<\/div>\n<\/div><div class=\"gb-container gb-container-56b4537c\">\n<div class=\"gb-container gb-container-c95b6af6\">\n<div class=\"gb-container gb-container-6458196e\">\n<div class=\"gb-container gb-container-a34e849c\">\n\n<h2 class=\"gb-headline gb-headline-977422b7 gb-headline-text\">\u00bfPor qu\u00e9 confiar en Tampa Bay Website Design para tus necesidades de alojamiento?<\/h2>\n\n\n\n<p class=\"gb-headline gb-headline-6da8c2e0\"><span class=\"gb-icon\"><svg xmlns=\"http:\/\/www.w3.org\/2000\/svg\" aria-hidden=\"true\" role=\"img\" height=\"1em\" width=\"1em\" viewbox=\"0 0 512 512\"><path fill=\"currentColor\" d=\"M173.898 439.404l-166.4-166.4c-9.997-9.997-9.997-26.206 0-36.204l36.203-36.204c9.997-9.998 26.207-9.998 36.204 0L192 312.69 432.095 72.596c9.997-9.997 26.207-9.997 36.204 0l36.203 36.204c9.997 9.997 9.997 26.206 0 36.204l-294.4 294.401c-9.998 9.997-26.207 9.997-36.204-.001z\"><\/path><\/svg><\/span><span class=\"gb-headline-text\">Experiencia demostrada en el dise\u00f1o y creaci\u00f3n de sitios web<\/span><\/p>\n\n\n\n<p class=\"gb-headline gb-headline-033f272d\"><span class=\"gb-icon\"><svg xmlns=\"http:\/\/www.w3.org\/2000\/svg\" aria-hidden=\"true\" role=\"img\" height=\"1em\" width=\"1em\" viewbox=\"0 0 512 512\"><path fill=\"currentColor\" d=\"M173.898 439.404l-166.4-166.4c-9.997-9.997-9.997-26.206 0-36.204l36.203-36.204c9.997-9.998 26.207-9.998 36.204 0L192 312.69 432.095 72.596c9.997-9.997 26.207-9.997 36.204 0l36.203 36.204c9.997 9.997 9.997 26.206 0 36.204l-294.4 294.401c-9.998 9.997-26.207 9.997-36.204-.001z\"><\/path><\/svg><\/span><span class=\"gb-headline-text\">Infraestructura de alojamiento de \u00faltima generaci\u00f3n<\/span><\/p>\n\n\n<div class=\"gb-container gb-container-12f7f8c5\">\n\n<p class=\"gb-headline gb-headline-638d6f29\"><span class=\"gb-icon\"><svg xmlns=\"http:\/\/www.w3.org\/2000\/svg\" aria-hidden=\"true\" role=\"img\" height=\"1em\" width=\"1em\" viewbox=\"0 0 512 512\"><path fill=\"currentColor\" d=\"M173.898 439.404l-166.4-166.4c-9.997-9.997-9.997-26.206 0-36.204l36.203-36.204c9.997-9.998 26.207-9.998 36.204 0L192 312.69 432.095 72.596c9.997-9.997 26.207-9.997 36.204 0l36.203 36.204c9.997 9.997 9.997 26.206 0 36.204l-294.4 294.401c-9.998 9.997-26.207 9.997-36.204-.001z\"><\/path><\/svg><\/span><span class=\"gb-headline-text\">Copias de seguridad diarias automatizadas y gratuitas para la seguridad de los datos<\/span><\/p>\n\n<\/div>\n\n\n<p class=\"gb-headline gb-headline-d1f091b3\"><span class=\"gb-icon\"><svg xmlns=\"http:\/\/www.w3.org\/2000\/svg\" aria-hidden=\"true\" role=\"img\" height=\"1em\" width=\"1em\" viewbox=\"0 0 512 512\"><path fill=\"currentColor\" d=\"M173.898 439.404l-166.4-166.4c-9.997-9.997-9.997-26.206 0-36.204l36.203-36.204c9.997-9.998 26.207-9.998 36.204 0L192 312.69 432.095 72.596c9.997-9.997 26.207-9.997 36.204 0l36.203 36.204c9.997 9.997 9.997 26.206 0 36.204l-294.4 294.401c-9.998 9.997-26.207 9.997-36.204-.001z\"><\/path><\/svg><\/span><span class=\"gb-headline-text\">Una garant\u00eda de tiempo de actividad del 99,99%, para que tu sitio est\u00e9 siempre accesible<\/span><\/p>\n\n<\/div>\n<\/div>\n<\/div>\n<\/div><div class=\"gb-container gb-container-f7eecdb5\">\n<div class=\"gb-container gb-container-60ad3251\">\n\n<h3 class=\"gb-headline gb-headline-23fd6d0f\"><span class=\"gb-icon\"><svg xmlns=\"http:\/\/www.w3.org\/2000\/svg\" viewbox=\"0 0 8.145 54.189\"><path d=\"M4.262 40.052V0l-.439.438v39.613l.439.001zm-.439 3.853v9.845l.438.438.001-10.284-.439.001zm3.883-11.29v17.518l.439-.439V32.615h-.439zm0-8.273h.439V9.495l-.439-.439v15.286zM.439 21.074V4.056L0 4.495l.001 16.579h.438zm.001 6.274l-.439-.001v19.347l.439.439V27.348z\"><\/path><\/svg><\/span><span class=\"gb-headline-text\">Nuestra completa gama de servicios de alojamiento de sitios web:<\/span><\/h3>\n\n\n<div class=\"gb-grid-wrapper gb-grid-wrapper-330be022\">\n<div class=\"gb-grid-column gb-grid-column-69fe2156\"><div class=\"gb-container gb-container-69fe2156\">\n\n<figure class=\"gb-block-image gb-block-image-feaaa309\"><img decoding=\"async\" width=\"245\" height=\"245\" class=\"gb-image gb-image-feaaa309\" src=\"https:\/\/www.tbwebsitedesign.com\/wp-content\/uploads\/2023\/05\/wordpress-hosting-solution-tampa-bay-website-design.svg\" alt=\"Estante de servidor estilizado, que representa soluciones de alojamiento seguras y fiables de Tampa Bay Website Design\" title=\"wordpress-hosting-solution-tampa-bay-website-design\"><\/figure>\n\n\n\n<p class=\"gb-headline gb-headline-52010620 gb-headline-text\"><strong>Alojamiento WordPress  <\/strong><\/p>\n\n\n\n<p class=\"gb-headline gb-headline-6843b514 gb-headline-text\">Nuestra soluci\u00f3n de alojamiento optimizada para sitios web WordPress incluye actualizaciones autom\u00e1ticas, copias de seguridad diarias y tiempos de carga rapid\u00edsimos. Nuestros expertos en dise\u00f1o de sitios web de Tampa se aseguran de que tu sitio WordPress est\u00e9 totalmente optimizado para ofrecer el m\u00e1ximo rendimiento y una seguridad robusta.<\/p>\n\n<\/div><\/div>\n\n<div class=\"gb-grid-column gb-grid-column-0e0f4ab4\"><div class=\"gb-container gb-container-0e0f4ab4\">\n\n<figure class=\"gb-block-image gb-block-image-b00a6d19\"><img decoding=\"async\" width=\"245\" height=\"245\" class=\"gb-image gb-image-b00a6d19\" src=\"https:\/\/www.tbwebsitedesign.com\/wp-content\/uploads\/2023\/05\/domain-name-registration-service-tampa-bay-website-hosting-services.svg\" alt=\"Servicio de registro de dominios ofrecido por Tampa Bay Website Design, que garantiza un proceso fluido y sin complicaciones para asegurar tu presencia en Internet.\" title=\"domain-name-registration-service-tampa-bay-website-hosting-services\"><\/figure>\n\n\n\n<p class=\"gb-headline gb-headline-0292368c gb-headline-text\"><strong>Registro y gesti\u00f3n de nombres de dominio<\/strong><\/p>\n\n\n\n<p class=\"gb-headline gb-headline-876b889e gb-headline-text\">Proporcionamos servicios de registro y gesti\u00f3n de nombres de dominio, garantizando que tu sitio web tenga un nombre de dominio \u00fanico y memorable que represente a tu marca. Nos encargamos de todos los aspectos t\u00e9cnicos de la gesti\u00f3n de tu nombre de dominio, incluidas las renovaciones y la protecci\u00f3n de la privacidad.<\/p>\n\n<\/div><\/div>\n\n<div class=\"gb-grid-column gb-grid-column-b3f0c7e6\"><div class=\"gb-container gb-container-b3f0c7e6\">\n\n<figure class=\"gb-block-image gb-block-image-8bc22f0f\"><img decoding=\"async\" width=\"105\" height=\"105\" class=\"gb-image gb-image-8bc22f0f\" src=\"https:\/\/www.tbwebsitedesign.com\/wp-content\/uploads\/2023\/05\/email-hosting-tampa-bay-website-design.svg\" alt=\"S\u00edmbolo de alojamiento de correo electr\u00f3nico de Tampa Bay Website Design, que representa nuestras soluciones de correo electr\u00f3nico completas y fiables adaptadas a las necesidades de tu empresa.\" title=\"email-hosting-tampa-bay-dise\u00f1o-sitio-web\"><\/figure>\n\n\n\n<p class=\"gb-headline gb-headline-c8a9ba21 gb-headline-text\"><strong><strong>Soluciones de alojamiento de correo electr\u00f3nico<\/strong><\/strong><\/p>\n\n\n\n<p class=\"gb-headline gb-headline-238e08f8 gb-headline-text\">Comprendiendo el papel vital que desempe\u00f1a un alojamiento de correo electr\u00f3nico fiable para tu empresa, proporcionamos soluciones de alojamiento de correo electr\u00f3nico personalizadas. Entre ellas se incluyen el f\u00e1cil acceso a tus correos electr\u00f3nicos, el filtrado de spam y la protecci\u00f3n antivirus, que garantizan una comunicaci\u00f3n empresarial fluida.<\/p>\n\n<\/div><\/div>\n\n<div class=\"gb-grid-column gb-grid-column-b0aa641d\"><div class=\"gb-container gb-container-b0aa641d\">\n\n<figure class=\"gb-block-image gb-block-image-42577da1\"><img decoding=\"async\" width=\"140\" height=\"140\" class=\"gb-image gb-image-42577da1\" src=\"https:\/\/www.tbwebsitedesign.com\/wp-content\/uploads\/2023\/05\/on-page-optimization-service-seo-tampa-bay-website-design.svg\" alt=\"Un icono visualmente atractivo que representa los completos servicios SEO de optimizaci\u00f3n en la p\u00e1gina ofrecidos por Tampa Bay Website Design, que se centran en mejorar diversos elementos de los sitios web de los clientes para mejorar su clasificaci\u00f3n en los motores de b\u00fasqueda y su presencia general en Internet.\" title=\"on-page-optimization-service-seo-tampa-bay-website-design\"><\/figure>\n\n\n\n<p class=\"gb-headline gb-headline-4c054914 gb-headline-text\"><strong><strong>Certificados SSL gratuitos<\/strong><\/strong><\/p>\n\n\n\n<p class=\"gb-headline gb-headline-ae64ae1a gb-headline-text\">Cada sitio web alojado con nosotros incluye un certificado SSL gratuito, que garantiza la seguridad de tu sitio y que toda la informaci\u00f3n transmitida a trav\u00e9s de \u00e9l est\u00e1 encriptada.<\/p>\n\n<\/div><\/div>\n<\/div>\n<\/div>\n<\/div><div class=\"gb-container gb-container-654d7dca\">\n<div class=\"gb-container gb-container-ba6b7a4a\">\n\n<p class=\"gb-headline gb-headline-b5421c0d gb-headline-text\"><strong>No dejes el \u00e9xito de tu sitio web al azar. Experimenta las ventajas de asociarte con Tampa Bay Website Design, un proveedor de servicios de alojamiento profesional y fiable. Ponte en contacto con nosotros hoy mismo para programar una consulta gratuita.<\/strong><\/p>\n\n\n\n<a class=\"gb-button gb-button-8c97c685 gb-button-text\" href=\"https:\/\/www.tbwebsitedesign.com\/es\/comienza-tu-viaje-de-diseno-web-en-tampa-con-tampa-bay-website-design\/\"><strong>Programa una Co<\/strong><strong>nsulta gratuita<\/strong><\/a>\n\n<\/div>\n<\/div>","protected":false},"excerpt":{"rendered":"<p>Servicios de alojamiento seguros y de alto rendimiento de Tampa Bay Website Design En Tampa Bay Website Design, ofrecemos una amplia gama de servicios de alojamiento, que garantizan la seguridad, fiabilidad y eficacia de tu sitio web. Nuestro equipo de dise\u00f1adores web profesionales de Tampa est\u00e1 especializado en ofrecer soluciones de alojamiento a medida que &#8230; <\/p>\n<p class=\"read-more-container\"><a title=\"Experimenta un alojamiento seguro y de alto rendimiento con Tampa Bay Website Design\" class=\"read-more button\" href=\"https:\/\/www.tbwebsitedesign.com\/es\/experimenta-un-alojamiento-seguro-y-de-alto-rendimiento-con-tampa-bay-website-design\/#more-12867\" aria-label=\"Leer m\u00e1s sobre Experimenta un alojamiento seguro y de alto rendimiento con Tampa Bay Website Design\">Leer m\u00e1s<\/a><\/p>\n","protected":false},"author":1,"featured_media":12752,"parent":0,"menu_order":0,"comment_status":"closed","ping_status":"closed","template":"","meta":{"_seopress_robots_primary_cat":"","_seopress_titles_title":"Servicios seguros de alojamiento web | Dise\u00f1o web en Tampa Bay","_seopress_titles_desc":"Tampa Bay Website Design ofrece servicios de alojamiento seguros y de alto rendimiento, como alojamiento de WordPress, registro de dominios, alojamiento de correo electr\u00f3nico y certificados SSL. As\u00f3ciate con nosotros para obtener soluciones de alojamiento fiables.","_seopress_robots_index":"","footnotes":""},"class_list":{"0":"post-12867","1":"page","2":"type-page","3":"status-publish","4":"has-post-thumbnail","6":"infinite-scroll-item"},"_links":{"self":[{"href":"https:\/\/www.tbwebsitedesign.com\/es\/wp-json\/wp\/v2\/pages\/12867","targetHints":{"allow":["GET"]}}],"collection":[{"href":"https:\/\/www.tbwebsitedesign.com\/es\/wp-json\/wp\/v2\/pages"}],"about":[{"href":"https:\/\/www.tbwebsitedesign.com\/es\/wp-json\/wp\/v2\/types\/page"}],"author":[{"embeddable":true,"href":"https:\/\/www.tbwebsitedesign.com\/es\/wp-json\/wp\/v2\/users\/1"}],"replies":[{"embeddable":true,"href":"https:\/\/www.tbwebsitedesign.com\/es\/wp-json\/wp\/v2\/comments?post=12867"}],"version-history":[{"count":0,"href":"https:\/\/www.tbwebsitedesign.com\/es\/wp-json\/wp\/v2\/pages\/12867\/revisions"}],"wp:featuredmedia":[{"embeddable":true,"href":"https:\/\/www.tbwebsitedesign.com\/es\/wp-json\/wp\/v2\/media\/12752"}],"wp:attachment":[{"href":"https:\/\/www.tbwebsitedesign.com\/es\/wp-json\/wp\/v2\/media?parent=12867"}],"curies":[{"name":"wp","href":"https:\/\/api.w.org\/{rel}","templated":true}]}}