{"id":12866,"date":"2024-01-09T14:37:10","date_gmt":"2024-01-09T19:37:10","guid":{"rendered":"https:\/\/www.tbwebsitedesign.com\/acelera-tu-negocio-con-los-completos-servicios-seo-de-tampa-bay-website-design\/"},"modified":"2024-07-12T10:21:52","modified_gmt":"2024-07-12T14:21:52","slug":"acelera-tu-negocio-con-los-completos-servicios-seo-de-tampa-bay-website-design","status":"publish","type":"page","link":"https:\/\/www.tbwebsitedesign.com\/es\/acelera-tu-negocio-con-los-completos-servicios-seo-de-tampa-bay-website-design\/","title":{"rendered":"Acelera tu negocio con los completos servicios SEO de Tampa Bay Website Design"},"content":{"rendered":"<div class=\"gb-container gb-container-6bff6dc5\">\n<div class=\"gb-container gb-container-e5987bb8\">\n<div class=\"gb-container gb-container-1441dfeb\">\n\n<h1 class=\"gb-headline gb-headline-1f9858a2 gb-headline-text\">Eleva tu empresa con servicios SEO todo incluido<\/h1>\n\n\n\n<p class=\"has-base-3-color has-text-color\">Tampa Bay Website Design, un equipo de expertos dise\u00f1adores web de Tampa, ofrece servicios SEO profesionales que incluyen una investigaci\u00f3n exhaustiva de palabras clave para garantizar el triunfo de tu campa\u00f1a SEO. Nuestro competente equipo identifica las palabras clave m\u00e1s potentes para atraer a tus clientes potenciales, aumentando as\u00ed el tr\u00e1fico y mejorando la clasificaci\u00f3n en los motores de b\u00fasqueda.<\/p>\n\n<\/div>\n\n<div class=\"gb-container gb-container-f66320ac\">\n\n<figure class=\"gb-block-image gb-block-image-837b8a49\"><img decoding=\"async\" width=\"800\" height=\"600\" class=\"gb-image gb-image-837b8a49\" src=\"https:\/\/www.tbwebsitedesign.com\/wp-content\/uploads\/2023\/05\/seo-services-tampa-bay-web-design.svg\" alt=\"Un atractivo icono de SEO que representa una lupa examinando la pantalla de un ordenador, junto con una rueda de optimizaci\u00f3n azul, que representa el enfoque meticuloso y orientado a los resultados de Tampa Bay Website Design a la hora de mejorar la clasificaci\u00f3n de los clientes en los motores de b\u00fasqueda y su presencia online mediante configuraciones SEO expertas.\" title=\"seo-services-tampa-bay-web-design\"><\/figure>\n\n<\/div>\n<\/div>\n<\/div><div class=\"gb-container gb-container-56b4537c\">\n<div class=\"gb-container gb-container-c95b6af6\">\n<div class=\"gb-container gb-container-6458196e\">\n<div class=\"gb-container gb-container-a34e849c\">\n\n<h2 class=\"gb-headline gb-headline-977422b7 gb-headline-text\">Por qu\u00e9 optar por el dise\u00f1o web de Tampa Bay para tus requisitos de SEO:<\/h2>\n\n\n\n<p class=\"gb-headline gb-headline-6da8c2e0\"><span class=\"gb-icon\"><svg xmlns=\"http:\/\/www.w3.org\/2000\/svg\" aria-hidden=\"true\" role=\"img\" height=\"1em\" width=\"1em\" viewbox=\"0 0 512 512\"><path fill=\"currentColor\" d=\"M173.898 439.404l-166.4-166.4c-9.997-9.997-9.997-26.206 0-36.204l36.203-36.204c9.997-9.998 26.207-9.998 36.204 0L192 312.69 432.095 72.596c9.997-9.997 26.207-9.997 36.204 0l36.203 36.204c9.997 9.997 9.997 26.206 0 36.204l-294.4 294.401c-9.998 9.997-26.207 9.997-36.204-.001z\"><\/path><\/svg><\/span><span class=\"gb-headline-text\">Tr\u00e1fico web ampliado: Nuestros servicios de optimizaci\u00f3n aumentan la visibilidad de tu sitio web en los motores de b\u00fasqueda, canalizando m\u00e1s clientes potenciales hacia tu sitio.<\/span><\/p>\n\n\n\n<p class=\"gb-headline gb-headline-033f272d\"><span class=\"gb-icon\"><svg xmlns=\"http:\/\/www.w3.org\/2000\/svg\" aria-hidden=\"true\" role=\"img\" height=\"1em\" width=\"1em\" viewbox=\"0 0 512 512\"><path fill=\"currentColor\" d=\"M173.898 439.404l-166.4-166.4c-9.997-9.997-9.997-26.206 0-36.204l36.203-36.204c9.997-9.998 26.207-9.998 36.204 0L192 312.69 432.095 72.596c9.997-9.997 26.207-9.997 36.204 0l36.203 36.204c9.997 9.997 9.997 26.206 0 36.204l-294.4 294.401c-9.998 9.997-26.207 9.997-36.204-.001z\"><\/path><\/svg><\/span><span class=\"gb-headline-text\">Mejor percepci\u00f3n de marca: Desplegamos t\u00e9cnicas SEO de vanguardia para garantizar que tu sitio web destaque, lo que se traduce en una mayor percepci\u00f3n de marca.<\/span><\/p>\n\n\n\n<p class=\"gb-headline gb-headline-638d6f29\"><span class=\"gb-icon\"><svg xmlns=\"http:\/\/www.w3.org\/2000\/svg\" aria-hidden=\"true\" role=\"img\" height=\"1em\" width=\"1em\" viewbox=\"0 0 512 512\"><path fill=\"currentColor\" d=\"M173.898 439.404l-166.4-166.4c-9.997-9.997-9.997-26.206 0-36.204l36.203-36.204c9.997-9.998 26.207-9.998 36.204 0L192 312.69 432.095 72.596c9.997-9.997 26.207-9.997 36.204 0l36.203 36.204c9.997 9.997 9.997 26.206 0 36.204l-294.4 294.401c-9.998 9.997-26.207 9.997-36.204-.001z\"><\/path><\/svg><\/span><span class=\"gb-headline-text\">Aumento de las ventas: Atraer un mayor n\u00famero de visitantes a tu sitio web conduce a un aumento de las ventas y de las oportunidades de ingresos.<\/span><\/p>\n\n\n\n<p class=\"gb-headline gb-headline-d1f091b3\"><span class=\"gb-icon\"><svg xmlns=\"http:\/\/www.w3.org\/2000\/svg\" aria-hidden=\"true\" role=\"img\" height=\"1em\" width=\"1em\" viewbox=\"0 0 512 512\"><path fill=\"currentColor\" d=\"M173.898 439.404l-166.4-166.4c-9.997-9.997-9.997-26.206 0-36.204l36.203-36.204c9.997-9.998 26.207-9.998 36.204 0L192 312.69 432.095 72.596c9.997-9.997 26.207-9.997 36.204 0l36.203 36.204c9.997 9.997 9.997 26.206 0 36.204l-294.4 294.401c-9.998 9.997-26.207 9.997-36.204-.001z\"><\/path><\/svg><\/span><span class=\"gb-headline-text\">Experiencia de usuario superior Ofrecemos soluciones SEO innovadoras que perfeccionan tu sitio web para obtener un rendimiento \u00f3ptimo, proporcionando una experiencia de usuario mejorada que fomenta la repetici\u00f3n de negocios y refuerza la fidelidad a la marca.<\/span><\/p>\n\n<\/div>\n<\/div>\n<\/div>\n<\/div><div class=\"gb-container gb-container-f7eecdb5\">\n<div class=\"gb-container gb-container-60ad3251\">\n\n<h3 class=\"gb-headline gb-headline-23fd6d0f\"><span class=\"gb-icon\"><svg xmlns=\"http:\/\/www.w3.org\/2000\/svg\" viewbox=\"0 0 8.145 54.189\"><path d=\"M4.262 40.052V0l-.439.438v39.613l.439.001zm-.439 3.853v9.845l.438.438.001-10.284-.439.001zm3.883-11.29v17.518l.439-.439V32.615h-.439zm0-8.273h.439V9.495l-.439-.439v15.286zM.439 21.074V4.056L0 4.495l.001 16.579h.438zm.001 6.274l-.439-.001v19.347l.439.439V27.348z\"><\/path><\/svg><\/span><span class=\"gb-headline-text\">Nuestros servicios SEO:<\/span><\/h3>\n\n\n<div class=\"gb-grid-wrapper gb-grid-wrapper-330be022\">\n<div class=\"gb-grid-column gb-grid-column-69fe2156\"><div class=\"gb-container gb-container-69fe2156\">\n\n<figure class=\"gb-block-image gb-block-image-feaaa309\"><img decoding=\"async\" width=\"140\" height=\"140\" class=\"gb-image gb-image-feaaa309\" src=\"https:\/\/www.tbwebsitedesign.com\/wp-content\/uploads\/2023\/05\/keyword-research-seo-service-tampa-bay-website-design.svg\" alt=\"Un atractivo icono con una lupa azul, que simboliza los servicios de investigaci\u00f3n SEO en profundidad de palabras clave que ofrece Tampa Bay Website Design para ayudar a los clientes a identificar las palabras clave m\u00e1s eficaces y relevantes para su nicho, garantizando una mejor clasificaci\u00f3n en los motores de b\u00fasqueda y visibilidad online.\" title=\"keyword-research-seo-service-tampa-bay-website-design\"><\/figure>\n\n\n\n<p class=\"gb-headline gb-headline-52010620 gb-headline-text\"><strong>Investigaci\u00f3n de palabras clave  <\/strong><\/p>\n\n\n\n<p class=\"gb-headline gb-headline-6843b514 gb-headline-text\">Nuestro experimentado equipo identifica palabras clave de alto rango para dirigirse a clientes potenciales interesados en tus servicios, lo que genera m\u00e1s tr\u00e1fico.<\/p>\n\n<\/div><\/div>\n\n<div class=\"gb-grid-column gb-grid-column-0e0f4ab4\"><div class=\"gb-container gb-container-0e0f4ab4\">\n\n<figure class=\"gb-block-image gb-block-image-b00a6d19\"><img decoding=\"async\" width=\"148\" height=\"148\" class=\"gb-image gb-image-b00a6d19\" src=\"https:\/\/www.tbwebsitedesign.com\/wp-content\/uploads\/2023\/05\/content-writing-service-tampa-bay-website-design.svg\" alt=\"El s\u00edmbolo de Tampa Bay Website Design para los servicios de redacci\u00f3n de contenidos, que destaca nuestra experiencia en la elaboraci\u00f3n de textos atractivos y bien escritos para comunicar eficazmente el mensaje de tu marca.\" title=\"servicio-de-redaccion-de-contenidos-tampa-bay-dise\u00f1o-de-sitios-web\"><\/figure>\n\n\n\n<p class=\"gb-headline gb-headline-0292368c gb-headline-text\"><strong>Creaci\u00f3n de contenidos<\/strong><\/p>\n\n\n\n<p class=\"gb-headline gb-headline-876b889e gb-headline-text\">Generamos contenidos optimizados para dirigirnos a palabras clave valiosas y relevantes para tu audiencia, lo que se traduce en un aumento de las conversiones y las ventas.<\/p>\n\n<\/div><\/div>\n\n<div class=\"gb-grid-column gb-grid-column-b3f0c7e6\"><div class=\"gb-container gb-container-b3f0c7e6\">\n\n<figure class=\"gb-block-image gb-block-image-8bc22f0f\"><img decoding=\"async\" width=\"140\" height=\"140\" class=\"gb-image gb-image-8bc22f0f\" src=\"https:\/\/www.tbwebsitedesign.com\/wp-content\/uploads\/2023\/05\/on-page-optimization-service-seo-tampa-bay-website-design.svg\" alt=\"Un icono visualmente atractivo que representa los completos servicios SEO de optimizaci\u00f3n en la p\u00e1gina ofrecidos por Tampa Bay Website Design, que se centran en mejorar diversos elementos de los sitios web de los clientes para mejorar su clasificaci\u00f3n en los motores de b\u00fasqueda y su presencia general en Internet.\" title=\"on-page-optimization-service-seo-tampa-bay-website-design\"><\/figure>\n\n\n\n<p class=\"gb-headline gb-headline-c8a9ba21 gb-headline-text\"><strong><strong>Optimizaci\u00f3n en la p\u00e1gina<\/strong>:<\/strong><\/p>\n\n\n\n<p class=\"gb-headline gb-headline-238e08f8 gb-headline-text\">Nuestros expertos en dise\u00f1o de sitios web de Tampa mejoran tu sitio para que tenga un rendimiento superior en los motores de b\u00fasqueda, utilizando las palabras clave adecuadas para aumentar el tr\u00e1fico y mejorar la clasificaci\u00f3n del sitio web.<\/p>\n\n<\/div><\/div>\n<\/div>\n\n<div class=\"gb-container gb-container-65a654c7\">\n<div class=\"gb-grid-wrapper gb-grid-wrapper-908b381d\">\n<div class=\"gb-grid-column gb-grid-column-b1b51fc7\"><div class=\"gb-container gb-container-b1b51fc7\">\n\n<figure class=\"gb-block-image gb-block-image-874fba10\"><img decoding=\"async\" width=\"140\" height=\"140\" class=\"gb-image gb-image-874fba10\" src=\"https:\/\/www.tbwebsitedesign.com\/wp-content\/uploads\/2023\/05\/local-seo-services-tampa-bay-website-design.svg\" alt=\"Un icono que llama la atenci\u00f3n y que muestra un mapa con un marcador y una estrella azul, que representa los servicios SEO locales espec\u00edficos que ofrece Tampa Bay Website Design para ayudar a los clientes a llegar con eficacia a su p\u00fablico cercano y potenciar la presencia de su negocio en zonas geogr\u00e1ficas concretas.\" title=\"local-seo-services-tampa-bay-website-design\"><\/figure>\n\n\n\n<p class=\"gb-headline gb-headline-d8f7d065 gb-headline-text\"><strong>Servicios SEO locales:<\/strong><\/p>\n\n\n\n<p class=\"gb-headline gb-headline-3597de18 gb-headline-text\">Optimizamos las palabras clave para las b\u00fasquedas locales y creamos una ficha de Google My Business, garantizando que tu empresa ocupe un lugar destacado en las b\u00fasquedas locales y atraiga a m\u00e1s clientes locales.<\/p>\n\n<\/div><\/div>\n\n<div class=\"gb-grid-column gb-grid-column-717e403d\"><div class=\"gb-container gb-container-717e403d\">\n\n<figure class=\"gb-block-image gb-block-image-e06c6db4\"><img decoding=\"async\" width=\"140\" height=\"140\" class=\"gb-image gb-image-e06c6db4\" src=\"https:\/\/www.tbwebsitedesign.com\/wp-content\/uploads\/2023\/05\/technical-seo-services-tampa-bay-website-design.svg\" alt=\"Un icono visualmente atractivo con una rueda de configuraci\u00f3n azul en un navegador web, que ilustra los servicios t\u00e9cnicos avanzados de SEO proporcionados por Tampa Bay Website Design para optimizar los sitios web de los clientes para los motores de b\u00fasqueda y mejorar su visibilidad online.\" title=\"technical-seo-services-tampa-bay-website-design\"><\/figure>\n\n\n\n<p class=\"gb-headline gb-headline-642c6394 gb-headline-text\"><strong>Servicios t\u00e9cnicos de SEO<\/strong>:<\/p>\n\n\n\n<p class=\"gb-headline gb-headline-4b36c2f5 gb-headline-text\">Nuestros servicios de optimizaci\u00f3n t\u00e9cnica cubren todos los aspectos de tu sitio web, incluida la indexaci\u00f3n, la mejora de la estructura de la p\u00e1gina\/sitio, la realizaci\u00f3n de auditor\u00edas y el desarrollo de la mejor estrategia para la optimizaci\u00f3n del contenido.<\/p>\n\n<\/div><\/div>\n<\/div>\n<\/div>\n\n<div class=\"gb-container gb-container-5728b305\">\n<div class=\"gb-container gb-container-aec6b12c\">\n<div class=\"gb-container gb-container-497489a3\">\n<div class=\"gb-container gb-container-ee3c5c42\">\n\n<h2 class=\"gb-headline gb-headline-16055e41 gb-headline-text\">Nuestros clientes nos adoran<\/h2>\n\n\n\n<p class=\"has-contrast-2-color has-text-color has-link-color wp-elements-1374f3cfa0bc720d2b145d6dd53eaa83\">No te f\u00edes s\u00f3lo de nuestra palabra. Escucha lo que dicen nuestros clientes satisfechos de nuestros servicios SEO:<\/p>\n\n\n\n<div class=\"gb-headline gb-headline-0ad6d8ed\"><span class=\"gb-icon\"><svg xmlns=\"http:\/\/www.w3.org\/2000\/svg\" viewbox=\"0 0 40 28\"><path d=\"M30.6 28c-5.2 0-9.4-4.2-9.4-9.4C21.2 8 25.5 1 25.7.7l.5-.7H33l-.6 2C31.9 3.9 31 7.4 31 8.6v.6c2.4.1 4.6 1.1 6.3 2.8 1.7 1.8 2.7 4.1 2.7 6.6 0 5.2-4.2 9.4-9.4 9.4zM27.9 3.1c-1 2-3.6 7.7-3.6 15.5 0 3.4 2.8 6.2 6.2 6.2s6.2-2.8 6.2-6.2-2.7-6.2-6.1-6.2h-.1c-1.4 0-2-.7-2.4-1.3-.4-.7-.4-1.5-.4-2.4 0-1.2.6-3.7 1-5.5l-.8-.1zm2.7 6.1zM9.4 28C4.2 28 0 23.8 0 18.6 0 8 4.3 1 4.5.7l.4-.7h6.8l-.6 2c-.6 1.9-1.4 5.5-1.4 6.6v.6c2.4.1 4.6 1.1 6.3 2.8 1.7 1.8 2.7 4.1 2.7 6.6 0 5.2-4.2 9.4-9.3 9.4zM6.7 3.1c-1 2-3.6 7.7-3.6 15.5 0 3.4 2.8 6.2 6.2 6.2s6.2-2.8 6.2-6.2-2.7-6.2-6.1-6.2c-1.4 0-2-.7-2.4-1.3-.4-.7-.4-1.5-.4-2.4 0-1.2.6-3.7 1-5.5l-.9-.1zm2.7 6.1z\"><\/path><\/svg><\/span><\/div>\n\n<p class=\"has-contrast-2-color has-text-color has-link-color wp-elements-b01f623c1db97e5a49e7788f3eb29928\">\u00abEstos chicos lo hacen bien. Gran dise\u00f1o y realmente me guiaron hacia un sitio web que funcionaba mejor para mi negocio. Su atenci\u00f3n al detalle fue mucho mejor que la de cualquiera que haya utilizado para este tipo de servicios en el pasado. Muy recomendable\u00bb. &#8211; Rodney M., Empresario<\/p>\n\n<\/div>\n<\/div>\n<\/div>\n<\/div>\n<\/div>\n<\/div><div class=\"gb-container gb-container-654d7dca\">\n<div class=\"gb-container gb-container-ba6b7a4a alignfull\">\n\n<p class=\"gb-headline gb-headline-b5421c0d gb-headline-text\"><strong>\u00bfEst\u00e1s preparado para impulsar tu negocio con los servicios SEO de un dise\u00f1ador web l\u00edder de Tampa?<\/strong><\/p>\n\n\n\n<a class=\"gb-button gb-button-8c97c685 gb-button-text\" href=\"https:\/\/www.tbwebsitedesign.com\/es\/comienza-tu-viaje-de-diseno-web-en-tampa-con-tampa-bay-website-design\/\"><strong>Programa una Co<\/strong><strong>nsulta gratuita<\/strong><\/a>\n\n<\/div>\n<\/div>","protected":false},"excerpt":{"rendered":"<p>Eleva tu empresa con servicios SEO todo incluido Tampa Bay Website Design, un equipo de expertos dise\u00f1adores web de Tampa, ofrece servicios SEO profesionales que incluyen una investigaci\u00f3n exhaustiva de palabras clave para garantizar el triunfo de tu campa\u00f1a SEO. Nuestro competente equipo identifica las palabras clave m\u00e1s potentes para atraer a tus clientes potenciales, &#8230; <\/p>\n<p class=\"read-more-container\"><a title=\"Acelera tu negocio con los completos servicios SEO de Tampa Bay Website Design\" class=\"read-more button\" href=\"https:\/\/www.tbwebsitedesign.com\/es\/acelera-tu-negocio-con-los-completos-servicios-seo-de-tampa-bay-website-design\/#more-12866\" aria-label=\"Leer m\u00e1s sobre Acelera tu negocio con los completos servicios SEO de Tampa Bay Website Design\">Leer m\u00e1s<\/a><\/p>\n","protected":false},"author":1,"featured_media":12752,"parent":0,"menu_order":0,"comment_status":"closed","ping_status":"closed","template":"","meta":{"_seopress_robots_primary_cat":"","_seopress_titles_title":"Servicios SEO Todo Incluido | Dise\u00f1o Web Tampa Bay","_seopress_titles_desc":"En Tampa Bay Website Design, ofrecemos servicios integrales de SEO que incluyen investigaci\u00f3n de palabras clave, creaci\u00f3n de contenidos, optimizaci\u00f3n en la p\u00e1gina, SEO local y t\u00e9cnico. Impulsa tu negocio con nuestras estrategias SEO expertas.","_seopress_robots_index":"","footnotes":""},"class_list":{"0":"post-12866","1":"page","2":"type-page","3":"status-publish","4":"has-post-thumbnail","6":"infinite-scroll-item"},"_links":{"self":[{"href":"https:\/\/www.tbwebsitedesign.com\/es\/wp-json\/wp\/v2\/pages\/12866","targetHints":{"allow":["GET"]}}],"collection":[{"href":"https:\/\/www.tbwebsitedesign.com\/es\/wp-json\/wp\/v2\/pages"}],"about":[{"href":"https:\/\/www.tbwebsitedesign.com\/es\/wp-json\/wp\/v2\/types\/page"}],"author":[{"embeddable":true,"href":"https:\/\/www.tbwebsitedesign.com\/es\/wp-json\/wp\/v2\/users\/1"}],"replies":[{"embeddable":true,"href":"https:\/\/www.tbwebsitedesign.com\/es\/wp-json\/wp\/v2\/comments?post=12866"}],"version-history":[{"count":0,"href":"https:\/\/www.tbwebsitedesign.com\/es\/wp-json\/wp\/v2\/pages\/12866\/revisions"}],"wp:featuredmedia":[{"embeddable":true,"href":"https:\/\/www.tbwebsitedesign.com\/es\/wp-json\/wp\/v2\/media\/12752"}],"wp:attachment":[{"href":"https:\/\/www.tbwebsitedesign.com\/es\/wp-json\/wp\/v2\/media?parent=12866"}],"curies":[{"name":"wp","href":"https:\/\/api.w.org\/{rel}","templated":true}]}}