{"id":12865,"date":"2024-01-08T17:09:20","date_gmt":"2024-01-08T22:09:20","guid":{"rendered":"https:\/\/www.tbwebsitedesign.com\/servicios-de-diseno-y-rediseno-web-de-primera-clase-en-la-bahia-de-tampa\/"},"modified":"2024-07-12T10:21:52","modified_gmt":"2024-07-12T14:21:52","slug":"servicios-de-diseno-y-rediseno-web-de-primera-clase-en-la-bahia-de-tampa","status":"publish","type":"page","link":"https:\/\/www.tbwebsitedesign.com\/es\/servicios-de-diseno-y-rediseno-web-de-primera-clase-en-la-bahia-de-tampa\/","title":{"rendered":"Servicios de dise\u00f1o y redise\u00f1o web de primera clase en la Bah\u00eda de Tampa"},"content":{"rendered":"<div class=\"gb-container gb-container-6bff6dc5\">\n<div class=\"gb-container gb-container-e5987bb8\">\n<div class=\"gb-container gb-container-1441dfeb\">\n\n<h1 class=\"gb-headline gb-headline-1f9858a2 gb-headline-text\">Tampa Bay Website Design &#8211; Tu Dise\u00f1ador Web de Tampa para Servicios Web Superiores<\/h1>\n\n\n\n<h2 class=\"gb-headline gb-headline-3560bafb gb-headline-text\">Amplifica tu impacto digital con nuestros vanguardistas servicios de dise\u00f1o web<\/h2>\n\n\n\n<p class=\"has-base-3-color has-text-color has-link-color wp-elements-6508d3265a76a34e25ffce268d34844c\">Tampa Bay Website Design, empresa l\u00edder en dise\u00f1o web en Tampa, ofrece una amplia gama de servicios para mejorar la visibilidad online de tu negocio. Nuestro equipo de dise\u00f1adores web, desarrolladores y creadores de contenidos profesionales de Tampa est\u00e1 listo para ayudarte, tanto si quieres lanzar un nuevo sitio web como rejuvenecer uno ya existente.<\/p>\n\n<\/div>\n\n<div class=\"gb-container gb-container-f66320ac\">\n\n<figure class=\"gb-block-image gb-block-image-837b8a49\"><img decoding=\"async\" width=\"810\" height=\"700\" class=\"gb-image gb-image-837b8a49\" src=\"https:\/\/www.tbwebsitedesign.com\/wp-content\/uploads\/2023\/05\/web-design-and-development-services-tampa-bay-website-design.svg\" alt=\"Servicio de dise\u00f1o y redise\u00f1o de sitios web creativos y con capacidad de respuesta para sitios web modernos y f\u00e1ciles de usar\" title=\"web-design-and-development-services-tampa-bay-website-design\"><\/figure>\n\n<\/div>\n<\/div>\n<\/div><div class=\"gb-container gb-container-171eda46\">\n<div class=\"gb-container gb-container-974cf670\">\n\n<h2 class=\"gb-headline gb-headline-977422b7 gb-headline-text\">Dise\u00f1o y redise\u00f1o de sitios web vanguardistas y centrados en el usuario por un dise\u00f1ador web de Tampa  <\/h2>\n\n\n\n<h3 class=\"gb-headline gb-headline-3624ca4f gb-headline-text\">La importancia de un dise\u00f1o web profesional  <\/h3>\n\n\n\n<p>Tu sitio web es a menudo el primer punto de contacto que los clientes potenciales tienen con tu empresa, por lo que es crucial causar una impresi\u00f3n duradera. Un sitio web dise\u00f1ado por expertos puede:<\/p>\n\n\n\n<p class=\"gb-headline gb-headline-6da8c2e0\"><span class=\"gb-icon\"><svg xmlns=\"http:\/\/www.w3.org\/2000\/svg\" aria-hidden=\"true\" role=\"img\" height=\"1em\" width=\"1em\" viewbox=\"0 0 512 512\"><path fill=\"currentColor\" d=\"M173.898 439.404l-166.4-166.4c-9.997-9.997-9.997-26.206 0-36.204l36.203-36.204c9.997-9.998 26.207-9.998 36.204 0L192 312.69 432.095 72.596c9.997-9.997 26.207-9.997 36.204 0l36.203 36.204c9.997 9.997 9.997 26.206 0 36.204l-294.4 294.401c-9.998 9.997-26.207 9.997-36.204-.001z\"><\/path><\/svg><\/span><span class=\"gb-headline-text\">Diferenciarte de la competencia<\/span><\/p>\n\n\n\n<p class=\"gb-headline gb-headline-033f272d\"><span class=\"gb-icon\"><svg xmlns=\"http:\/\/www.w3.org\/2000\/svg\" aria-hidden=\"true\" role=\"img\" height=\"1em\" width=\"1em\" viewbox=\"0 0 512 512\"><path fill=\"currentColor\" d=\"M173.898 439.404l-166.4-166.4c-9.997-9.997-9.997-26.206 0-36.204l36.203-36.204c9.997-9.998 26.207-9.998 36.204 0L192 312.69 432.095 72.596c9.997-9.997 26.207-9.997 36.204 0l36.203 36.204c9.997 9.997 9.997 26.206 0 36.204l-294.4 294.401c-9.998 9.997-26.207 9.997-36.204-.001z\"><\/path><\/svg><\/span><span class=\"gb-headline-text\">Fomentar la confianza con los clientes potenciales<\/span><\/p>\n\n\n\n<p class=\"gb-headline gb-headline-638d6f29\"><span class=\"gb-icon\"><svg xmlns=\"http:\/\/www.w3.org\/2000\/svg\" aria-hidden=\"true\" role=\"img\" height=\"1em\" width=\"1em\" viewbox=\"0 0 512 512\"><path fill=\"currentColor\" d=\"M173.898 439.404l-166.4-166.4c-9.997-9.997-9.997-26.206 0-36.204l36.203-36.204c9.997-9.998 26.207-9.998 36.204 0L192 312.69 432.095 72.596c9.997-9.997 26.207-9.997 36.204 0l36.203 36.204c9.997 9.997 9.997 26.206 0 36.204l-294.4 294.401c-9.998 9.997-26.207 9.997-36.204-.001z\"><\/path><\/svg><\/span><span class=\"gb-headline-text\">Impulsa clientes potenciales y ventas<\/span><\/p>\n\n\n\n<p class=\"gb-headline gb-headline-d1f091b3\"><span class=\"gb-icon\"><svg xmlns=\"http:\/\/www.w3.org\/2000\/svg\" aria-hidden=\"true\" role=\"img\" height=\"1em\" width=\"1em\" viewbox=\"0 0 512 512\"><path fill=\"currentColor\" d=\"M173.898 439.404l-166.4-166.4c-9.997-9.997-9.997-26.206 0-36.204l36.203-36.204c9.997-9.998 26.207-9.998 36.204 0L192 312.69 432.095 72.596c9.997-9.997 26.207-9.997 36.204 0l36.203 36.204c9.997 9.997 9.997 26.206 0 36.204l-294.4 294.401c-9.998 9.997-26.207 9.997-36.204-.001z\"><\/path><\/svg><\/span><span class=\"gb-headline-text\">Mejora tu posici\u00f3n en los buscadores<\/span><\/p>\n\n<\/div>\n<\/div><div class=\"gb-container gb-container-f7eecdb5\">\n<div class=\"gb-container gb-container-60ad3251\">\n\n<h3 class=\"gb-headline gb-headline-23fd6d0f\"><span class=\"gb-icon\"><svg xmlns=\"http:\/\/www.w3.org\/2000\/svg\" viewbox=\"0 0 8.145 54.189\"><path d=\"M4.262 40.052V0l-.439.438v39.613l.439.001zm-.439 3.853v9.845l.438.438.001-10.284-.439.001zm3.883-11.29v17.518l.439-.439V32.615h-.439zm0-8.273h.439V9.495l-.439-.439v15.286zM.439 21.074V4.056L0 4.495l.001 16.579h.438zm.001 6.274l-.439-.001v19.347l.439.439V27.348z\"><\/path><\/svg><\/span><span class=\"gb-headline-text\">Servicios integrales de dise\u00f1o y desarrollo web por un dise\u00f1ador web de Tampa<\/span><\/h3>\n\n\n\n<p class=\"has-base-3-color has-text-color has-link-color wp-elements-41e5def0d0557437a3d047d1883031ea\">Nuestra amplia gama de servicios de dise\u00f1o y desarrollo web incluye:<\/p>\n\n\n\n<div style=\"height:60px\" aria-hidden=\"true\" class=\"wp-block-spacer\"><\/div>\n\n\n<div class=\"gb-grid-wrapper gb-grid-wrapper-330be022\">\n<div class=\"gb-grid-column gb-grid-column-69fe2156\"><div class=\"gb-container gb-container-69fe2156\">\n\n<figure class=\"gb-block-image gb-block-image-feaaa309\"><img decoding=\"async\" width=\"148\" height=\"148\" class=\"gb-image gb-image-feaaa309\" src=\"https:\/\/www.tbwebsitedesign.com\/wp-content\/uploads\/2023\/05\/brand-identity-services-tampa-bay-website-design.svg\" alt=\"El s\u00edmbolo creativo de Tampa Bay Website Design para los servicios de identidad de marca, que muestra nuestra experiencia en la creaci\u00f3n de identidades visuales \u00fanicas y memorables para tu empresa.\" title=\"brand-identity-services-tampa-bay-website-design\"><\/figure>\n\n\n\n<p class=\"gb-headline gb-headline-52010620 gb-headline-text\"><strong>Marca:<\/strong> <\/p>\n\n\n\n<p class=\"gb-headline gb-headline-6843b514 gb-headline-text\">Ayudamos a crear una identidad de marca distintiva y memorable mediante el dise\u00f1o de logotipos, el desarrollo de esquemas de color y la creaci\u00f3n de materiales de marketing.<\/p>\n\n<\/div><\/div>\n\n<div class=\"gb-grid-column gb-grid-column-0e0f4ab4\"><div class=\"gb-container gb-container-0e0f4ab4\">\n\n<figure class=\"gb-block-image gb-block-image-b00a6d19\"><img decoding=\"async\" width=\"148\" height=\"148\" class=\"gb-image gb-image-b00a6d19\" src=\"https:\/\/www.tbwebsitedesign.com\/wp-content\/uploads\/2023\/05\/logo-and-graphic-design-tampa-bay-website-design.svg\" alt=\"El emblema de Tampa Bay Website Design para servicios de dise\u00f1o gr\u00e1fico y de logotipos, que destaca nuestra habilidad para crear dise\u00f1os visualmente atractivos e impactantes para tu marca.\" title=\"logo-and-graphic-design-tampa-bay-website-design\"><\/figure>\n\n\n\n<p class=\"gb-headline gb-headline-0292368c gb-headline-text\"><strong>Dise\u00f1o:<\/strong><\/p>\n\n\n\n<p class=\"gb-headline gb-headline-876b889e gb-headline-text\">Nuestros dise\u00f1adores web de Tampa crean sitios web atractivos y f\u00e1ciles de usar mediante servicios como la selecci\u00f3n de plantillas, el dise\u00f1o gr\u00e1fico personalizado y la creaci\u00f3n de animaciones.<\/p>\n\n<\/div><\/div>\n\n<div class=\"gb-grid-column gb-grid-column-b3f0c7e6\"><div class=\"gb-container gb-container-b3f0c7e6\">\n\n<figure class=\"gb-block-image gb-block-image-8bc22f0f\"><img decoding=\"async\" width=\"148\" height=\"148\" class=\"gb-image gb-image-8bc22f0f\" src=\"https:\/\/www.tbwebsitedesign.com\/wp-content\/uploads\/2023\/05\/content-writing-service-tampa-bay-website-design.svg\" alt=\"El s\u00edmbolo de Tampa Bay Website Design para los servicios de redacci\u00f3n de contenidos, que destaca nuestra experiencia en la elaboraci\u00f3n de textos atractivos y bien escritos para comunicar eficazmente el mensaje de tu marca.\" title=\"servicio-de-redaccion-de-contenidos-tampa-bay-dise\u00f1o-de-sitios-web\"><\/figure>\n\n\n\n<p class=\"gb-headline gb-headline-c8a9ba21 gb-headline-text\"><strong>Redacci\u00f3n de contenidos:<\/strong><\/p>\n\n\n\n<p class=\"gb-headline gb-headline-238e08f8 gb-headline-text\">Nuestro equipo elabora contenidos de alta calidad, aptos para SEO, que son a la vez informativos y atractivos, incluidos art\u00edculos de blog, descripciones de productos y comunicados de prensa.<\/p>\n\n<\/div><\/div>\n<\/div>\n\n\n<div style=\"height:30px\" aria-hidden=\"true\" class=\"wp-block-spacer\"><\/div>\n\n\n<div class=\"gb-container gb-container-65a654c7\">\n<div class=\"gb-grid-wrapper gb-grid-wrapper-908b381d\">\n<div class=\"gb-grid-column gb-grid-column-b1b51fc7\"><div class=\"gb-container gb-container-b1b51fc7\">\n\n<figure class=\"gb-block-image gb-block-image-874fba10\"><img decoding=\"async\" width=\"148\" height=\"148\" class=\"gb-image gb-image-874fba10\" src=\"https:\/\/www.tbwebsitedesign.com\/wp-content\/uploads\/2023\/05\/website-maintenance-tampa-bay-website-design.svg\" alt=\"El emblema de Tampa Bay Website Design representa nuestras soluciones integrales de mantenimiento y actualizaci\u00f3n de sitios web, que garantizan que tu sitio se mantenga actualizado y funcione sin problemas para una experiencia \u00f3ptima del usuario.\" title=\"mantenimiento-de-sitios-tampa-bay-dise\u00f1o-de-sitios-web\"><\/figure>\n\n\n\n<p class=\"gb-headline gb-headline-d8f7d065 gb-headline-text\"><strong>Mantenimiento<\/strong>:<\/p>\n\n\n\n<p class=\"gb-headline gb-headline-3597de18 gb-headline-text\">Nos aseguramos de que tu sitio web permanezca actualizado con nuevos contenidos, correcciones de errores y actualizaciones de seguridad mediante nuestros servicios de gesti\u00f3n de contenidos, seguimiento de errores y an\u00e1lisis de seguridad.<\/p>\n\n<\/div><\/div>\n\n<div class=\"gb-grid-column gb-grid-column-717e403d\"><div class=\"gb-container gb-container-717e403d\">\n\n<figure class=\"gb-block-image gb-block-image-e06c6db4\"><img decoding=\"async\" width=\"148\" height=\"148\" class=\"gb-image gb-image-e06c6db4\" src=\"https:\/\/www.tbwebsitedesign.com\/wp-content\/uploads\/2023\/05\/website-optimization-service-tampa-bay-website-design.svg\" alt=\"El s\u00edmbolo de Tampa Bay Website Design para la optimizaci\u00f3n y velocidad de los sitios web, que representa nuestro compromiso de aumentar el rendimiento de tu sitio con una eficacia y capacidad de respuesta como la de un cohete.\" title=\"servicio de optimizaci\u00f3n de sitios web en la bah\u00eda de tampa\"><\/figure>\n\n\n\n<p class=\"gb-headline gb-headline-642c6394 gb-headline-text\"><strong>Optimizaci\u00f3n del sitio web<\/strong>:<\/p>\n\n\n\n<p class=\"gb-headline gb-headline-4b36c2f5 gb-headline-text\">Mejoramos el posicionamiento de tu sitio web en las SERP mediante nuestros servicios de investigaci\u00f3n de palabras clave, optimizaci\u00f3n en la p\u00e1gina y optimizaci\u00f3n fuera de la p\u00e1gina.<\/p>\n\n<\/div><\/div>\n<\/div>\n<\/div>\n\n<div class=\"gb-container gb-container-5728b305\">\n<div class=\"gb-container gb-container-aec6b12c\">\n<div class=\"gb-container gb-container-497489a3\">\n<div class=\"gb-container gb-container-ee3c5c42\">\n\n<h2 class=\"gb-headline gb-headline-16055e41 gb-headline-text\">\u00bfPor qu\u00e9 elegir el dise\u00f1o web de Tampa Bay?<\/h2>\n\n\n\n<p>Como empresa integral de dise\u00f1o y desarrollo web en Tampa, nos comprometemos a crear un sitio web que se ajuste a tus necesidades y objetivos empresariales. He aqu\u00ed por qu\u00e9 el Dise\u00f1o Web de Tampa Bay deber\u00eda ser tu opci\u00f3n preferida:<\/p>\n\n\n\n<p class=\"gb-headline gb-headline-8892a311\"><span class=\"gb-icon\"><svg xmlns=\"http:\/\/www.w3.org\/2000\/svg\" aria-hidden=\"true\" role=\"img\" height=\"1em\" width=\"1em\" viewbox=\"0 0 512 512\"><path fill=\"currentColor\" d=\"M173.898 439.404l-166.4-166.4c-9.997-9.997-9.997-26.206 0-36.204l36.203-36.204c9.997-9.998 26.207-9.998 36.204 0L192 312.69 432.095 72.596c9.997-9.997 26.207-9.997 36.204 0l36.203 36.204c9.997 9.997 9.997 26.206 0 36.204l-294.4 294.401c-9.998 9.997-26.207 9.997-36.204-.001z\"><\/path><\/svg><\/span><span class=\"gb-headline-text\">Nos adaptamos a las necesidades \u00fanicas de empresas de todos los tama\u00f1os.<\/span><\/p>\n\n\n\n<p class=\"gb-headline gb-headline-7467a2ad\"><span class=\"gb-icon\"><svg xmlns=\"http:\/\/www.w3.org\/2000\/svg\" aria-hidden=\"true\" role=\"img\" height=\"1em\" width=\"1em\" viewbox=\"0 0 512 512\"><path fill=\"currentColor\" d=\"M173.898 439.404l-166.4-166.4c-9.997-9.997-9.997-26.206 0-36.204l36.203-36.204c9.997-9.998 26.207-9.998 36.204 0L192 312.69 432.095 72.596c9.997-9.997 26.207-9.997 36.204 0l36.203 36.204c9.997 9.997 9.997 26.206 0 36.204l-294.4 294.401c-9.998 9.997-26.207 9.997-36.204-.001z\"><\/path><\/svg><\/span><span class=\"gb-headline-text\">Nos comprometemos a prestar un servicio superior.<\/span><\/p>\n\n\n\n<p class=\"gb-headline gb-headline-5a6443a6\"><span class=\"gb-icon\"><svg xmlns=\"http:\/\/www.w3.org\/2000\/svg\" aria-hidden=\"true\" role=\"img\" height=\"1em\" width=\"1em\" viewbox=\"0 0 512 512\"><path fill=\"currentColor\" d=\"M173.898 439.404l-166.4-166.4c-9.997-9.997-9.997-26.206 0-36.204l36.203-36.204c9.997-9.998 26.207-9.998 36.204 0L192 312.69 432.095 72.596c9.997-9.997 26.207-9.997 36.204 0l36.203 36.204c9.997 9.997 9.997 26.206 0 36.204l-294.4 294.401c-9.998 9.997-26.207 9.997-36.204-.001z\"><\/path><\/svg><\/span><span class=\"gb-headline-text\">Ofrecemos una amplia gama de servicios, como dise\u00f1o, desarrollo y alojamiento de sitios web.<\/span><\/p>\n\n\n\n<p class=\"gb-headline gb-headline-30bd10c1\"><span class=\"gb-icon\"><svg xmlns=\"http:\/\/www.w3.org\/2000\/svg\" aria-hidden=\"true\" role=\"img\" height=\"1em\" width=\"1em\" viewbox=\"0 0 512 512\"><path fill=\"currentColor\" d=\"M173.898 439.404l-166.4-166.4c-9.997-9.997-9.997-26.206 0-36.204l36.203-36.204c9.997-9.998 26.207-9.998 36.204 0L192 312.69 432.095 72.596c9.997-9.997 26.207-9.997 36.204 0l36.203 36.204c9.997 9.997 9.997 26.206 0 36.204l-294.4 294.401c-9.998 9.997-26.207 9.997-36.204-.001z\"><\/path><\/svg><\/span><span class=\"gb-headline-text\">Proporcionamos soluciones rentables y fiables.<\/span><\/p>\n\n<\/div>\n<\/div>\n<\/div>\n<\/div>\n<\/div>\n<\/div><div class=\"gb-container gb-container-654d7dca\">\n<div class=\"gb-container gb-container-ba6b7a4a\">\n\n<p class=\"gb-headline gb-headline-b5421c0d gb-headline-text\"><strong>Ponte en contacto con nosotros hoy mismo para obtener m\u00e1s informaci\u00f3n sobre nuestros amplios servicios de dise\u00f1o y desarrollo de sitios web en la Bah\u00eda de Tampa.<\/strong><\/p>\n\n\n\n<a class=\"gb-button gb-button-8c97c685 gb-button-text\" href=\"https:\/\/www.tbwebsitedesign.com\/es\/comienza-tu-viaje-de-diseno-web-en-tampa-con-tampa-bay-website-design\/\"><strong>Programa ahora una<\/strong><strong>nsulta gratuita<\/strong><\/a>\n\n<\/div>\n<\/div>","protected":false},"excerpt":{"rendered":"<p>Tampa Bay Website Design &#8211; Tu Dise\u00f1ador Web de Tampa para Servicios Web Superiores Amplifica tu impacto digital con nuestros vanguardistas servicios de dise\u00f1o web Tampa Bay Website Design, empresa l\u00edder en dise\u00f1o web en Tampa, ofrece una amplia gama de servicios para mejorar la visibilidad online de tu negocio. Nuestro equipo de dise\u00f1adores web, &#8230; <\/p>\n<p class=\"read-more-container\"><a title=\"Servicios de dise\u00f1o y redise\u00f1o web de primera clase en la Bah\u00eda de Tampa\" class=\"read-more button\" href=\"https:\/\/www.tbwebsitedesign.com\/es\/servicios-de-diseno-y-rediseno-web-de-primera-clase-en-la-bahia-de-tampa\/#more-12865\" aria-label=\"Leer m\u00e1s sobre Servicios de dise\u00f1o y redise\u00f1o web de primera clase en la Bah\u00eda de Tampa\">Leer m\u00e1s<\/a><\/p>\n","protected":false},"author":1,"featured_media":12798,"parent":0,"menu_order":0,"comment_status":"closed","ping_status":"closed","template":"","meta":{"_seopress_robots_primary_cat":"","_seopress_titles_title":"Los mejores servicios de dise\u00f1o y redise\u00f1o web de Tampa Bay | Tampa Bay Website Design","_seopress_titles_desc":"Impulsa tu presencia en Internet con los servicios profesionales de dise\u00f1o y redise\u00f1o web de Tampa Bay Website Design. Ponte en contacto con nosotros hoy mismo para una consulta gratuita.","_seopress_robots_index":"","footnotes":""},"class_list":{"0":"post-12865","1":"page","2":"type-page","3":"status-publish","4":"has-post-thumbnail","6":"infinite-scroll-item"},"_links":{"self":[{"href":"https:\/\/www.tbwebsitedesign.com\/es\/wp-json\/wp\/v2\/pages\/12865","targetHints":{"allow":["GET"]}}],"collection":[{"href":"https:\/\/www.tbwebsitedesign.com\/es\/wp-json\/wp\/v2\/pages"}],"about":[{"href":"https:\/\/www.tbwebsitedesign.com\/es\/wp-json\/wp\/v2\/types\/page"}],"author":[{"embeddable":true,"href":"https:\/\/www.tbwebsitedesign.com\/es\/wp-json\/wp\/v2\/users\/1"}],"replies":[{"embeddable":true,"href":"https:\/\/www.tbwebsitedesign.com\/es\/wp-json\/wp\/v2\/comments?post=12865"}],"version-history":[{"count":0,"href":"https:\/\/www.tbwebsitedesign.com\/es\/wp-json\/wp\/v2\/pages\/12865\/revisions"}],"wp:featuredmedia":[{"embeddable":true,"href":"https:\/\/www.tbwebsitedesign.com\/es\/wp-json\/wp\/v2\/media\/12798"}],"wp:attachment":[{"href":"https:\/\/www.tbwebsitedesign.com\/es\/wp-json\/wp\/v2\/media?parent=12865"}],"curies":[{"name":"wp","href":"https:\/\/api.w.org\/{rel}","templated":true}]}}