{"id":12863,"date":"2024-01-07T12:29:12","date_gmt":"2024-01-07T17:29:12","guid":{"rendered":"https:\/\/www.tbwebsitedesign.com\/comienza-tu-viaje-de-diseno-web-en-tampa-con-tampa-bay-website-design\/"},"modified":"2024-07-12T10:21:49","modified_gmt":"2024-07-12T14:21:49","slug":"comienza-tu-viaje-de-diseno-web-en-tampa-con-tampa-bay-website-design","status":"publish","type":"page","link":"https:\/\/www.tbwebsitedesign.com\/es\/comienza-tu-viaje-de-diseno-web-en-tampa-con-tampa-bay-website-design\/","title":{"rendered":"Comienza tu viaje de dise\u00f1o web en Tampa con Tampa Bay Website Design"},"content":{"rendered":"<div class=\"gb-container gb-container-6bff6dc5\">\n<div class=\"gb-container gb-container-e5987bb8\">\n<div class=\"gb-container gb-container-1441dfeb\">\n\n<h1 class=\"gb-headline gb-headline-1f9858a2 gb-headline-text\">Comienza tu viaje de dise\u00f1o web en Tampa con nosotros<\/h1>\n\n\n\n<h2 class=\"gb-headline gb-headline-3560bafb gb-headline-text\">Servicios l\u00edderes de dise\u00f1o y desarrollo de sitios web en la Bah\u00eda de Tampa<\/h2>\n\n\n\n<p class=\"has-base-3-color has-text-color has-link-color wp-elements-75d650b7f42a72c6b2bfc06f20775e53\">Sum\u00e9rgete en los mejores servicios de dise\u00f1o y desarrollo de sitios web para empresas de Tampa Bay y m\u00e1s all\u00e1. Nuestros experimentados profesionales de Tampa Bay Website Design se dedican a potenciar la identidad de tu marca a trav\u00e9s de sitios web personalizados dise\u00f1ados para satisfacer tus necesidades \u00fanicas.<\/p>\n\n<\/div>\n<\/div>\n<\/div><div class=\"gb-container gb-container-43749417\">\n<div class=\"gb-container gb-container-2e4802c0\">\n<div class=\"gb-container gb-container-e080cabf\">\n\n<h2 class=\"gb-headline gb-headline-23fd6d0f\"><span class=\"gb-icon\"><svg xmlns=\"http:\/\/www.w3.org\/2000\/svg\" viewbox=\"0 0 8.145 54.189\"><path d=\"M4.262 40.052V0l-.439.438v39.613l.439.001zm-.439 3.853v9.845l.438.438.001-10.284-.439.001zm3.883-11.29v17.518l.439-.439V32.615h-.439zm0-8.273h.439V9.495l-.439-.439v15.286zM.439 21.074V4.056L0 4.495l.001 16.579h.438zm.001 6.274l-.439-.001v19.347l.439.439V27.348z\"><\/path><\/svg><\/span><span class=\"gb-headline-text\">PASO 1:<\/span><\/h2>\n\n\n\n<h2 class=\"gb-headline gb-headline-fd3b1ab5 gb-headline-text\">Completa el Cuestionario de Dise\u00f1o Web Tampa<\/h2>\n\n\n\n<p>Empieza por rellenar nuestro cuestionario de proyecto. Esto nos da informaci\u00f3n sobre tu negocio, tu p\u00fablico objetivo y tus preferencias de dise\u00f1o, lo que nos permite crear un sitio web personalizado que cumpla tus requisitos.<\/p>\n\n\n\n<div id=\"zf_div_9hY--_hyNq81ouDidZ7RBQvh6cbNhHlnkjTaqDEg5IM\"><\/div><script type=\"text\/javascript\">(function() {\ntry{\nvar f = document.createElement(\"iframe\");\nf.src = 'https:\/\/signup.tbwebsitedesign.com\/TampaBayWebsiteDesign\/form\/Signup\/formperma\/9hY--_hyNq81ouDidZ7RBQvh6cbNhHlnkjTaqDEg5IM?zf_rszfm=1';\nf.style.border=\"none\";\nf.style.height=\"1196px\";\nf.style.width=\"90%\";\nf.style.transition=\"all 0.5s ease\";\n\nvar d = document.getElementById(\"zf_div_9hY--_hyNq81ouDidZ7RBQvh6cbNhHlnkjTaqDEg5IM\");\nd.appendChild(f);\nwindow.addEventListener('message', function (){\nvar evntData = event.data;\nif( evntData && evntData.constructor == String ){\nvar zf_ifrm_data = evntData.split(\"|\");\nif ( zf_ifrm_data.length == 2 ) {\nvar zf_perma = zf_ifrm_data[0];\nvar zf_ifrm_ht_nw = ( parseInt(zf_ifrm_data[1], 10) + 15 ) + \"px\";\nvar iframe = document.getElementById(\"zf_div_9hY--_hyNq81ouDidZ7RBQvh6cbNhHlnkjTaqDEg5IM\").getElementsByTagName(\"iframe\")[0];\nif ( (iframe.src).indexOf('formperma') > 0 && (iframe.src).indexOf(zf_perma) > 0 ) {\nvar prevIframeHeight = iframe.style.height;\nif ( prevIframeHeight != zf_ifrm_ht_nw ) {\niframe.style.height = zf_ifrm_ht_nw;\n}\n}\n}\n}\n}, false);\n}catch(e){}\n})();<\/script>\n\n<\/div>\n<\/div>\n<\/div><div class=\"gb-container gb-container-c8830eb5\">\n<div class=\"gb-container gb-container-c8b87cc0\">\n<div class=\"gb-container gb-container-c4644a65\">\n<div class=\"gb-grid-wrapper gb-grid-wrapper-cc2ad152\">\n<div class=\"gb-grid-column gb-grid-column-4f93f39e\"><div class=\"gb-container gb-container-4f93f39e\">\n\n<h3 class=\"gb-headline gb-headline-9f169a72 gb-headline-text\">PASO 2:  <\/h3>\n\n\n\n<h3 class=\"gb-headline gb-headline-def709d4 gb-headline-text\">Programa tu consulta gratuita sobre dise\u00f1o web en Tampa<\/h3>\n\n\n\n<p>Tras recibir tu cuestionario, concertaremos una consulta de 15 minutos para hablar de tu proyecto, resolver cualquier duda y establecer el alcance del proyecto<\/p>\n\n<\/div><\/div>\n\n<div class=\"gb-grid-column gb-grid-column-9f3e990a\"><div class=\"gb-container gb-container-9f3e990a\">\n\n<h3 class=\"gb-headline gb-headline-ee9a326a gb-headline-text\">PASO 3:<\/h3>\n\n\n\n<h3 class=\"gb-headline gb-headline-8bdf70e5 gb-headline-text\">Revisa la Propuesta de Dise\u00f1o Web Tampa y Realiza el Pago Inicial<\/h3>\n\n\n\n<p>Te presentaremos una propuesta en la que se detallar\u00e1n los detalles de tu proyecto, los plazos, los resultados y los precios. Tras la aceptaci\u00f3n digital de la propuesta, env\u00eda un dep\u00f3sito del 50%, y nuestro experto equipo de dise\u00f1adores web de Tampa comenzar\u00e1 a trabajar en tu sitio web.<\/p>\n\n<\/div><\/div>\n\n<div class=\"gb-grid-column gb-grid-column-909ca2a7\"><div class=\"gb-container gb-container-909ca2a7\">\n\n<h3 class=\"gb-headline gb-headline-2ef9b336 gb-headline-text\">PASO 4:<\/h3>\n\n\n\n<h3 class=\"gb-headline gb-headline-8ea4cad3 gb-headline-text\">Aprobaci\u00f3n y pago final de tu proyecto de dise\u00f1o web en Tampa<\/h3>\n\n\n\n<p>Eval\u00faa detenidamente el sitio web y solicita las modificaciones necesarias. Cuando est\u00e9s satisfecho, env\u00eda el pago del 50% restante, y tu nuevo sitio web entrar\u00e1 en funcionamiento.<\/p>\n\n<\/div><\/div>\n<\/div>\n<\/div>\n<\/div>\n<\/div>","protected":false},"excerpt":{"rendered":"<p>Comienza tu viaje de dise\u00f1o web en Tampa con nosotros Servicios l\u00edderes de dise\u00f1o y desarrollo de sitios web en la Bah\u00eda de Tampa Sum\u00e9rgete en los mejores servicios de dise\u00f1o y desarrollo de sitios web para empresas de Tampa Bay y m\u00e1s all\u00e1. Nuestros experimentados profesionales de Tampa Bay Website Design se dedican a &#8230; <\/p>\n<p class=\"read-more-container\"><a title=\"Comienza tu viaje de dise\u00f1o web en Tampa con Tampa Bay Website Design\" class=\"read-more button\" href=\"https:\/\/www.tbwebsitedesign.com\/es\/comienza-tu-viaje-de-diseno-web-en-tampa-con-tampa-bay-website-design\/#more-12863\" aria-label=\"Leer m\u00e1s sobre Comienza tu viaje de dise\u00f1o web en Tampa con Tampa Bay Website Design\">Leer m\u00e1s<\/a><\/p>\n","protected":false},"author":1,"featured_media":0,"parent":0,"menu_order":0,"comment_status":"closed","ping_status":"closed","template":"","meta":{"_seopress_robots_primary_cat":"","_seopress_titles_title":"Empieza con un dise\u00f1ador web de Tampa | Tampa Bay Website Design","_seopress_titles_desc":"Empieza tu viaje con Tampa Bay Website Design, la mejor empresa de dise\u00f1o web de Tampa. Impulsa tu presencia en Internet y consigue un sitio web empresarial.","_seopress_robots_index":"","footnotes":""},"class_list":{"0":"post-12863","1":"page","2":"type-page","3":"status-publish","5":"infinite-scroll-item"},"_links":{"self":[{"href":"https:\/\/www.tbwebsitedesign.com\/es\/wp-json\/wp\/v2\/pages\/12863","targetHints":{"allow":["GET"]}}],"collection":[{"href":"https:\/\/www.tbwebsitedesign.com\/es\/wp-json\/wp\/v2\/pages"}],"about":[{"href":"https:\/\/www.tbwebsitedesign.com\/es\/wp-json\/wp\/v2\/types\/page"}],"author":[{"embeddable":true,"href":"https:\/\/www.tbwebsitedesign.com\/es\/wp-json\/wp\/v2\/users\/1"}],"replies":[{"embeddable":true,"href":"https:\/\/www.tbwebsitedesign.com\/es\/wp-json\/wp\/v2\/comments?post=12863"}],"version-history":[{"count":0,"href":"https:\/\/www.tbwebsitedesign.com\/es\/wp-json\/wp\/v2\/pages\/12863\/revisions"}],"wp:attachment":[{"href":"https:\/\/www.tbwebsitedesign.com\/es\/wp-json\/wp\/v2\/media?parent=12863"}],"curies":[{"name":"wp","href":"https:\/\/api.w.org\/{rel}","templated":true}]}}