{"id":12862,"date":"2024-01-09T19:41:04","date_gmt":"2024-01-10T00:41:04","guid":{"rendered":"https:\/\/www.tbwebsitedesign.com\/ponte-en-contacto-hoy-mismo-con-tampa-bay-website-design\/"},"modified":"2024-07-12T10:21:54","modified_gmt":"2024-07-12T14:21:54","slug":"ponte-en-contacto-hoy-mismo-con-tampa-bay-website-design","status":"publish","type":"page","link":"https:\/\/www.tbwebsitedesign.com\/es\/ponte-en-contacto-hoy-mismo-con-tampa-bay-website-design\/","title":{"rendered":"Ponte en contacto hoy mismo con Tampa Bay Website Design"},"content":{"rendered":"<div class=\"gb-container gb-container-6bff6dc5\">\n<div class=\"gb-container gb-container-e5987bb8\">\n<div class=\"gb-container gb-container-1441dfeb\">\n\n<h1 class=\"gb-headline gb-headline-1f9858a2 gb-headline-text\">Conecta con el equipo de dise\u00f1o web de Tampa Bay<\/h1>\n\n\n\n<p class=\"has-base-3-color has-text-color\">En Tampa Bay Website Design, nos dedicamos a ofrecer servicios expertos de dise\u00f1o y desarrollo de sitios web en Tampa, adaptados a las necesidades \u00fanicas de tu negocio. Nuestro equipo de profesionales experimentados se dedica a ayudarte a construir una presencia en l\u00ednea notable que refleje la identidad de tu marca e impulse los resultados.<\/p>\n\n<\/div>\n<\/div>\n<\/div><div class=\"gb-container gb-container-906045d0\">\n<div class=\"gb-container gb-container-ba6b213d\">\n\n<h2 class=\"gb-headline gb-headline-1f910d57 gb-headline-text\">Informaci\u00f3n de contacto<\/h2>\n\n\n\n<p class=\"has-accent-3-color has-text-color has-link-color wp-elements-0b077af7b2cea9d45403faf2c51174b4\"><a href=\"tel:7277777420\"><strong>Tel\u00e9fono: 727.777.7420  <\/strong><\/a><\/p>\n\n\n\n<p class=\"has-accent-3-color has-text-color has-link-color wp-elements-79275865a1bbb75986c10bd69fc2cf9a\"><a href=\"mailto:info@tbwebsitedesign.com\"><strong>Correo electr\u00f3nico: info@tbwebsitedesign.com<\/strong><\/a><\/p>\n\n<\/div>\n\n<div class=\"gb-container gb-container-17025c88\">\n\n<h2 class=\"gb-headline gb-headline-59b0cf19 gb-headline-text\">Direcci\u00f3n profesional<\/h2>\n\n\n\n<p class=\"has-accent-3-color has-text-color has-link-color wp-elements-f33f9e780d752dd4c16601bafded5866\"><a href=\"https:\/\/g.co\/kgs\/iZEWdrn\" data-type=\"link\" data-id=\"https:\/\/g.co\/kgs\/iZEWdrn\" target=\"_blank\" rel=\"noreferrer noopener\"><strong>600 1st Ave N STE 314<br\/>San Petersburgo, FL 33701<\/strong><\/a><\/p>\n\n<\/div>\n\n<div class=\"gb-container gb-container-9bc069e7\">\n\n<h2 class=\"gb-headline gb-headline-e89a35ee gb-headline-text\">Horario comercial<\/h2>\n\n\n\n<p>De lunes a viernes<\/p>\n\n\n\n<p><strong>S\u00f3lo con cita previa<\/strong><\/p>\n\n<\/div>\n<\/div><div class=\"gb-container gb-container-f7eecdb5\">\n<div class=\"gb-container gb-container-60ad3251\">\n\n<h2 class=\"gb-headline gb-headline-23fd6d0f\"><span class=\"gb-icon\"><svg xmlns=\"http:\/\/www.w3.org\/2000\/svg\" viewbox=\"0 0 8.145 54.189\"><path d=\"M4.262 40.052V0l-.439.438v39.613l.439.001zm-.439 3.853v9.845l.438.438.001-10.284-.439.001zm3.883-11.29v17.518l.439-.439V32.615h-.439zm0-8.273h.439V9.495l-.439-.439v15.286zM.439 21.074V4.056L0 4.495l.001 16.579h.438zm.001 6.274l-.439-.001v19.347l.439.439V27.348z\"><\/path><\/svg><\/span><span class=\"gb-headline-text\">Por favor, env\u00edanos una consulta, \u00a1y pongamos las cosas en marcha!  <\/span><\/h2>\n\n\n\n<div id=\"zf_div_9hY--_hyNq81ouDidZ7RBQvh6cbNhHlnkjTaqDEg5IM\"><\/div><script type=\"text\/javascript\">(function() {\ntry{\nvar f = document.createElement(\"iframe\");\nf.src = 'https:\/\/signup.tbwebsitedesign.com\/TampaBayWebsiteDesign\/form\/Signup\/formperma\/9hY--_hyNq81ouDidZ7RBQvh6cbNhHlnkjTaqDEg5IM?zf_rszfm=1';\nf.style.border=\"none\";\nf.style.height=\"1196px\";\nf.style.width=\"90%\";\nf.style.transition=\"all 0.5s ease\";\n\nvar d = document.getElementById(\"zf_div_9hY--_hyNq81ouDidZ7RBQvh6cbNhHlnkjTaqDEg5IM\");\nd.appendChild(f);\nwindow.addEventListener('message', function (){\nvar evntData = event.data;\nif( evntData && evntData.constructor == String ){\nvar zf_ifrm_data = evntData.split(\"|\");\nif ( zf_ifrm_data.length == 2 ) {\nvar zf_perma = zf_ifrm_data[0];\nvar zf_ifrm_ht_nw = ( parseInt(zf_ifrm_data[1], 10) + 15 ) + \"px\";\nvar iframe = document.getElementById(\"zf_div_9hY--_hyNq81ouDidZ7RBQvh6cbNhHlnkjTaqDEg5IM\").getElementsByTagName(\"iframe\")[0];\nif ( (iframe.src).indexOf('formperma') > 0 && (iframe.src).indexOf(zf_perma) > 0 ) {\nvar prevIframeHeight = iframe.style.height;\nif ( prevIframeHeight != zf_ifrm_ht_nw ) {\niframe.style.height = zf_ifrm_ht_nw;\n}\n}\n}\n}\n}, false);\n}catch(e){}\n})();<\/script>\n\n<\/div>\n<\/div>","protected":false},"excerpt":{"rendered":"<p>Conecta con el equipo de dise\u00f1o web de Tampa Bay En Tampa Bay Website Design, nos dedicamos a ofrecer servicios expertos de dise\u00f1o y desarrollo de sitios web en Tampa, adaptados a las necesidades \u00fanicas de tu negocio. Nuestro equipo de profesionales experimentados se dedica a ayudarte a construir una presencia en l\u00ednea notable que &#8230; <\/p>\n<p class=\"read-more-container\"><a title=\"Ponte en contacto hoy mismo con Tampa Bay Website Design\" class=\"read-more button\" href=\"https:\/\/www.tbwebsitedesign.com\/es\/ponte-en-contacto-hoy-mismo-con-tampa-bay-website-design\/#more-12862\" aria-label=\"Leer m\u00e1s sobre Ponte en contacto hoy mismo con Tampa Bay Website Design\">Leer m\u00e1s<\/a><\/p>\n","protected":false},"author":1,"featured_media":0,"parent":0,"menu_order":0,"comment_status":"closed","ping_status":"closed","template":"","meta":{"_seopress_robots_primary_cat":"","_seopress_titles_title":"Ac\u00e9rcate al dise\u00f1o web de Tampa Bay","_seopress_titles_desc":"Conecta con Tampa Bay Website Design para obtener servicios expertos de dise\u00f1o y desarrollo de sitios web en Tampa. Habla hoy de tu proyecto.","_seopress_robots_index":"","footnotes":""},"class_list":{"0":"post-12862","1":"page","2":"type-page","3":"status-publish","5":"infinite-scroll-item"},"_links":{"self":[{"href":"https:\/\/www.tbwebsitedesign.com\/es\/wp-json\/wp\/v2\/pages\/12862","targetHints":{"allow":["GET"]}}],"collection":[{"href":"https:\/\/www.tbwebsitedesign.com\/es\/wp-json\/wp\/v2\/pages"}],"about":[{"href":"https:\/\/www.tbwebsitedesign.com\/es\/wp-json\/wp\/v2\/types\/page"}],"author":[{"embeddable":true,"href":"https:\/\/www.tbwebsitedesign.com\/es\/wp-json\/wp\/v2\/users\/1"}],"replies":[{"embeddable":true,"href":"https:\/\/www.tbwebsitedesign.com\/es\/wp-json\/wp\/v2\/comments?post=12862"}],"version-history":[{"count":0,"href":"https:\/\/www.tbwebsitedesign.com\/es\/wp-json\/wp\/v2\/pages\/12862\/revisions"}],"wp:attachment":[{"href":"https:\/\/www.tbwebsitedesign.com\/es\/wp-json\/wp\/v2\/media?parent=12862"}],"curies":[{"name":"wp","href":"https:\/\/api.w.org\/{rel}","templated":true}]}}